{"id":45900,"date":"2023-10-18T22:34:21","date_gmt":"2023-10-18T14:34:21","guid":{"rendered":"https:\/\/gretasexylingerie.com\/?post_type=product&#038;p=45900"},"modified":"2023-12-09T15:54:31","modified_gmt":"2023-12-09T07:54:31","slug":"vente-en-gros-costume-de-femme-de-chambre-cosplay-halloween","status":"publish","type":"product","link":"https:\/\/gretasexylingerie.com\/fr\/products\/wholesale-halloween-cosplay-maid-suit\/","title":{"rendered":"Ensemble de costumes de demoiselle d&#039;honneur transparents pour Halloween, vente en gros, avec accessoires"},"content":{"rendered":"<ol class=\"wp-block-list\">\n<li>Charme Classic Maid\u00a0: Le th\u00e8me Sexy Maid capture l&#039;essence de l&#039;allure classique avec une touche sensuelle, ce qui en fait un choix captivant pour les amateurs d&#039;Halloween. Le design assure un attrait durable dans votre collection de vente au d\u00e9tail, invitant \u00e0 un r\u00e9cit de service et de s\u00e9duction.<\/li>\n\n\n\n<li>Design transparent en maille sensuelle : le design transparent en maille offre un look unique et captivant, ajoutant une touche de sensualit\u00e9 moderne au th\u00e8me intemporel de la femme de chambre. C&#039;est un excellent choix pour les d\u00e9taillants qui cherchent \u00e0 proposer une gamme vari\u00e9e de v\u00eatements imaginatifs.<\/li>\n\n\n\n<li>Ensemble de cosplay complet : du bandeau et de l&#039;ornement du cou au b\u00e2ton de plumes ludique et au pantalon string, chaque accessoire de cet ensemble a \u00e9t\u00e9 m\u00e9ticuleusement choisi pour rehausser l&#039;apparence g\u00e9n\u00e9rale, offrant aux clients une exp\u00e9rience de costume compl\u00e8te.<\/li>\n\n\n\n<li>Mat\u00e9riaux de haute qualit\u00e9 : fabriqu\u00e9 avec une attention aux d\u00e9tails, la maille de haute qualit\u00e9 assure un ajustement confortable et une finition \u00e9l\u00e9gante, distinguant ce costume et offrant une sensation luxueuse.<\/li>\n\n\n\n<li>Pr\u00eat pour la vente en gros\u00a0: Con\u00e7u pour la vente en gros, ce costume de femme de chambre sexy est pr\u00eat \u00e0 devenir l&#039;article le plus vendu de votre collection de vente au d\u00e9tail. C&#039;est plus qu&#039;un simple costume ; il incarne la fantaisie et l&#039;exploration ludique.<\/li>\n<\/ol>\n\n\n\n<p>D\u00e9veloppez votre collection de vente au d\u00e9tail avec notre costume de femme de chambre sexy en gros, un m\u00e9lange parfait de charme classique et de sensualit\u00e9 moderne. C&#039;est un choix id\u00e9al pour les d\u00e9taillants proposant une gamme de v\u00eatements diversifi\u00e9e et imaginative. Contactez-nous pour toute demande de renseignements sur les grossistes et insufflez une touche de service et d&#039;attrait \u00e0 votre assortiment cet Halloween.<\/p>","protected":false},"excerpt":{"rendered":"<p>Plongez dans un monde de charme avec notre costume de femme de chambre sexy en gros pour Halloween. Fabriqu\u00e9 avec un design en maille transparente, cet ensemble est associ\u00e9 \u00e0 une gamme d&#039;accessoires compl\u00e9mentaires. Un choix privil\u00e9gi\u00e9 pour les d\u00e9taillants souhaitant offrir un m\u00e9lange de charme classique et de sensualit\u00e9 contemporaine.<\/p>\n<p>https:\/\/youtube.com\/shorts\/zhmJ0CHsE6k<\/p>","protected":false},"featured_media":45909,"template":"","meta":[],"product_brand":[],"product_cat":[974],"product_tag":[980],"class_list":{"0":"post-45900","1":"product","2":"type-product","3":"status-publish","4":"has-post-thumbnail","6":"product_cat-wholesale-sexy-costumes","7":"product_tag-maid-costumes","8":"pa_color-black","9":"pa_size-free","11":"first","12":"instock","13":"taxable","14":"shipping-taxable","15":"purchasable","16":"product-type-variable"},"tiered_pricing_type":"fixed","tiered_pricing_fixed_rules":[],"tiered_pricing_product_settings":{"layout":"default","base_unit_name":{"singular":null,"plural":null},"default_variation":{}},"tiered_pricing_minimum_quantity":null,"tiered_pricing_roles_data":[],"tiered_pricing_percentage_rules":[],"tiered_pricing_maximum_quantity":null,"tiered_pricing_quantity_step":null,"_links":{"self":[{"href":"https:\/\/gretasexylingerie.com\/fr\/wp-json\/wp\/v2\/product\/45900","targetHints":{"allow":["GET"]}}],"collection":[{"href":"https:\/\/gretasexylingerie.com\/fr\/wp-json\/wp\/v2\/product"}],"about":[{"href":"https:\/\/gretasexylingerie.com\/fr\/wp-json\/wp\/v2\/types\/product"}],"wp:featuredmedia":[{"embeddable":true,"href":"https:\/\/gretasexylingerie.com\/fr\/wp-json\/wp\/v2\/media\/45909"}],"wp:attachment":[{"href":"https:\/\/gretasexylingerie.com\/fr\/wp-json\/wp\/v2\/media?parent=45900"}],"wp:term":[{"taxonomy":"product_brand","embeddable":true,"href":"https:\/\/gretasexylingerie.com\/fr\/wp-json\/wp\/v2\/product_brand?post=45900"},{"taxonomy":"product_cat","embeddable":true,"href":"https:\/\/gretasexylingerie.com\/fr\/wp-json\/wp\/v2\/product_cat?post=45900"},{"taxonomy":"product_tag","embeddable":true,"href":"https:\/\/gretasexylingerie.com\/fr\/wp-json\/wp\/v2\/product_tag?post=45900"}],"curies":[{"name":"wp","href":"https:\/\/api.w.org\/{rel}","templated":true}]}}