{"id":45897,"date":"2023-10-18T22:58:28","date_gmt":"2023-10-18T14:58:28","guid":{"rendered":"https:\/\/gretasexylingerie.com\/?post_type=product&#038;p=45897"},"modified":"2023-10-18T22:59:25","modified_gmt":"2023-10-18T14:59:25","slug":"vente-en-gros-costume-de-police-pour-halloween","status":"publish","type":"product","link":"https:\/\/gretasexylingerie.com\/fr\/products\/wholesale-police-costume-for-halloween\/","title":{"rendered":"Costume de police en gros pour Halloween avec accent m\u00e9tallique sur la poitrine"},"content":{"rendered":"<ol class=\"wp-block-list\">\n<li>Allure faisant autorit\u00e9\u00a0: le th\u00e8me Policewoman capture l&#039;essence de l&#039;autorit\u00e9 et de l&#039;allure, ce qui en fait un choix remarquable pour les passionn\u00e9s d&#039;Halloween. Le design assure un attrait durable dans votre collection de vente au d\u00e9tail, invitant \u00e0 un r\u00e9cit de contr\u00f4le et d&#039;exploration ludique.<\/li>\n\n\n\n<li>Accents m\u00e9talliques distinctifs de la poitrine : les accessoires m\u00e9talliques de la poitrine offrent une touche unique et captivante, ajoutant une touche de luxe et de d\u00e9tails au th\u00e8me classique de la polici\u00e8re. C&#039;est un excellent choix pour les d\u00e9taillants qui cherchent \u00e0 proposer une gamme vari\u00e9e de v\u00eatements imaginatifs.<\/li>\n\n\n\n<li>Ensemble complet d&#039;accessoires\u00a0: du chapeau et du pistolet de police aux gants et tongs \u00e9l\u00e9gants, chaque accessoire de cet ensemble a \u00e9t\u00e9 m\u00e9ticuleusement choisi pour compl\u00e9ter le look g\u00e9n\u00e9ral, offrant aux clients une exp\u00e9rience de costume compl\u00e8te.<\/li>\n\n\n\n<li>Artisanat de haute qualit\u00e9 : l&#039;attention port\u00e9e aux d\u00e9tails est \u00e9vidente dans tous les aspects de ce costume, de l&#039;utilisation de mat\u00e9riaux de haute qualit\u00e9 \u00e0 l&#039;inclusion d&#039;un \u00e9tui et de menottes, garantissant un ajustement confortable et une finition polie.<\/li>\n\n\n\n<li>Pr\u00eat pour la vente en gros\u00a0: Con\u00e7u pour la vente en gros, ce costume de polici\u00e8re est pr\u00eat \u00e0 devenir l&#039;article le plus vendu de votre collection de vente au d\u00e9tail. C&#039;est plus qu&#039;un simple costume ; il incarne la fantaisie et l\u2019exploration faisant autorit\u00e9.<\/li>\n<\/ol>\n\n\n\n<p>D\u00e9veloppez votre collection de vente au d\u00e9tail avec notre costume de polici\u00e8re en gros, un m\u00e9lange parfait de charme autoritaire et de festivit\u00e9s d&#039;Halloween. C&#039;est un choix id\u00e9al pour les d\u00e9taillants proposant une gamme de v\u00eatements diversifi\u00e9e et imaginative. Contactez-nous pour toute demande de renseignements en gros et apportez une touche de droit et d&#039;allure \u00e0 votre assortiment en cette p\u00e9riode des f\u00eates.<\/p>","protected":false},"excerpt":{"rendered":"<p>Entrez dans le r\u00f4le de l&#039;autorit\u00e9 avec notre costume de polici\u00e8re en gros pour Halloween. Cet ensemble est orn\u00e9 d&#039;accessoires m\u00e9talliques de coffre et d&#039;un ensemble complet d&#039;accessoires compl\u00e9mentaires. Un choix de premier ordre pour les d\u00e9taillants souhaitant offrir un m\u00e9lange d\u2019allure autoritaire et de sensualit\u00e9 festive.<\/p>","protected":false},"featured_media":45916,"template":"","meta":[],"product_brand":[],"product_cat":[974],"product_tag":[978],"class_list":{"0":"post-45897","1":"product","2":"type-product","3":"status-publish","4":"has-post-thumbnail","6":"product_cat-wholesale-sexy-costumes","7":"product_tag-policewoman-costume","8":"pa_color-black","9":"pa_size-free","11":"first","12":"instock","13":"taxable","14":"shipping-taxable","15":"purchasable","16":"product-type-variable"},"tiered_pricing_type":"fixed","tiered_pricing_fixed_rules":[],"tiered_pricing_product_settings":{"layout":"default","base_unit_name":{"singular":null,"plural":null},"default_variation":{}},"tiered_pricing_minimum_quantity":null,"tiered_pricing_roles_data":[],"tiered_pricing_percentage_rules":[],"tiered_pricing_maximum_quantity":null,"tiered_pricing_quantity_step":null,"_links":{"self":[{"href":"https:\/\/gretasexylingerie.com\/fr\/wp-json\/wp\/v2\/product\/45897","targetHints":{"allow":["GET"]}}],"collection":[{"href":"https:\/\/gretasexylingerie.com\/fr\/wp-json\/wp\/v2\/product"}],"about":[{"href":"https:\/\/gretasexylingerie.com\/fr\/wp-json\/wp\/v2\/types\/product"}],"wp:featuredmedia":[{"embeddable":true,"href":"https:\/\/gretasexylingerie.com\/fr\/wp-json\/wp\/v2\/media\/45916"}],"wp:attachment":[{"href":"https:\/\/gretasexylingerie.com\/fr\/wp-json\/wp\/v2\/media?parent=45897"}],"wp:term":[{"taxonomy":"product_brand","embeddable":true,"href":"https:\/\/gretasexylingerie.com\/fr\/wp-json\/wp\/v2\/product_brand?post=45897"},{"taxonomy":"product_cat","embeddable":true,"href":"https:\/\/gretasexylingerie.com\/fr\/wp-json\/wp\/v2\/product_cat?post=45897"},{"taxonomy":"product_tag","embeddable":true,"href":"https:\/\/gretasexylingerie.com\/fr\/wp-json\/wp\/v2\/product_tag?post=45897"}],"curies":[{"name":"wp","href":"https:\/\/api.w.org\/{rel}","templated":true}]}}