{"id":45878,"date":"2023-10-18T21:51:52","date_gmt":"2023-10-18T13:51:52","guid":{"rendered":"https:\/\/gretasexylingerie.com\/?post_type=product&#038;p=45878"},"modified":"2023-10-18T21:58:44","modified_gmt":"2023-10-18T13:58:44","slug":"vente-en-gros-tenue-dinfirmiere-sexy-blanche","status":"publish","type":"product","link":"https:\/\/gretasexylingerie.com\/fr\/products\/wholesale-white-sexy-nurse-outfit\/","title":{"rendered":"Tenue d&#039;infirmi\u00e8re sexy blanche en gros et ensemble de tentation d&#039;Halloween"},"content":{"rendered":"<ol class=\"wp-block-list\">\n<li>Allure m\u00e9dicale avec une touche sensuelle : Le th\u00e8me Sexy Nurse capture l&#039;essence de l&#039;allure m\u00e9dicale avec une touche sensuelle, ce qui en fait un choix captivant pour les amateurs d&#039;Halloween. Le design blanc immacul\u00e9 assure un attrait durable dans votre collection de vente au d\u00e9tail, invitant \u00e0 un r\u00e9cit de soin et de s\u00e9duction.<\/li>\n\n\n\n<li>Costume de tentation complet : du bandeau et de la ceinture aux s\u00e9duisants bas r\u00e9sille et anneaux de jambe, chaque accessoire de cet ensemble a \u00e9t\u00e9 m\u00e9ticuleusement choisi pour compl\u00e9ter le look g\u00e9n\u00e9ral, offrant aux clients une exp\u00e9rience de costume compl\u00e8te.<\/li>\n\n\n\n<li>Ensemble polyvalent : comprenant un haut, une jupe et des tongs ajoute de la profondeur \u00e0 l&#039;ensemble, distinguant ce costume et offrant de multiples options de style.<\/li>\n\n\n\n<li>Mat\u00e9riaux de haute qualit\u00e9 : fabriqu\u00e9s avec une attention aux d\u00e9tails, des mat\u00e9riaux de haute qualit\u00e9 garantissent un ajustement confortable et une finition \u00e9l\u00e9gante, distinguant ce costume et offrant une sensation luxueuse.<\/li>\n\n\n\n<li>Pr\u00eat pour la vente en gros\u00a0: Con\u00e7ue pour la vente en gros, cette tenue d&#039;infirmi\u00e8re sexy blanche est pr\u00eate \u00e0 devenir l&#039;article le plus vendu de votre collection de vente au d\u00e9tail. C&#039;est plus qu&#039;un simple costume ; il incarne la fantaisie et l&#039;exploration ludique.<\/li>\n<\/ol>\n\n\n\n<p>D\u00e9veloppez votre collection de vente au d\u00e9tail avec notre tenue d&#039;infirmi\u00e8re sexy blanche en gros, un m\u00e9lange parfait de charme m\u00e9dical et de sensualit\u00e9 moderne. C&#039;est un choix id\u00e9al pour les d\u00e9taillants proposant une gamme de v\u00eatements diversifi\u00e9e et imaginative. Contactez-nous pour toute demande de renseignements sur les grossistes et insufflez une dose de charme \u00e0 votre assortiment cet Halloween.<\/p>","protected":false},"excerpt":{"rendered":"<p>Plongez dans le monde du charme avec notre tenue d&#039;infirmi\u00e8re sexy blanche en gros pour Halloween. Ce costume tentation, accompagn\u00e9 d&#039;une gamme d&#039;accessoires, est un choix de premier ordre pour les d\u00e9taillants souhaitant allier charme m\u00e9dical et sensualit\u00e9 contemporaine.<\/p>","protected":false},"featured_media":45887,"template":"","meta":[],"product_brand":[],"product_cat":[974],"product_tag":[989],"class_list":{"0":"post-45878","1":"product","2":"type-product","3":"status-publish","4":"has-post-thumbnail","6":"product_cat-wholesale-sexy-costumes","7":"product_tag-nurse-costume","8":"pa_color-white","9":"pa_size-free","11":"first","12":"instock","13":"taxable","14":"shipping-taxable","15":"purchasable","16":"product-type-variable"},"tiered_pricing_type":"fixed","tiered_pricing_fixed_rules":[],"tiered_pricing_product_settings":{"layout":"default","base_unit_name":{"singular":null,"plural":null},"default_variation":{}},"tiered_pricing_minimum_quantity":null,"tiered_pricing_roles_data":[],"tiered_pricing_percentage_rules":[],"tiered_pricing_maximum_quantity":null,"tiered_pricing_quantity_step":null,"_links":{"self":[{"href":"https:\/\/gretasexylingerie.com\/fr\/wp-json\/wp\/v2\/product\/45878","targetHints":{"allow":["GET"]}}],"collection":[{"href":"https:\/\/gretasexylingerie.com\/fr\/wp-json\/wp\/v2\/product"}],"about":[{"href":"https:\/\/gretasexylingerie.com\/fr\/wp-json\/wp\/v2\/types\/product"}],"wp:featuredmedia":[{"embeddable":true,"href":"https:\/\/gretasexylingerie.com\/fr\/wp-json\/wp\/v2\/media\/45887"}],"wp:attachment":[{"href":"https:\/\/gretasexylingerie.com\/fr\/wp-json\/wp\/v2\/media?parent=45878"}],"wp:term":[{"taxonomy":"product_brand","embeddable":true,"href":"https:\/\/gretasexylingerie.com\/fr\/wp-json\/wp\/v2\/product_brand?post=45878"},{"taxonomy":"product_cat","embeddable":true,"href":"https:\/\/gretasexylingerie.com\/fr\/wp-json\/wp\/v2\/product_cat?post=45878"},{"taxonomy":"product_tag","embeddable":true,"href":"https:\/\/gretasexylingerie.com\/fr\/wp-json\/wp\/v2\/product_tag?post=45878"}],"curies":[{"name":"wp","href":"https:\/\/api.w.org\/{rel}","templated":true}]}}