{"id":45869,"date":"2023-10-18T21:32:50","date_gmt":"2023-10-18T13:32:50","guid":{"rendered":"https:\/\/gretasexylingerie.com\/?post_type=product&#038;p=45869"},"modified":"2023-10-18T21:34:00","modified_gmt":"2023-10-18T13:34:00","slug":"vente-en-gros-body-lapin-en-cuir-verni-avec-v-profond-zippe","status":"publish","type":"product","link":"https:\/\/gretasexylingerie.com\/fr\/products\/wholesale-patent-leather-bunny-bodysuit-with-zippered-deep-v\/","title":{"rendered":"Vente en gros Body lapin en cuir verni avec V profond zipp\u00e9"},"content":{"rendered":"<ol class=\"wp-block-list\">\n<li>Charme lapin ludique\u00a0: le th\u00e8me du body lapin capture une allure ludique. C\u2019est un choix remarquable pour ceux qui cherchent \u00e0 se lancer dans un royaume fantastique. Le design en cuir verni assure un attrait durable dans votre collection de vente au d\u00e9tail, invitant \u00e0 un r\u00e9cit de plaisir et de flirt.<\/li>\n\n\n\n<li>Sultry Zippered Deep V : Le design zipp\u00e9 en V profond offre un look unique et captivant, ajoutant une touche de sensualit\u00e9 au th\u00e8me ludique du lapin. C&#039;est un excellent choix pour les d\u00e9taillants qui cherchent \u00e0 proposer une gamme vari\u00e9e de v\u00eatements imaginatifs.<\/li>\n\n\n\n<li>Ensemble complet : associ\u00e9 \u00e0 un bandeau et une cravate en forme de lapin, cet ensemble offre aux clients un look complet, garantissant qu&#039;ils ont tout ce dont ils ont besoin pour une transformation compl\u00e8te en lapin.<\/li>\n\n\n\n<li>Cuir verni de haute qualit\u00e9 : le cuir verni ajoute une finition brillante et \u00e9l\u00e9gante au body, distinguant ce costume et offrant une sensation luxueuse.<\/li>\n\n\n\n<li>Pr\u00eat pour la vente en gros : con\u00e7u pour la vente en gros, ce body lapin en cuir verni est pr\u00eat \u00e0 devenir l&#039;article le plus vendu de votre collection de vente au d\u00e9tail. C&#039;est plus qu&#039;un simple costume ; c&#039;est une invitation \u00e0 un royaume de fantaisie et d&#039;exploration ludique.<\/li>\n<\/ol>\n\n\n\n<p>D\u00e9veloppez votre collection de vente au d\u00e9tail avec notre body lapin en cuir verni en gros, un m\u00e9lange parfait de charme ludique et de sensualit\u00e9 moderne. C&#039;est un choix id\u00e9al pour les d\u00e9taillants proposant une gamme de v\u00eatements diversifi\u00e9e et imaginative. Contactez-nous pour toute demande de renseignements sur les grossistes et ajoutez une touche de houblon et d&#039;allure \u00e0 votre assortiment.<\/p>","protected":false},"excerpt":{"rendered":"<p>Adoptez l&#039;allure avec notre body lapin en cuir verni en gros. Dot\u00e9 d&#039;un design en V profond \u00e0 fermeture \u00e9clair, cet ensemble est compl\u00e9t\u00e9 par un bandeau en forme de lapin et une cravate. Une s\u00e9lection privil\u00e9gi\u00e9e pour les enseignes souhaitant proposer un m\u00e9lange de charme ludique et de sensualit\u00e9 contemporaine.<\/p>","protected":false},"featured_media":45876,"template":"","meta":[],"product_brand":[],"product_cat":[974],"product_tag":[1001],"class_list":{"0":"post-45869","1":"product","2":"type-product","3":"status-publish","4":"has-post-thumbnail","6":"product_cat-wholesale-sexy-costumes","7":"product_tag-bunny-costumes","8":"pa_color-black","9":"pa_size-free","11":"first","12":"instock","13":"taxable","14":"shipping-taxable","15":"purchasable","16":"product-type-variable"},"tiered_pricing_type":"fixed","tiered_pricing_fixed_rules":[],"tiered_pricing_product_settings":{"layout":"default","base_unit_name":{"singular":null,"plural":null},"default_variation":{}},"tiered_pricing_minimum_quantity":null,"tiered_pricing_roles_data":[],"tiered_pricing_percentage_rules":[],"tiered_pricing_maximum_quantity":null,"tiered_pricing_quantity_step":null,"_links":{"self":[{"href":"https:\/\/gretasexylingerie.com\/fr\/wp-json\/wp\/v2\/product\/45869","targetHints":{"allow":["GET"]}}],"collection":[{"href":"https:\/\/gretasexylingerie.com\/fr\/wp-json\/wp\/v2\/product"}],"about":[{"href":"https:\/\/gretasexylingerie.com\/fr\/wp-json\/wp\/v2\/types\/product"}],"wp:featuredmedia":[{"embeddable":true,"href":"https:\/\/gretasexylingerie.com\/fr\/wp-json\/wp\/v2\/media\/45876"}],"wp:attachment":[{"href":"https:\/\/gretasexylingerie.com\/fr\/wp-json\/wp\/v2\/media?parent=45869"}],"wp:term":[{"taxonomy":"product_brand","embeddable":true,"href":"https:\/\/gretasexylingerie.com\/fr\/wp-json\/wp\/v2\/product_brand?post=45869"},{"taxonomy":"product_cat","embeddable":true,"href":"https:\/\/gretasexylingerie.com\/fr\/wp-json\/wp\/v2\/product_cat?post=45869"},{"taxonomy":"product_tag","embeddable":true,"href":"https:\/\/gretasexylingerie.com\/fr\/wp-json\/wp\/v2\/product_tag?post=45869"}],"curies":[{"name":"wp","href":"https:\/\/api.w.org\/{rel}","templated":true}]}}