{"id":45860,"date":"2023-10-18T21:12:45","date_gmt":"2023-10-18T13:12:45","guid":{"rendered":"https:\/\/gretasexylingerie.com\/?post_type=product&#038;p=45860"},"modified":"2023-10-18T21:14:01","modified_gmt":"2023-10-18T13:14:01","slug":"vente-en-gros-tentation-dun-costume-de-police-avec-des-manches-en-maille-profonde-en-v","status":"publish","type":"product","link":"https:\/\/gretasexylingerie.com\/fr\/products\/wholesale-temptation-of-police-suit-with-deep-v-mesh-sleeves\/","title":{"rendered":"Tentation en gros de costume de police avec des manches en V profond et en maille"},"content":{"rendered":"<ol class=\"wp-block-list\">\n<li>Allure autoritaire\u00a0: Le th\u00e8me Policewoman capture une allure autoritaire, ce qui en fait un choix remarquable pour ceux qui cherchent \u00e0 incarner le pouvoir et la s\u00e9duction. Le design assure un attrait durable dans votre collection de vente au d\u00e9tail, invitant \u00e0 un r\u00e9cit de contr\u00f4le et d&#039;exploration ludique.<\/li>\n\n\n\n<li>Sensual Deep V &amp; Mesh Sleeves : La poitrine en V profond combin\u00e9e aux manches longues en maille transparente offre un look unique et captivant. C&#039;est un excellent choix pour les d\u00e9taillants qui cherchent \u00e0 proposer une gamme vari\u00e9e de v\u00eatements imaginatifs.<\/li>\n\n\n\n<li>Ensemble complet d&#039;accessoires : du chapeau de police et des menottes aux lunettes de soleil et gants \u00e9l\u00e9gants, chaque accessoire de cet ensemble a \u00e9t\u00e9 m\u00e9ticuleusement choisi pour rehausser l&#039;apparence g\u00e9n\u00e9rale, offrant aux clients une exp\u00e9rience de costume compl\u00e8te.<\/li>\n\n\n\n<li>Ensemble polyvalent : l&#039;inclusion d&#039;un pistolet jouet et de bas r\u00e9sille ajoute de la profondeur \u00e0 l&#039;ensemble, distinguant ce costume et offrant de multiples options de style.<\/li>\n\n\n\n<li>Pr\u00eat pour la vente en gros\u00a0: Con\u00e7u pour la vente en gros, cet uniforme de tentation de polici\u00e8re est pr\u00eat \u00e0 devenir l&#039;article le plus vendu de votre collection de vente au d\u00e9tail. C&#039;est plus qu&#039;un simple costume ; il incarne la fantaisie et l&#039;exploration ludique.<\/li>\n<\/ol>\n\n\n\n<p>D\u00e9veloppez votre collection de vente au d\u00e9tail avec notre vente en gros Temptation of Policewoman Uniform, un m\u00e9lange parfait de charme autoritaire et de sensualit\u00e9 moderne. C&#039;est un choix id\u00e9al pour les d\u00e9taillants proposant une gamme de v\u00eatements diversifi\u00e9e et imaginative. Contactez-nous pour des demandes de renseignements en gros et apportez une touche de droit et d&#039;allure \u00e0 votre assortiment.<\/p>","protected":false},"excerpt":{"rendered":"<p>Attirez l\u2019attention avec notre vente en gros d\u2019uniforme de polici\u00e8re Tentation. Ce costume d&#039;officier f\u00e9minin pr\u00e9sente une poitrine en V profond et des manches longues en maille transparente. Associ\u00e9 \u00e0 divers accessoires, c&#039;est un choix de choix pour les d\u00e9taillants souhaitant offrir un m\u00e9lange d&#039;allure autoritaire et de sensualit\u00e9 moderne.<\/p>","protected":false},"featured_media":45864,"template":"","meta":[],"product_brand":[],"product_cat":[974],"product_tag":[978],"class_list":{"0":"post-45860","1":"product","2":"type-product","3":"status-publish","4":"has-post-thumbnail","6":"product_cat-wholesale-sexy-costumes","7":"product_tag-policewoman-costume","8":"pa_color-sea-green-women-sexy-lingerie","9":"pa_size-free","11":"first","12":"instock","13":"taxable","14":"shipping-taxable","15":"purchasable","16":"product-type-variable"},"tiered_pricing_type":"fixed","tiered_pricing_fixed_rules":[],"tiered_pricing_product_settings":{"layout":"default","base_unit_name":{"singular":null,"plural":null},"default_variation":{}},"tiered_pricing_minimum_quantity":null,"tiered_pricing_roles_data":[],"tiered_pricing_percentage_rules":[],"tiered_pricing_maximum_quantity":null,"tiered_pricing_quantity_step":null,"_links":{"self":[{"href":"https:\/\/gretasexylingerie.com\/fr\/wp-json\/wp\/v2\/product\/45860","targetHints":{"allow":["GET"]}}],"collection":[{"href":"https:\/\/gretasexylingerie.com\/fr\/wp-json\/wp\/v2\/product"}],"about":[{"href":"https:\/\/gretasexylingerie.com\/fr\/wp-json\/wp\/v2\/types\/product"}],"wp:featuredmedia":[{"embeddable":true,"href":"https:\/\/gretasexylingerie.com\/fr\/wp-json\/wp\/v2\/media\/45864"}],"wp:attachment":[{"href":"https:\/\/gretasexylingerie.com\/fr\/wp-json\/wp\/v2\/media?parent=45860"}],"wp:term":[{"taxonomy":"product_brand","embeddable":true,"href":"https:\/\/gretasexylingerie.com\/fr\/wp-json\/wp\/v2\/product_brand?post=45860"},{"taxonomy":"product_cat","embeddable":true,"href":"https:\/\/gretasexylingerie.com\/fr\/wp-json\/wp\/v2\/product_cat?post=45860"},{"taxonomy":"product_tag","embeddable":true,"href":"https:\/\/gretasexylingerie.com\/fr\/wp-json\/wp\/v2\/product_tag?post=45860"}],"curies":[{"name":"wp","href":"https:\/\/api.w.org\/{rel}","templated":true}]}}