{"id":45841,"date":"2023-10-18T00:35:59","date_gmt":"2023-10-17T16:35:59","guid":{"rendered":"https:\/\/gretasexylingerie.com\/?post_type=product&#038;p=45841"},"modified":"2023-10-18T00:37:10","modified_gmt":"2023-10-17T16:37:10","slug":"vente-en-gros-body-dhalloween-policiere-sexy-avec-ensemble-daccessoires","status":"publish","type":"product","link":"https:\/\/gretasexylingerie.com\/fr\/products\/wholesale-sexy-policewoman-halloween-bodysuit-with-accessory-set\/","title":{"rendered":"Body d&#039;Halloween pour polici\u00e8re sexy en gros avec ensemble d&#039;accessoires"},"content":{"rendered":"<ol class=\"wp-block-list\">\n<li>Charme autoritaire\u00a0: Le th\u00e8me Sexy Policewoman capture une allure autoritaire, ce qui en fait un choix remarquable pour ceux qui recherchent l&#039;attention. Le design assure un attrait durable dans votre collection de vente au d\u00e9tail, invitant \u00e0 un r\u00e9cit de puissance et d&#039;exploration ludique.<\/li>\n\n\n\n<li>Conception d\u00e9taill\u00e9e du body : le body \u00e0 manches longues avec une fermeture \u00e9clair en V profond offre un look unique et captivant. C&#039;est un excellent choix pour les d\u00e9taillants qui cherchent \u00e0 proposer une gamme vari\u00e9e de v\u00eatements imaginatifs.<\/li>\n\n\n\n<li>Ensemble complet d&#039;accessoires : du chapeau de police et des menottes aux lunettes de soleil \u00e9l\u00e9gantes et aux bas r\u00e9sille, chaque accessoire de cet ensemble a \u00e9t\u00e9 m\u00e9ticuleusement choisi pour rehausser l&#039;apparence g\u00e9n\u00e9rale, offrant aux clients une exp\u00e9rience de costume compl\u00e8te.<\/li>\n\n\n\n<li>Ensemble polyvalent : les bretelles de ceinture ajoutent une touche de polyvalence \u00e0 l&#039;ensemble, distinguant ce costume et offrant de multiples options de style.<\/li>\n\n\n\n<li>Pr\u00eat pour la vente en gros\u00a0: Con\u00e7u pour la vente en gros, cet uniforme de polici\u00e8re sexy est pr\u00eat \u00e0 devenir l&#039;article le plus vendu de votre collection de vente au d\u00e9tail. C&#039;est plus qu&#039;un simple costume ; il incarne la fantaisie et l&#039;exploration ludique.<\/li>\n<\/ol>\n\n\n\n<p>D\u00e9veloppez votre collection de vente au d\u00e9tail avec notre uniforme de polici\u00e8re sexy en gros, un m\u00e9lange parfait de charme autoritaire et de sensualit\u00e9 moderne. C&#039;est un choix id\u00e9al pour les d\u00e9taillants proposant une gamme de v\u00eatements diversifi\u00e9e et imaginative. Contactez-nous pour toute demande de renseignements sur les grossistes et apportez une touche de droit et d&#039;allure \u00e0 votre assortiment cet Halloween.<\/p>","protected":false},"excerpt":{"rendered":"<p>Renforcez votre allure avec notre uniforme de polici\u00e8re sexy en gros pour Halloween. Cet ensemble body \u00e0 manches longues et fermeture \u00e9clair en V profond est livr\u00e9 avec divers accessoires, d&#039;un chapeau de police aux menottes. Une s\u00e9lection privil\u00e9gi\u00e9e pour les enseignes souhaitant offrir un m\u00e9lange de charme autoritaire et de sensualit\u00e9 contemporaine.<\/p>","protected":false},"featured_media":45846,"template":"","meta":[],"product_brand":[],"product_cat":[974],"product_tag":[978],"class_list":{"0":"post-45841","1":"product","2":"type-product","3":"status-publish","4":"has-post-thumbnail","6":"product_cat-wholesale-sexy-costumes","7":"product_tag-policewoman-costume","8":"pa_color-black","9":"pa_size-free","11":"first","12":"instock","13":"taxable","14":"shipping-taxable","15":"purchasable","16":"product-type-variable"},"tiered_pricing_type":"fixed","tiered_pricing_fixed_rules":[],"tiered_pricing_product_settings":{"layout":"default","base_unit_name":{"singular":null,"plural":null},"default_variation":{}},"tiered_pricing_minimum_quantity":null,"tiered_pricing_roles_data":[],"tiered_pricing_percentage_rules":[],"tiered_pricing_maximum_quantity":null,"tiered_pricing_quantity_step":null,"_links":{"self":[{"href":"https:\/\/gretasexylingerie.com\/fr\/wp-json\/wp\/v2\/product\/45841","targetHints":{"allow":["GET"]}}],"collection":[{"href":"https:\/\/gretasexylingerie.com\/fr\/wp-json\/wp\/v2\/product"}],"about":[{"href":"https:\/\/gretasexylingerie.com\/fr\/wp-json\/wp\/v2\/types\/product"}],"wp:featuredmedia":[{"embeddable":true,"href":"https:\/\/gretasexylingerie.com\/fr\/wp-json\/wp\/v2\/media\/45846"}],"wp:attachment":[{"href":"https:\/\/gretasexylingerie.com\/fr\/wp-json\/wp\/v2\/media?parent=45841"}],"wp:term":[{"taxonomy":"product_brand","embeddable":true,"href":"https:\/\/gretasexylingerie.com\/fr\/wp-json\/wp\/v2\/product_brand?post=45841"},{"taxonomy":"product_cat","embeddable":true,"href":"https:\/\/gretasexylingerie.com\/fr\/wp-json\/wp\/v2\/product_cat?post=45841"},{"taxonomy":"product_tag","embeddable":true,"href":"https:\/\/gretasexylingerie.com\/fr\/wp-json\/wp\/v2\/product_tag?post=45841"}],"curies":[{"name":"wp","href":"https:\/\/api.w.org\/{rel}","templated":true}]}}