{"id":45826,"date":"2023-10-18T00:16:08","date_gmt":"2023-10-17T16:16:08","guid":{"rendered":"https:\/\/gretasexylingerie.com\/?post_type=product&#038;p=45826"},"modified":"2023-11-14T20:52:11","modified_gmt":"2023-11-14T12:52:11","slug":"costume-dinfirmiere-sexy-en-gros-pour-halloween-avec-un-ensemble-daccessoires-complet","status":"publish","type":"product","link":"https:\/\/gretasexylingerie.com\/fr\/products\/wholesale-sexy-nurse-costume-for-halloween-with-complete-accessory-set\/","title":{"rendered":"Costume d&#039;infirmi\u00e8re sexy en gros pour Halloween avec ensemble complet d&#039;accessoires"},"content":{"rendered":"<ol class=\"wp-block-list\">\n<li>Charme m\u00e9dical avec une touche sensuelle : Le th\u00e8me Sexy Nurse capture une allure m\u00e9dicale avec une touche sensuelle, ce qui en fait un choix captivant pour les amateurs d&#039;Halloween. Les options bicolores garantissent la polyvalence et un attrait durable dans votre collection de vente au d\u00e9tail.<\/li>\n\n\n\n<li>Ensemble complet d&#039;accessoires : du bandeau et de l&#039;\u00e9couteur aux s\u00e9duisants bas et gants en r\u00e9sille, chaque accessoire de cet ensemble a \u00e9t\u00e9 m\u00e9ticuleusement choisi pour rehausser l&#039;apparence g\u00e9n\u00e9rale, offrant aux clients une exp\u00e9rience de costume compl\u00e8te.<\/li>\n\n\n\n<li>Options de couleurs polyvalentes\u00a0: les clients peuvent choisir leur style pr\u00e9f\u00e9r\u00e9 avec des options en noir et blanc, garantissant ainsi un attrait plus large et un potentiel de vente au d\u00e9tail accru.<\/li>\n\n\n\n<li>Ensemble d\u00e9taill\u00e9 : comprenant des jarreti\u00e8res, des tongs et une ceinture ajoute de la profondeur \u00e0 l&#039;ensemble, distinguant ce costume et offrant de multiples options de style.<\/li>\n\n\n\n<li>Pr\u00eat pour la vente en gros\u00a0: Con\u00e7u pour la vente en gros, ce costume d&#039;infirmi\u00e8re sexy est pr\u00eat \u00e0 devenir l&#039;article le plus vendu de votre collection de vente au d\u00e9tail. C&#039;est plus qu&#039;un simple costume ; il incarne la fantaisie et l&#039;exploration ludique.<\/li>\n<\/ol>\n\n\n\n<p>D\u00e9veloppez votre collection de vente au d\u00e9tail avec notre costume d&#039;infirmi\u00e8re sexy en gros, un m\u00e9lange parfait de charme m\u00e9dical et de sensualit\u00e9 moderne. C&#039;est un choix id\u00e9al pour les d\u00e9taillants proposant une gamme de v\u00eatements diversifi\u00e9e et imaginative. Contactez-nous pour toute demande de renseignements sur les grossistes et insufflez une dose de charme \u00e0 votre assortiment cet Halloween.<\/p>\n\n\n\n<figure class=\"wp-block-embed is-type-video is-provider-youtube wp-block-embed-youtube wp-embed-aspect-4-3 wp-has-aspect-ratio\"><div class=\"wp-block-embed__wrapper\">\n<div class=\"video-container\"><iframe title=\"Costume d&#039;infirmi\u00e8re sexy en gros pour Halloween avec ensemble complet d&#039;accessoires\" width=\"1170\" height=\"878\" src=\"https:\/\/www.youtube.com\/embed\/-IC-flWHxrg?feature=oembed\" frameborder=\"0\" allow=\"accelerometer; autoplay; clipboard-write; encrypted-media; gyroscope; picture-in-picture; web-share\" allowfullscreen><\/iframe><\/div>\n<\/div><\/figure>","protected":false},"excerpt":{"rendered":"<p>Ravivez l&#039;allure avec notre costume d&#039;infirmi\u00e8re sexy en gros pour Halloween. Disponible en noir et blanc, cet ensemble comprend une jupe branch\u00e9e, un soutien-gorge et une pl\u00e9thore d&#039;accessoires. Une s\u00e9lection de choix pour les enseignes souhaitant offrir un m\u00e9lange de charme m\u00e9dical et de sensualit\u00e9 contemporaine.<\/p>\n<p><iframe width=\"840\" height=\"630\" src=\"https:\/\/www.youtube.com\/embed\/-IC-flWHxrg\" title=\"Costume d&#039;infirmi\u00e8re sexy en gros pour Halloween avec ensemble complet d&#039;accessoires\" frameborder=\"0\" allow=\"accelerometer; autoplay; clipboard-write; encrypted-media; gyroscope; picture-in-picture; web-share\" allowfullscreen><\/iframe><\/p>","protected":false},"featured_media":45837,"template":"","meta":[],"product_brand":[],"product_cat":[974],"product_tag":[984,989],"class_list":{"0":"post-45826","1":"product","2":"type-product","3":"status-publish","4":"has-post-thumbnail","6":"product_cat-wholesale-sexy-costumes","7":"product_tag-halloween-costumes","8":"product_tag-nurse-costume","9":"pa_color-black","10":"pa_color-white","11":"pa_size-free","13":"first","14":"instock","15":"taxable","16":"shipping-taxable","17":"purchasable","18":"product-type-variable"},"tiered_pricing_type":"fixed","tiered_pricing_fixed_rules":[],"tiered_pricing_product_settings":{"layout":"default","base_unit_name":{"singular":null,"plural":null},"default_variation":{}},"tiered_pricing_minimum_quantity":null,"tiered_pricing_roles_data":[],"tiered_pricing_percentage_rules":[],"tiered_pricing_maximum_quantity":null,"tiered_pricing_quantity_step":null,"_links":{"self":[{"href":"https:\/\/gretasexylingerie.com\/fr\/wp-json\/wp\/v2\/product\/45826","targetHints":{"allow":["GET"]}}],"collection":[{"href":"https:\/\/gretasexylingerie.com\/fr\/wp-json\/wp\/v2\/product"}],"about":[{"href":"https:\/\/gretasexylingerie.com\/fr\/wp-json\/wp\/v2\/types\/product"}],"wp:featuredmedia":[{"embeddable":true,"href":"https:\/\/gretasexylingerie.com\/fr\/wp-json\/wp\/v2\/media\/45837"}],"wp:attachment":[{"href":"https:\/\/gretasexylingerie.com\/fr\/wp-json\/wp\/v2\/media?parent=45826"}],"wp:term":[{"taxonomy":"product_brand","embeddable":true,"href":"https:\/\/gretasexylingerie.com\/fr\/wp-json\/wp\/v2\/product_brand?post=45826"},{"taxonomy":"product_cat","embeddable":true,"href":"https:\/\/gretasexylingerie.com\/fr\/wp-json\/wp\/v2\/product_cat?post=45826"},{"taxonomy":"product_tag","embeddable":true,"href":"https:\/\/gretasexylingerie.com\/fr\/wp-json\/wp\/v2\/product_tag?post=45826"}],"curies":[{"name":"wp","href":"https:\/\/api.w.org\/{rel}","templated":true}]}}