{"id":45816,"date":"2023-10-17T23:57:27","date_gmt":"2023-10-17T15:57:27","guid":{"rendered":"https:\/\/gretasexylingerie.com\/?post_type=product&#038;p=45816"},"modified":"2023-10-17T23:59:19","modified_gmt":"2023-10-17T15:59:19","slug":"vente-en-gros-uniforme-dhalloween-avec-ensemble-de-soutien-gorge-transparent","status":"publish","type":"product","link":"https:\/\/gretasexylingerie.com\/fr\/products\/wholesale-halloween-cos-uniform-with-see-through-bra-ensemble\/","title":{"rendered":"Uniforme d&#039;Halloween en gros avec ensemble de soutien-gorge transparent"},"content":{"rendered":"<ol class=\"wp-block-list\">\n<li>Charme myst\u00e9rieux\u00a0: Le th\u00e8me Halloween Cos capture une allure myst\u00e9rieuse, ce qui en fait un choix remarquable pour ceux qui cherchent \u00e0 embrasser l&#039;esprit d&#039;Halloween. Le design assure un attrait durable dans votre collection de vente au d\u00e9tail, invitant \u00e0 un r\u00e9cit d&#039;intrigue et d&#039;exploration ludique.<\/li>\n\n\n\n<li>Soutien-gorge transparent sensuel : Le design du soutien-gorge transparent ajoute une touche de sensualit\u00e9, offrant un look unique et captivant. C&#039;est un excellent choix pour les d\u00e9taillants qui cherchent \u00e0 proposer une gamme vari\u00e9e de v\u00eatements imaginatifs.<\/li>\n\n\n\n<li>Ensemble complet : chaque pi\u00e8ce de cet ensemble a \u00e9t\u00e9 m\u00e9ticuleusement con\u00e7ue pour compl\u00e9ter le look g\u00e9n\u00e9ral, des bas r\u00e9sille au fouet en cuir d\u00e9terminant. L&#039;ensemble garantit aux clients d&#039;avoir tout ce dont ils ont besoin pour un look d&#039;Halloween complet.<\/li>\n\n\n\n<li>Accessoires polyvalents\u00a0: des jarreti\u00e8res rouges et un fouet en cuir ajoutent une touche de nervosit\u00e9 \u00e0 l&#039;ensemble, distinguant ce costume et offrant de multiples options de style.<\/li>\n\n\n\n<li>Pr\u00eat pour la vente en gros\u00a0: en mettant l&#039;accent sur la vente en gros, cet uniforme d&#039;Halloween est pr\u00eat \u00e0 devenir un article tr\u00e8s vendu dans votre collection de vente au d\u00e9tail. C&#039;est plus qu&#039;un simple costume ; c&#039;est une invitation \u00e0 un royaume de fantaisie et d&#039;exploration ludique.<\/li>\n<\/ol>\n\n\n\n<p>D\u00e9veloppez votre collection de vente au d\u00e9tail avec notre uniforme d&#039;Halloween en gros, un m\u00e9lange parfait de charme myst\u00e9rieux et d&#039;\u00e9l\u00e9gance moderne. C&#039;est un choix id\u00e9al pour les d\u00e9taillants proposant une gamme de v\u00eatements diversifi\u00e9e et imaginative. Contactez-nous pour toute demande de vente en gros et ajoutez une touche d&#039;\u00e9l\u00e9gance \u00e9nigmatique \u00e0 votre assortiment cet Halloween.<\/p>","protected":false},"excerpt":{"rendered":"<p>Entrez dans un royaume de charme avec notre uniforme d&#039;Halloween en gros. Cet ensemble, compos\u00e9 d&#039;un soutien-gorge transparent, est compl\u00e9t\u00e9 par un haut, une jupe, un T-pantalon, des bas r\u00e9sille, des jarretelles rouges et un fouet en cuir. Une s\u00e9lection de choix pour les enseignes souhaitant offrir un m\u00e9lange de charme myst\u00e9rieux et de sensualit\u00e9 contemporaine.<\/p>","protected":false},"featured_media":45821,"template":"","meta":[],"product_brand":[],"product_cat":[974],"product_tag":[984],"class_list":{"0":"post-45816","1":"product","2":"type-product","3":"status-publish","4":"has-post-thumbnail","6":"product_cat-wholesale-sexy-costumes","7":"product_tag-halloween-costumes","8":"pa_color-red-women-sexy-lingerie","9":"pa_size-free","11":"first","12":"instock","13":"taxable","14":"shipping-taxable","15":"purchasable","16":"product-type-variable"},"tiered_pricing_type":"fixed","tiered_pricing_fixed_rules":[],"tiered_pricing_product_settings":{"layout":"default","base_unit_name":{"singular":null,"plural":null},"default_variation":{}},"tiered_pricing_minimum_quantity":null,"tiered_pricing_roles_data":[],"tiered_pricing_percentage_rules":[],"tiered_pricing_maximum_quantity":null,"tiered_pricing_quantity_step":null,"_links":{"self":[{"href":"https:\/\/gretasexylingerie.com\/fr\/wp-json\/wp\/v2\/product\/45816","targetHints":{"allow":["GET"]}}],"collection":[{"href":"https:\/\/gretasexylingerie.com\/fr\/wp-json\/wp\/v2\/product"}],"about":[{"href":"https:\/\/gretasexylingerie.com\/fr\/wp-json\/wp\/v2\/types\/product"}],"wp:featuredmedia":[{"embeddable":true,"href":"https:\/\/gretasexylingerie.com\/fr\/wp-json\/wp\/v2\/media\/45821"}],"wp:attachment":[{"href":"https:\/\/gretasexylingerie.com\/fr\/wp-json\/wp\/v2\/media?parent=45816"}],"wp:term":[{"taxonomy":"product_brand","embeddable":true,"href":"https:\/\/gretasexylingerie.com\/fr\/wp-json\/wp\/v2\/product_brand?post=45816"},{"taxonomy":"product_cat","embeddable":true,"href":"https:\/\/gretasexylingerie.com\/fr\/wp-json\/wp\/v2\/product_cat?post=45816"},{"taxonomy":"product_tag","embeddable":true,"href":"https:\/\/gretasexylingerie.com\/fr\/wp-json\/wp\/v2\/product_tag?post=45816"}],"curies":[{"name":"wp","href":"https:\/\/api.w.org\/{rel}","templated":true}]}}