{"id":45806,"date":"2023-10-17T23:33:14","date_gmt":"2023-10-17T15:33:14","guid":{"rendered":"https:\/\/gretasexylingerie.com\/?post_type=product&#038;p=45806"},"modified":"2023-10-17T23:34:29","modified_gmt":"2023-10-17T15:34:29","slug":"vente-en-gros-costume-de-nonne-sexy-halloween-avec-un-design-de-soutien-gorge-ouvert","status":"publish","type":"product","link":"https:\/\/gretasexylingerie.com\/fr\/products\/wholesale-halloween-sexy-nun-costume-with-open-bra-design\/","title":{"rendered":"Costume de nonne sexy d&#039;Halloween en gros avec un design de soutien-gorge ouvert"},"content":{"rendered":"<ol class=\"wp-block-list\">\n<li>Allure sacr\u00e9e\u00a0: Le th\u00e8me de la nonne capture une allure sacr\u00e9e, ce qui en fait un choix unique pour ceux qui recherchent un m\u00e9lange de r\u00e9v\u00e9rence et de sensualit\u00e9. Le design assure un attrait durable dans votre collection de vente au d\u00e9tail, invitant \u00e0 un r\u00e9cit de fantaisie divine et d&#039;exploration ludique.<\/li>\n\n\n\n<li>Design de soutien-gorge ouvert sensuel : le design du soutien-gorge ouvert ajoute une touche moderne au th\u00e8me traditionnel de la nonne, offrant un look unique et captivant. C&#039;est un excellent choix pour les d\u00e9taillants qui cherchent \u00e0 proposer une gamme vari\u00e9e de v\u00eatements imaginatifs.<\/li>\n\n\n\n<li>Ensemble complet : chaque pi\u00e8ce de cet ensemble a \u00e9t\u00e9 m\u00e9ticuleusement con\u00e7ue pour compl\u00e9ter le look g\u00e9n\u00e9ral, du voile modeste aux manches d\u00e9terminantes. L&#039;ensemble garantit aux clients d&#039;avoir tout ce dont ils ont besoin pour un look sacr\u00e9.<\/li>\n\n\n\n<li>Pr\u00eat pour Halloween\u00a0: Con\u00e7u sp\u00e9cifiquement pour le cosplay d&#039;Halloween, ce costume de nonne sexy invite les consommateurs finaux \u00e0 se plonger dans leurs fantasmes. C&#039;est un excellent choix pour les d\u00e9taillants qui cherchent \u00e0 proposer des v\u00eatements vari\u00e9s et imaginatifs pour la saison effrayante.<\/li>\n\n\n\n<li>Pr\u00eat en gros\u00a0: en mettant l&#039;accent sur la vente en gros, ce cosplay d&#039;Halloween sexy Nun est pr\u00eat \u00e0 devenir un article le plus vendu dans votre collection de vente au d\u00e9tail. C&#039;est plus qu&#039;un simple costume ; c&#039;est une invitation \u00e0 un royaume de fantaisie et d&#039;exploration ludique.<\/li>\n<\/ol>\n\n\n\n<p>D\u00e9veloppez votre collection de vente au d\u00e9tail avec notre vente en gros de cosplay d&#039;Halloween Sexy Nun, un m\u00e9lange parfait de charme sacr\u00e9 et de sensualit\u00e9 moderne. C&#039;est un choix id\u00e9al pour les d\u00e9taillants proposant une gamme de v\u00eatements diversifi\u00e9e et imaginative. Contactez-nous pour toute demande de vente en gros et ajoutez une touche d&#039;\u00e9l\u00e9gance divine \u00e0 votre assortiment cet Halloween.<\/p>","protected":false},"excerpt":{"rendered":"<p>Plongez dans la tentation divine avec notre vente en gros de cosplay d&#039;Halloween Sexy Nun. Dot\u00e9 d&#039;un soutien-gorge ouvert, cet ensemble est compl\u00e9t\u00e9 par une jupe, un voile et des manches. Une s\u00e9lection privil\u00e9gi\u00e9e pour les enseignes souhaitant proposer un m\u00e9lange d&#039;allure sacr\u00e9e et de sensualit\u00e9 contemporaine.<\/p>","protected":false},"featured_media":45811,"template":"","meta":[],"product_brand":[],"product_cat":[974],"product_tag":[992],"class_list":{"0":"post-45806","1":"product","2":"type-product","3":"status-publish","4":"has-post-thumbnail","6":"product_cat-wholesale-sexy-costumes","7":"product_tag-nun-costume","8":"pa_color-black","9":"pa_size-free","11":"first","12":"instock","13":"taxable","14":"shipping-taxable","15":"purchasable","16":"product-type-variable"},"tiered_pricing_type":"fixed","tiered_pricing_fixed_rules":[],"tiered_pricing_product_settings":{"layout":"default","base_unit_name":{"singular":null,"plural":null},"default_variation":{}},"tiered_pricing_minimum_quantity":null,"tiered_pricing_roles_data":[],"tiered_pricing_percentage_rules":[],"tiered_pricing_maximum_quantity":null,"tiered_pricing_quantity_step":null,"_links":{"self":[{"href":"https:\/\/gretasexylingerie.com\/fr\/wp-json\/wp\/v2\/product\/45806","targetHints":{"allow":["GET"]}}],"collection":[{"href":"https:\/\/gretasexylingerie.com\/fr\/wp-json\/wp\/v2\/product"}],"about":[{"href":"https:\/\/gretasexylingerie.com\/fr\/wp-json\/wp\/v2\/types\/product"}],"wp:featuredmedia":[{"embeddable":true,"href":"https:\/\/gretasexylingerie.com\/fr\/wp-json\/wp\/v2\/media\/45811"}],"wp:attachment":[{"href":"https:\/\/gretasexylingerie.com\/fr\/wp-json\/wp\/v2\/media?parent=45806"}],"wp:term":[{"taxonomy":"product_brand","embeddable":true,"href":"https:\/\/gretasexylingerie.com\/fr\/wp-json\/wp\/v2\/product_brand?post=45806"},{"taxonomy":"product_cat","embeddable":true,"href":"https:\/\/gretasexylingerie.com\/fr\/wp-json\/wp\/v2\/product_cat?post=45806"},{"taxonomy":"product_tag","embeddable":true,"href":"https:\/\/gretasexylingerie.com\/fr\/wp-json\/wp\/v2\/product_tag?post=45806"}],"curies":[{"name":"wp","href":"https:\/\/api.w.org\/{rel}","templated":true}]}}