{"id":45797,"date":"2023-10-17T23:07:28","date_gmt":"2023-10-17T15:07:28","guid":{"rendered":"https:\/\/gretasexylingerie.com\/?post_type=product&#038;p=45797"},"modified":"2024-07-31T00:52:39","modified_gmt":"2024-07-30T16:52:39","slug":"vente-en-gros-ensemble-de-soutien-gorge-catwoman-imprime-leopard-avec-accessoires","status":"publish","type":"product","link":"https:\/\/gretasexylingerie.com\/fr\/products\/wholesale-leopard-print-catwoman-bra-set-with-accessories\/","title":{"rendered":"Ensemble de soutien-gorge Catwoman imprim\u00e9 l\u00e9opard en gros avec accessoires"},"content":{"rendered":"<ol class=\"wp-block-list\">\n<li>Allure f\u00e9line\u00a0: Le th\u00e8me Catwoman capture une allure f\u00e9line, ce qui en fait un choix captivant pour ceux qui recherchent un m\u00e9lange de myst\u00e8re et de sensualit\u00e9. Le design assure un attrait durable dans votre collection de vente au d\u00e9tail, invitant \u00e0 un r\u00e9cit de fantaisie sauvage et d&#039;exploration ludique.<\/li>\n\n\n\n<li>Soutien-gorge en cuir sensuel : Le soutien-gorge en cuir ajoute une touche de luxe et offre une silhouette flatteuse, ce qui en fait un choix souhaitable pour un large \u00e9ventail de clients. C&#039;est un excellent choix pour les d\u00e9taillants qui cherchent \u00e0 proposer une gamme vari\u00e9e de v\u00eatements imaginatifs.<\/li>\n\n\n\n<li>Ensemble complet : du bandeau de chat ludique \u00e0 la queue d\u00e9terminante, chaque pi\u00e8ce de cet ensemble a \u00e9t\u00e9 m\u00e9ticuleusement con\u00e7ue pour compl\u00e9ter le look g\u00e9n\u00e9ral. L&#039;ensemble garantit aux clients d&#039;avoir tout ce dont ils ont besoin pour un look f\u00e9lin complet.<\/li>\n\n\n\n<li>Bar Performance Ready\u00a0: Con\u00e7u sp\u00e9cifiquement pour les spectacles de bar, cet ensemble de soutien-gorge Catwoman \u00e0 imprim\u00e9 l\u00e9opard invite les consommateurs finaux \u00e0 se plonger dans leurs fantasmes. C&#039;est un excellent choix pour les d\u00e9taillants qui cherchent \u00e0 proposer des v\u00eatements vari\u00e9s et imaginatifs pour la vie nocturne.<\/li>\n\n\n\n<li>Pr\u00eat pour la vente en gros : en mettant l&#039;accent sur la vente en gros, cet ensemble de soutien-gorge Catwoman imprim\u00e9 l\u00e9opard est pr\u00eat \u00e0 devenir un article tr\u00e8s vendu dans votre collection de vente au d\u00e9tail. C&#039;est plus qu&#039;un simple costume ; c&#039;est une invitation \u00e0 un royaume de fantaisie et d&#039;exploration ludique.<\/li>\n<\/ol>\n\n\n\n<p>D\u00e9veloppez votre collection de vente au d\u00e9tail avec notre ensemble de soutien-gorge Catwoman \u00e0 imprim\u00e9 l\u00e9opard en gros, un m\u00e9lange parfait de charme f\u00e9lin et d&#039;\u00e9l\u00e9gance moderne. C&#039;est un choix id\u00e9al pour les d\u00e9taillants proposant une gamme de v\u00eatements diversifi\u00e9e et imaginative. Contactez-nous pour toute demande de renseignements sur les grossistes et ajoutez d\u00e8s aujourd&#039;hui une touche d&#039;\u00e9l\u00e9gance sauvage \u00e0 votre assortiment.<\/p>","protected":false},"excerpt":{"rendered":"<p>Lib\u00e9rez le c\u00f4t\u00e9 sauvage avec notre ensemble de soutien-gorge Catwoman \u00e0 imprim\u00e9 l\u00e9opard en gros. Cet ensemble de soutien-gorge en cuir est con\u00e7u pour les repr\u00e9sentations au bar et compl\u00e9t\u00e9 par un bandeau, une culotte et une queue de chat. Une s\u00e9lection privil\u00e9gi\u00e9e pour les enseignes souhaitant proposer un m\u00e9lange d&#039;allure f\u00e9line et d&#039;\u00e9l\u00e9gance contemporaine.<\/p>","protected":false},"featured_media":45804,"template":"","meta":[],"product_brand":[],"product_cat":[368,974,367,375],"product_tag":[1006,869,1005],"class_list":{"0":"post-45797","1":"product","2":"type-product","3":"status-publish","4":"has-post-thumbnail","6":"product_cat-bra-panty-set","7":"product_cat-wholesale-sexy-costumes","8":"product_cat-sexy-lingerie","9":"product_cat-whoelsale-sheer-bra-and-panty-sets","10":"product_tag-animal-costumes","11":"product_tag-sexy-animal-print-lingerie","12":"product_tag-sexy-cat-costumes","13":"pa_color-black","14":"pa_size-free","16":"first","17":"outofstock","18":"taxable","19":"shipping-taxable","20":"purchasable","21":"product-type-variable"},"tiered_pricing_type":"fixed","tiered_pricing_fixed_rules":[],"tiered_pricing_product_settings":{"layout":"default","base_unit_name":{"singular":null,"plural":null},"default_variation":{}},"tiered_pricing_minimum_quantity":null,"tiered_pricing_roles_data":[],"tiered_pricing_percentage_rules":[],"tiered_pricing_maximum_quantity":null,"tiered_pricing_quantity_step":null,"_links":{"self":[{"href":"https:\/\/gretasexylingerie.com\/fr\/wp-json\/wp\/v2\/product\/45797","targetHints":{"allow":["GET"]}}],"collection":[{"href":"https:\/\/gretasexylingerie.com\/fr\/wp-json\/wp\/v2\/product"}],"about":[{"href":"https:\/\/gretasexylingerie.com\/fr\/wp-json\/wp\/v2\/types\/product"}],"wp:featuredmedia":[{"embeddable":true,"href":"https:\/\/gretasexylingerie.com\/fr\/wp-json\/wp\/v2\/media\/45804"}],"wp:attachment":[{"href":"https:\/\/gretasexylingerie.com\/fr\/wp-json\/wp\/v2\/media?parent=45797"}],"wp:term":[{"taxonomy":"product_brand","embeddable":true,"href":"https:\/\/gretasexylingerie.com\/fr\/wp-json\/wp\/v2\/product_brand?post=45797"},{"taxonomy":"product_cat","embeddable":true,"href":"https:\/\/gretasexylingerie.com\/fr\/wp-json\/wp\/v2\/product_cat?post=45797"},{"taxonomy":"product_tag","embeddable":true,"href":"https:\/\/gretasexylingerie.com\/fr\/wp-json\/wp\/v2\/product_tag?post=45797"}],"curies":[{"name":"wp","href":"https:\/\/api.w.org\/{rel}","templated":true}]}}