{"id":45764,"date":"2023-10-17T21:51:52","date_gmt":"2023-10-17T13:51:52","guid":{"rendered":"https:\/\/gretasexylingerie.com\/?post_type=product&#038;p=45764"},"modified":"2023-10-17T21:53:10","modified_gmt":"2023-10-17T13:53:10","slug":"vente-en-gros-body-en-dentelle-de-discotheque-sexy-lapin-rose","status":"publish","type":"product","link":"https:\/\/gretasexylingerie.com\/fr\/products\/wholesale-pink-sexy-bunny-nightclub-lace-bodysuit\/","title":{"rendered":"Body en dentelle de bo\u00eete de nuit sexy lapin rose en gros"},"content":{"rendered":"<ol class=\"wp-block-list\">\n<li>Th\u00e8me Lapin ludique\u00a0: Le th\u00e8me de la fille lapin capture une allure ludique, ce qui en fait un choix d\u00e9licieux pour ceux qui cherchent \u00e0 adopter un look amusant et s\u00e9duisant. Le design assure un attrait durable dans votre collection de vente au d\u00e9tail, invitant \u00e0 un r\u00e9cit ludique de fantaisie et d&#039;exploration.<\/li>\n\n\n\n<li>Body sensuel en dentelle transparente : Le body en dentelle transparente ajoute une touche de sensualit\u00e9 et offre une silhouette flatteuse, ce qui en fait un choix souhaitable pour un large \u00e9ventail de clients. C&#039;est un excellent choix pour les d\u00e9taillants qui cherchent \u00e0 proposer une gamme vari\u00e9e de v\u00eatements imaginatifs.<\/li>\n\n\n\n<li>Ensemble complet : chaque pi\u00e8ce de cet ensemble a \u00e9t\u00e9 m\u00e9ticuleusement con\u00e7ue pour compl\u00e9ter le look g\u00e9n\u00e9ral, du bandeau \u00e0 oreilles de lapin \u00e0 la queue de lapin en peluche. Le col n\u0153ud ajoute une touche d&#039;\u00e9l\u00e9gance, distinguant ce costume.<\/li>\n\n\n\n<li>Pr\u00eate pour les bo\u00eetes de nuit\u00a0: con\u00e7ue sp\u00e9cifiquement pour les apparitions en bo\u00eete de nuit, cette tenue sexy de lapin fille invite les consommateurs finaux \u00e0 se plonger dans leurs fantasmes. C&#039;est un excellent choix pour les d\u00e9taillants qui cherchent \u00e0 proposer des v\u00eatements vari\u00e9s et imaginatifs pour la vie nocturne.<\/li>\n\n\n\n<li>Pr\u00eat pour la vente en gros\u00a0: en mettant l&#039;accent sur la vente en gros, cette tenue Pink Sexy Bunny Girl est pr\u00eate \u00e0 devenir un article tr\u00e8s vendu dans votre collection de vente au d\u00e9tail. C&#039;est plus qu&#039;un simple costume ; c&#039;est une invitation \u00e0 un royaume de fantaisie et d&#039;exploration ludique.<\/li>\n<\/ol>\n\n\n\n<p>D\u00e9veloppez votre collection de vente au d\u00e9tail avec notre tenue de lapin sexy rose en gros, un m\u00e9lange parfait de charme ludique et d&#039;\u00e9l\u00e9gance moderne. C&#039;est un choix id\u00e9al pour les d\u00e9taillants proposant une gamme de v\u00eatements diversifi\u00e9e et imaginative. Contactez-nous pour toute demande de renseignements sur les grossistes et ajoutez d\u00e8s aujourd&#039;hui une touche d&#039;\u00e9l\u00e9gance ludique \u00e0 votre assortiment.<\/p>","protected":false},"excerpt":{"rendered":"<p>Laissez-vous s\u00e9duire par notre tenue Pink Sexy Bunny Girl en gros. Parfait pour les apparitions en bo\u00eete de nuit, ce body en dentelle transparente est compl\u00e9t\u00e9 par un bandeau \u00e0 oreilles de lapin, un col \u00e0 n\u0153ud et une queue de lapin en peluche blanche. Une s\u00e9lection privil\u00e9gi\u00e9e pour les enseignes d\u00e9sireuses d&#039;offrir un m\u00e9lange de charme ludique et d&#039;\u00e9l\u00e9gance contemporaine.<\/p>","protected":false},"featured_media":45776,"template":"","meta":[],"product_brand":[],"product_cat":[370,974,371,367],"product_tag":[1001],"class_list":{"0":"post-45764","1":"product","2":"type-product","3":"status-publish","4":"has-post-thumbnail","6":"product_cat-bodysuit","7":"product_cat-wholesale-sexy-costumes","8":"product_cat-wholesale-sexy-lace-bodysuit","9":"product_cat-sexy-lingerie","10":"product_tag-bunny-costumes","11":"pa_color-pink-women-sexy-lingerie","12":"pa_size-free","14":"first","15":"instock","16":"taxable","17":"shipping-taxable","18":"purchasable","19":"product-type-variable"},"tiered_pricing_type":"fixed","tiered_pricing_fixed_rules":[],"tiered_pricing_product_settings":{"layout":"default","base_unit_name":{"singular":null,"plural":null},"default_variation":{}},"tiered_pricing_minimum_quantity":null,"tiered_pricing_roles_data":[],"tiered_pricing_percentage_rules":[],"tiered_pricing_maximum_quantity":null,"tiered_pricing_quantity_step":null,"_links":{"self":[{"href":"https:\/\/gretasexylingerie.com\/fr\/wp-json\/wp\/v2\/product\/45764","targetHints":{"allow":["GET"]}}],"collection":[{"href":"https:\/\/gretasexylingerie.com\/fr\/wp-json\/wp\/v2\/product"}],"about":[{"href":"https:\/\/gretasexylingerie.com\/fr\/wp-json\/wp\/v2\/types\/product"}],"wp:featuredmedia":[{"embeddable":true,"href":"https:\/\/gretasexylingerie.com\/fr\/wp-json\/wp\/v2\/media\/45776"}],"wp:attachment":[{"href":"https:\/\/gretasexylingerie.com\/fr\/wp-json\/wp\/v2\/media?parent=45764"}],"wp:term":[{"taxonomy":"product_brand","embeddable":true,"href":"https:\/\/gretasexylingerie.com\/fr\/wp-json\/wp\/v2\/product_brand?post=45764"},{"taxonomy":"product_cat","embeddable":true,"href":"https:\/\/gretasexylingerie.com\/fr\/wp-json\/wp\/v2\/product_cat?post=45764"},{"taxonomy":"product_tag","embeddable":true,"href":"https:\/\/gretasexylingerie.com\/fr\/wp-json\/wp\/v2\/product_tag?post=45764"}],"curies":[{"name":"wp","href":"https:\/\/api.w.org\/{rel}","templated":true}]}}