{"id":45743,"date":"2023-10-17T00:41:03","date_gmt":"2023-10-16T16:41:03","guid":{"rendered":"https:\/\/gretasexylingerie.com\/?post_type=product&#038;p=45743"},"modified":"2023-10-17T00:42:12","modified_gmt":"2023-10-16T16:42:12","slug":"vente-en-gros-costume-de-policiere-sexy-avec-ensemble-en-simili-cuir","status":"publish","type":"product","link":"https:\/\/gretasexylingerie.com\/fr\/products\/wholesale-sexy-policewoman-costume-with-imitation-leather-set\/","title":{"rendered":"Costume de polici\u00e8re sexy en gros avec ensemble en simili cuir"},"content":{"rendered":"<ol class=\"wp-block-list\">\n<li>Allure autoritaire\u00a0: Le th\u00e8me de la polici\u00e8re capture une allure autoritaire, ce qui en fait un choix remarquable pour ceux qui cherchent \u00e0 faire une d\u00e9claration. Le design assure un attrait durable dans votre collection de vente au d\u00e9tail, invitant \u00e0 un r\u00e9cit de puissance et d&#039;exploration ludique.<\/li>\n\n\n\n<li>Simili cuir luxueux : le mat\u00e9riau simili cuir ajoute une touche de luxe et offre une silhouette flatteuse, ce qui en fait un choix souhaitable pour un large \u00e9ventail de clients. C&#039;est un excellent choix pour les d\u00e9taillants qui cherchent \u00e0 proposer une gamme vari\u00e9e de v\u00eatements imaginatifs.<\/li>\n\n\n\n<li>Ensemble complet : chaque pi\u00e8ce de cet ensemble a \u00e9t\u00e9 m\u00e9ticuleusement con\u00e7ue pour compl\u00e9ter le look g\u00e9n\u00e9ral, du chapeau aux gants. Il s&#039;agit d&#039;une fonctionnalit\u00e9 remarquable qui garantit aux clients tout ce dont ils ont besoin pour un look complet.<\/li>\n\n\n\n<li>Pr\u00eat pour les performances en bo\u00eete de nuit\u00a0: Con\u00e7u sp\u00e9cifiquement pour les performances en bo\u00eete de nuit, ce costume de polici\u00e8re sexy invite les consommateurs finaux \u00e0 se plonger dans leurs fantasmes. C&#039;est un excellent choix pour les d\u00e9taillants qui cherchent \u00e0 proposer des v\u00eatements vari\u00e9s et imaginatifs pour la vie nocturne.<\/li>\n\n\n\n<li>Pr\u00eat pour la vente en gros\u00a0: En mettant l&#039;accent sur la vente en gros, ce costume de polici\u00e8re sexy est pr\u00eat \u00e0 devenir un article tr\u00e8s vendu dans votre collection de vente au d\u00e9tail. C&#039;est plus qu&#039;un simple costume ; c&#039;est une invitation \u00e0 un royaume de fantaisie et d&#039;exploration ludique.<\/li>\n<\/ol>\n\n\n\n<p>D\u00e9veloppez votre collection de vente au d\u00e9tail avec notre costume de polici\u00e8re sexy en gros, un m\u00e9lange parfait de charme autoritaire et d&#039;\u00e9l\u00e9gance moderne. C&#039;est un choix id\u00e9al pour les d\u00e9taillants proposant une gamme de v\u00eatements diversifi\u00e9e et imaginative. Contactez-nous pour toute demande de renseignements sur les grossistes et ajoutez d\u00e8s aujourd\u2019hui une touche d\u2019\u00e9l\u00e9gance imposante \u00e0 votre assortiment.<\/p>","protected":false},"excerpt":{"rendered":"<p>Attirez l\u2019attention avec notre costume de polici\u00e8re sexy en gros. Fabriqu\u00e9 en simili cuir, cet ensemble complet comprend un chapeau, un tour de cou, des gants, une jupe et un haut, ce qui en fait l&#039;ensemble parfait pour les performances en bo\u00eete de nuit. Une s\u00e9lection privil\u00e9gi\u00e9e pour les d\u00e9taillants souhaitant offrir un m\u00e9lange d&#039;allure autoritaire et d&#039;\u00e9l\u00e9gance contemporaine.<\/p>","protected":false},"featured_media":45751,"template":"","meta":[],"product_brand":[],"product_cat":[974],"product_tag":[978],"class_list":{"0":"post-45743","1":"product","2":"type-product","3":"status-publish","4":"has-post-thumbnail","6":"product_cat-wholesale-sexy-costumes","7":"product_tag-policewoman-costume","8":"pa_color-black","9":"pa_size-free","11":"first","12":"instock","13":"taxable","14":"shipping-taxable","15":"purchasable","16":"product-type-variable"},"tiered_pricing_type":"fixed","tiered_pricing_fixed_rules":[],"tiered_pricing_product_settings":{"layout":"default","base_unit_name":{"singular":null,"plural":null},"default_variation":{}},"tiered_pricing_minimum_quantity":null,"tiered_pricing_roles_data":[],"tiered_pricing_percentage_rules":[],"tiered_pricing_maximum_quantity":null,"tiered_pricing_quantity_step":null,"_links":{"self":[{"href":"https:\/\/gretasexylingerie.com\/fr\/wp-json\/wp\/v2\/product\/45743","targetHints":{"allow":["GET"]}}],"collection":[{"href":"https:\/\/gretasexylingerie.com\/fr\/wp-json\/wp\/v2\/product"}],"about":[{"href":"https:\/\/gretasexylingerie.com\/fr\/wp-json\/wp\/v2\/types\/product"}],"wp:featuredmedia":[{"embeddable":true,"href":"https:\/\/gretasexylingerie.com\/fr\/wp-json\/wp\/v2\/media\/45751"}],"wp:attachment":[{"href":"https:\/\/gretasexylingerie.com\/fr\/wp-json\/wp\/v2\/media?parent=45743"}],"wp:term":[{"taxonomy":"product_brand","embeddable":true,"href":"https:\/\/gretasexylingerie.com\/fr\/wp-json\/wp\/v2\/product_brand?post=45743"},{"taxonomy":"product_cat","embeddable":true,"href":"https:\/\/gretasexylingerie.com\/fr\/wp-json\/wp\/v2\/product_cat?post=45743"},{"taxonomy":"product_tag","embeddable":true,"href":"https:\/\/gretasexylingerie.com\/fr\/wp-json\/wp\/v2\/product_tag?post=45743"}],"curies":[{"name":"wp","href":"https:\/\/api.w.org\/{rel}","templated":true}]}}