{"id":45725,"date":"2023-10-16T23:55:47","date_gmt":"2023-10-16T15:55:47","guid":{"rendered":"https:\/\/gretasexylingerie.com\/?post_type=product&#038;p=45725"},"modified":"2023-10-16T23:56:08","modified_gmt":"2023-10-16T15:56:08","slug":"vente-en-gros-soutien-gorge-de-costume-de-noel-sexy-avec-coiffe-en-bois-de-cerf","status":"publish","type":"product","link":"https:\/\/gretasexylingerie.com\/fr\/products\/wholesale-sexy-christmas-costume-bra-set-with-antler-headdress\/","title":{"rendered":"Costume de No\u00ebl sexy en gros, ensemble de soutien-gorge avec coiffe en bois de cerf"},"content":{"rendered":"<ol class=\"wp-block-list\">\n<li>Charme festif des f\u00eates\u00a0: Le th\u00e8me de No\u00ebl capture un charme festif des f\u00eates, ce qui en fait un choix d\u00e9licieux pour ceux qui cherchent \u00e0 c\u00e9l\u00e9brer avec style. L&#039;esth\u00e9tique ludique assure un attrait durable dans votre collection de vente au d\u00e9tail, invitant \u00e0 un r\u00e9cit de fantaisie de vacances et d&#039;exploration active.<\/li>\n\n\n\n<li>Design sensuel en peluche blanche : la peluche blanche ajoute un toucher doux et offre une silhouette flatteuse, ce qui en fait un choix souhaitable pour un large \u00e9ventail de clients. C&#039;est un excellent choix pour les d\u00e9taillants qui cherchent \u00e0 proposer une gamme vari\u00e9e de v\u00eatements imaginatifs.<\/li>\n\n\n\n<li>Coiffe unique en bois : la coiffe en bois ajoute une touche unique \u00e0 l&#039;ensemble, rehaussant le th\u00e8me de No\u00ebl. Cette caract\u00e9ristique remarquable distingue ce costume, ce qui en fait un ajout fantastique \u00e0 votre collection de vente au d\u00e9tail.<\/li>\n\n\n\n<li>Bordure color\u00e9e vibrante : la bordure color\u00e9e ajoute une touche festive \u00e0 l&#039;ensemble, rehaussant l&#039;esprit des f\u00eates. Cette caract\u00e9ristique unique distingue ce costume, ce qui en fait un ajout fantastique \u00e0 votre collection de vente au d\u00e9tail.<\/li>\n\n\n\n<li>Pr\u00eat en gros\u00a0: en mettant l&#039;accent sur la vente en gros, cet ensemble de soutien-gorge de costume de No\u00ebl sexy est pr\u00eat \u00e0 devenir un article le plus vendu dans votre collection de vente au d\u00e9tail. C&#039;est plus qu&#039;un simple costume ; c&#039;est une invitation \u00e0 un royaume de fantaisie et d&#039;exploration ludique.<\/li>\n<\/ol>\n\n\n\n<p>D\u00e9veloppez votre collection de vente au d\u00e9tail avec notre ensemble de soutien-gorge de costume de No\u00ebl sexy en gros, un m\u00e9lange parfait de charme des vacances et d&#039;\u00e9l\u00e9gance moderne. C&#039;est un choix id\u00e9al pour les d\u00e9taillants proposant une gamme de v\u00eatements diversifi\u00e9e et imaginative. Contactez-nous pour toute demande de renseignements sur les grossistes et ajoutez d\u00e8s aujourd&#039;hui une touche d&#039;\u00e9l\u00e9gance festive \u00e0 votre assortiment.<\/p>","protected":false},"excerpt":{"rendered":"<p>Entrez dans l&#039;esprit festif avec notre ensemble de soutien-gorge de costume de No\u00ebl sexy en gros. Orn\u00e9 de peluche blanche, d&#039;une coiffe en bois de cerf et de bordures color\u00e9es, cet ensemble incarne le charme des vacances et la sensualit\u00e9 moderne. Une s\u00e9lection privil\u00e9gi\u00e9e pour les enseignes d\u00e9sireuses de proposer un m\u00e9lange d&#039;allure festive et d&#039;\u00e9l\u00e9gance contemporaine.<\/p>","protected":false},"featured_media":45733,"template":"","meta":[],"product_brand":[],"product_cat":[368,974,367],"product_tag":[964,984],"class_list":{"0":"post-45725","1":"product","2":"type-product","3":"status-publish","4":"has-post-thumbnail","6":"product_cat-bra-panty-set","7":"product_cat-wholesale-sexy-costumes","8":"product_cat-sexy-lingerie","9":"product_tag-christmas-lingerie","10":"product_tag-halloween-costumes","11":"pa_color-white","12":"pa_size-free","14":"first","15":"instock","16":"taxable","17":"shipping-taxable","18":"purchasable","19":"product-type-variable"},"tiered_pricing_type":"fixed","tiered_pricing_fixed_rules":[],"tiered_pricing_product_settings":{"layout":"default","base_unit_name":{"singular":null,"plural":null},"default_variation":null},"tiered_pricing_minimum_quantity":null,"tiered_pricing_roles_data":[],"tiered_pricing_percentage_rules":[],"tiered_pricing_maximum_quantity":null,"tiered_pricing_quantity_step":null,"_links":{"self":[{"href":"https:\/\/gretasexylingerie.com\/fr\/wp-json\/wp\/v2\/product\/45725","targetHints":{"allow":["GET"]}}],"collection":[{"href":"https:\/\/gretasexylingerie.com\/fr\/wp-json\/wp\/v2\/product"}],"about":[{"href":"https:\/\/gretasexylingerie.com\/fr\/wp-json\/wp\/v2\/types\/product"}],"wp:featuredmedia":[{"embeddable":true,"href":"https:\/\/gretasexylingerie.com\/fr\/wp-json\/wp\/v2\/media\/45733"}],"wp:attachment":[{"href":"https:\/\/gretasexylingerie.com\/fr\/wp-json\/wp\/v2\/media?parent=45725"}],"wp:term":[{"taxonomy":"product_brand","embeddable":true,"href":"https:\/\/gretasexylingerie.com\/fr\/wp-json\/wp\/v2\/product_brand?post=45725"},{"taxonomy":"product_cat","embeddable":true,"href":"https:\/\/gretasexylingerie.com\/fr\/wp-json\/wp\/v2\/product_cat?post=45725"},{"taxonomy":"product_tag","embeddable":true,"href":"https:\/\/gretasexylingerie.com\/fr\/wp-json\/wp\/v2\/product_tag?post=45725"}],"curies":[{"name":"wp","href":"https:\/\/api.w.org\/{rel}","templated":true}]}}