{"id":45673,"date":"2023-10-16T22:02:56","date_gmt":"2023-10-16T14:02:56","guid":{"rendered":"https:\/\/gretasexylingerie.com\/?post_type=product&#038;p=45673"},"modified":"2023-10-16T22:04:20","modified_gmt":"2023-10-16T14:04:20","slug":"vente-en-gros-voir-a-travers-le-body-de-costume-de-policiere-sexy","status":"publish","type":"product","link":"https:\/\/gretasexylingerie.com\/fr\/products\/wholesale-see-through-sexy-policewoman-costume-bodysuit\/","title":{"rendered":"Costume de policier sexy transparent en gros"},"content":{"rendered":"<ol class=\"wp-block-list\">\n<li>Th\u00e8me Policewoman faisant autorit\u00e9\u00a0: il capture une allure autoritaire, ce qui en fait un choix passionnant pour les \u00e2mes aventureuses. L&#039;esth\u00e9tique ludique assure un attrait durable dans votre collection de vente au d\u00e9tail, invitant \u00e0 un r\u00e9cit de charme traditionnel et d&#039;exploration ludique.<\/li>\n\n\n\n<li>Design transparent en maille sensuelle : le design transparent en maille ajoute non seulement une touche moderne, mais offre \u00e9galement une silhouette flatteuse, ce qui en fait un choix souhaitable pour de nombreux clients. C&#039;est un excellent choix pour les d\u00e9taillants qui cherchent \u00e0 proposer une gamme vari\u00e9e de v\u00eatements imaginatifs.<\/li>\n\n\n\n<li>Body d&#039;instructeur de jeu de r\u00f4le\u00a0: le design du body d&#039;instructeur \u00e9voque un sentiment d&#039;\u00e9l\u00e9gance moderne tout en conservant un attrait sexy. Cela t\u00e9moigne de notre engagement \u00e0 fournir des produits en gros qui ne compromettent pas la qualit\u00e9 ou le confort.<\/li>\n\n\n\n<li>Exp\u00e9rience de jeu de r\u00f4le engageante\u00a0: Con\u00e7u pour des exp\u00e9riences de jeu de r\u00f4le engageantes, ce costume sexy invite les consommateurs finaux \u00e0 se plonger dans leurs fantasmes. C&#039;est un excellent choix pour les d\u00e9taillants qui cherchent \u00e0 proposer une gamme vari\u00e9e de v\u00eatements imaginatifs.<\/li>\n\n\n\n<li>Pr\u00eat pour la vente en gros\u00a0: En mettant l&#039;accent sur la vente en gros, ce costume de polici\u00e8re sexy et transparent est pr\u00eat \u00e0 devenir un article tr\u00e8s vendu dans votre collection de vente au d\u00e9tail. C&#039;est plus qu&#039;un simple costume ; c&#039;est une invitation \u00e0 un royaume de fantaisie et d&#039;exploration ludique.<\/li>\n<\/ol>\n\n\n\n<p>D\u00e9veloppez votre collection de vente au d\u00e9tail avec notre costume de polici\u00e8re sexy transparent en gros, un m\u00e9lange parfait de charme autoritaire et d&#039;\u00e9l\u00e9gance moderne. C&#039;est un choix id\u00e9al pour les d\u00e9taillants souhaitant proposer une gamme de v\u00eatements diversifi\u00e9e et imaginative. Contactez-nous pour toute demande de renseignements sur les grossistes et ajoutez d\u00e8s aujourd&#039;hui une touche d&#039;\u00e9l\u00e9gance ludique \u00e0 votre assortiment.<\/p>","protected":false},"excerpt":{"rendered":"<p>Renforcez votre allure avec notre costume de polici\u00e8re sexy et transparent en gros. Le body transparent en maille, parfait pour jouer le r\u00f4le d&#039;un instructeur, cr\u00e9e un r\u00e9cit d&#039;allure autoritaire. Un premier choix pour les d\u00e9taillants souhaitant offrir un m\u00e9lange de charme autoritaire et de sensualit\u00e9 moderne.<\/p>","protected":false},"featured_media":45681,"template":"","meta":[],"product_brand":[],"product_cat":[974],"product_tag":[978],"class_list":{"0":"post-45673","1":"product","2":"type-product","3":"status-publish","4":"has-post-thumbnail","6":"product_cat-wholesale-sexy-costumes","7":"product_tag-policewoman-costume","8":"pa_color-black","9":"pa_size-free","11":"first","12":"instock","13":"taxable","14":"shipping-taxable","15":"purchasable","16":"product-type-variable"},"tiered_pricing_type":"fixed","tiered_pricing_fixed_rules":[],"tiered_pricing_product_settings":{"layout":"default","base_unit_name":{"singular":null,"plural":null},"default_variation":{}},"tiered_pricing_minimum_quantity":null,"tiered_pricing_roles_data":[],"tiered_pricing_percentage_rules":[],"tiered_pricing_maximum_quantity":null,"tiered_pricing_quantity_step":null,"_links":{"self":[{"href":"https:\/\/gretasexylingerie.com\/fr\/wp-json\/wp\/v2\/product\/45673","targetHints":{"allow":["GET"]}}],"collection":[{"href":"https:\/\/gretasexylingerie.com\/fr\/wp-json\/wp\/v2\/product"}],"about":[{"href":"https:\/\/gretasexylingerie.com\/fr\/wp-json\/wp\/v2\/types\/product"}],"wp:featuredmedia":[{"embeddable":true,"href":"https:\/\/gretasexylingerie.com\/fr\/wp-json\/wp\/v2\/media\/45681"}],"wp:attachment":[{"href":"https:\/\/gretasexylingerie.com\/fr\/wp-json\/wp\/v2\/media?parent=45673"}],"wp:term":[{"taxonomy":"product_brand","embeddable":true,"href":"https:\/\/gretasexylingerie.com\/fr\/wp-json\/wp\/v2\/product_brand?post=45673"},{"taxonomy":"product_cat","embeddable":true,"href":"https:\/\/gretasexylingerie.com\/fr\/wp-json\/wp\/v2\/product_cat?post=45673"},{"taxonomy":"product_tag","embeddable":true,"href":"https:\/\/gretasexylingerie.com\/fr\/wp-json\/wp\/v2\/product_tag?post=45673"}],"curies":[{"name":"wp","href":"https:\/\/api.w.org\/{rel}","templated":true}]}}