{"id":45634,"date":"2023-10-16T00:22:11","date_gmt":"2023-10-15T16:22:11","guid":{"rendered":"https:\/\/gretasexylingerie.com\/?post_type=product&#038;p=45634"},"modified":"2023-10-16T00:24:32","modified_gmt":"2023-10-15T16:24:32","slug":"vente-en-gros-body-sexy-costume-de-nonne-noire","status":"publish","type":"product","link":"https:\/\/gretasexylingerie.com\/fr\/products\/wholesale-sexy-black-nun-costume-bodysuit\/","title":{"rendered":"Vente en gros Body Costume De Nonne Noire Sexy"},"content":{"rendered":"<ol class=\"wp-block-list\">\n<li>Forbidden Nun Fantasy\u00a0: les th\u00e8mes des costumes de nonne offrent une allure qui capture leur attrait involontaire, ce qui en fait une option all\u00e9chante pour les \u00e2mes curieuses. Leur esth\u00e9tique ludique leur garantit un attrait durable dans les collections de vente au d\u00e9tail tout en inspirant des r\u00e9cits de mystique religieuse et d&#039;exploration ludique.<\/li>\n\n\n\n<li>Sangles sensuelles en PU noir : les sangles en PU noir ajoutent une touche moderne tout en offrant une silhouette esth\u00e9tique, ce qui les rend attrayantes pour un large \u00e9ventail de clients et id\u00e9ales pour les d\u00e9taillants proposant des v\u00eatements imaginatifs.<\/li>\n\n\n\n<li>Design de body attrayant : nos designs de body respirent l&#039;\u00e9l\u00e9gance moderne tout en restant s\u00e9duisants, soulignant notre engagement \u00e0 offrir des produits en gros sans compromis sur la qualit\u00e9 ou le confort.<\/li>\n\n\n\n<li>Pr\u00eat pour le jeu de r\u00f4le\u00a0: cr\u00e9\u00e9 sp\u00e9cifiquement pour engager les fantasmes des consommateurs finaux, ce costume de nonne invite les consommateurs finaux \u00e0 explorer leur c\u00f4t\u00e9 cr\u00e9atif. Les d\u00e9taillants \u00e0 la recherche de v\u00eatements diversifi\u00e9s devraient proposer cette offre attrayante aux consommateurs finaux.<\/li>\n\n\n\n<li>Pr\u00eat pour la vente en gros : con\u00e7u pour la distribution en gros, ce s\u00e9duisant body de nonne noire peut devenir l&#039;attraction vedette de votre collection de vente au d\u00e9tail. Plus qu&#039;un simple costume ; cela ouvre la porte \u00e0 une fantaisie sans fin et \u00e0 une exploration ludique\u00a0!<\/li>\n<\/ol>\n\n\n\n<p>Ajoutez un \u00e9l\u00e9ment \u00e9l\u00e9gant et ludique \u00e0 votre collection de vente au d\u00e9tail avec notre body sexy de nonne noire en gros, la combinaison id\u00e9ale de mysticisme religieux et de sophistication moderne. Contactez d\u00e8s maintenant les demandes de renseignements en gros pour ajouter cette charmante pi\u00e8ce \u00e0 votre assortiment\u00a0!<\/p>","protected":false},"excerpt":{"rendered":"<p>Aventurez-vous dans un royaume souterrain avec notre body sexy de nonne noire en gros ! Son design s\u00e9duisant de bracelet en PU noir cr\u00e9e une aura de suspense, rendant chaque instant captivant \u2013 parfait pour les d\u00e9taillants cherchant \u00e0 combiner mystique religieuse et sensualit\u00e9 moderne !<\/p>","protected":false},"featured_media":45639,"template":"","meta":[],"product_brand":[],"product_cat":[974],"product_tag":[984,992],"class_list":{"0":"post-45634","1":"product","2":"type-product","3":"status-publish","4":"has-post-thumbnail","6":"product_cat-wholesale-sexy-costumes","7":"product_tag-halloween-costumes","8":"product_tag-nun-costume","9":"pa_color-black","10":"pa_size-free","12":"first","13":"instock","14":"taxable","15":"shipping-taxable","16":"purchasable","17":"product-type-variable"},"tiered_pricing_type":"fixed","tiered_pricing_fixed_rules":[],"tiered_pricing_product_settings":{"layout":"default","base_unit_name":{"singular":null,"plural":null},"default_variation":{}},"tiered_pricing_minimum_quantity":null,"tiered_pricing_roles_data":[],"tiered_pricing_percentage_rules":[],"tiered_pricing_maximum_quantity":null,"tiered_pricing_quantity_step":null,"_links":{"self":[{"href":"https:\/\/gretasexylingerie.com\/fr\/wp-json\/wp\/v2\/product\/45634","targetHints":{"allow":["GET"]}}],"collection":[{"href":"https:\/\/gretasexylingerie.com\/fr\/wp-json\/wp\/v2\/product"}],"about":[{"href":"https:\/\/gretasexylingerie.com\/fr\/wp-json\/wp\/v2\/types\/product"}],"wp:featuredmedia":[{"embeddable":true,"href":"https:\/\/gretasexylingerie.com\/fr\/wp-json\/wp\/v2\/media\/45639"}],"wp:attachment":[{"href":"https:\/\/gretasexylingerie.com\/fr\/wp-json\/wp\/v2\/media?parent=45634"}],"wp:term":[{"taxonomy":"product_brand","embeddable":true,"href":"https:\/\/gretasexylingerie.com\/fr\/wp-json\/wp\/v2\/product_brand?post=45634"},{"taxonomy":"product_cat","embeddable":true,"href":"https:\/\/gretasexylingerie.com\/fr\/wp-json\/wp\/v2\/product_cat?post=45634"},{"taxonomy":"product_tag","embeddable":true,"href":"https:\/\/gretasexylingerie.com\/fr\/wp-json\/wp\/v2\/product_tag?post=45634"}],"curies":[{"name":"wp","href":"https:\/\/api.w.org\/{rel}","templated":true}]}}