{"id":45586,"date":"2023-10-15T23:04:10","date_gmt":"2023-10-15T15:04:10","guid":{"rendered":"https:\/\/gretasexylingerie.com\/?post_type=product&#038;p=45586"},"modified":"2023-10-15T23:06:49","modified_gmt":"2023-10-15T15:06:49","slug":"vente-en-gros-ensemble-de-jeu-de-role-de-pom-pom-girl-dos-nu-dos-nu","status":"publish","type":"product","link":"https:\/\/gretasexylingerie.com\/fr\/products\/wholesale-backless-halterneck-cheerleading-role-play-set\/","title":{"rendered":"Ensemble de jeu de r\u00f4le de pom-pom girl dos nu dos nu en gros"},"content":{"rendered":"<ol class=\"wp-block-list\">\n<li>Conception de costumes JK jeunes\u00a0: La conception du costume JK d\u00e9gage un charme juv\u00e9nile, ce qui en fait une option passionnante pour les esprits aventureux. Son esth\u00e9tique ludique garantit un attrait durable dans les collections de vente au d\u00e9tail tout en cr\u00e9ant un r\u00e9cit de charme d&#039;\u00e9coli\u00e8re et d&#039;exploration ludique.<\/li>\n\n\n\n<li>Cuir PU sexy \u00e0 carreaux : ce cuir PU sensuel \u00e0 carreaux apporte non seulement modernit\u00e9 et sophistication \u00e0 n&#039;importe quel look, mais cr\u00e9e \u00e9galement une aura de sensualit\u00e9 \u2013 faisant de ce costume une pi\u00e8ce exceptionnelle pour la vente au d\u00e9tail.<\/li>\n\n\n\n<li>\u00c9l\u00e9gance dos nu dos nu : le design dos nu offre une silhouette attrayante, ce qui en fait un choix populaire parmi les clients de diff\u00e9rents \u00e2ges et donn\u00e9es d\u00e9mographiques. Les d\u00e9taillants qui cherchent \u00e0 proposer une gamme de v\u00eatements imaginatifs feraient bien de stocker une s\u00e9lection de ces v\u00eatements exquis.<\/li>\n\n\n\n<li>Pr\u00eat pour le jeu de r\u00f4le Cheerleading\u00a0: Con\u00e7u sp\u00e9cifiquement pour permettre le jeu de r\u00f4le Cheerleading, cet ensemble invite les consommateurs finaux \u00e0 s&#039;exprimer librement \u00e0 travers un jeu de r\u00f4le. Une option id\u00e9ale pour les d\u00e9taillants cherchant \u00e0 proposer diverses solutions vestimentaires.<\/li>\n\n\n\n<li>Pr\u00eat pour la vente en gros\u00a0: en pensant \u00e0 la vente en gros, cet ensemble de costumes JK deviendra certainement un best-seller dans votre collection de vente au d\u00e9tail. Plus qu&#039;un simple costume ordinaire ; cet ensemble JK offre l&#039;acc\u00e8s \u00e0 un monde passionnant de fantaisie et d&#039;imagination ludique !<\/li>\n<\/ol>\n\n\n\n<p>D\u00e9veloppez votre collection de vente au d\u00e9tail avec notre costume JK en cuir PU \u00e0 carreaux en gros, la combinaison id\u00e9ale de charme juv\u00e9nile et d&#039;\u00e9l\u00e9gance contemporaine. C&#039;est une option id\u00e9ale pour les d\u00e9taillants qui cherchent \u00e0 offrir \u00e0 leurs clients une vari\u00e9t\u00e9 intrigante de v\u00eatements, alors contactez-nous d\u00e8s maintenant pour toute demande de vente en gros et ajoutez une \u00e9l\u00e9gance ludique \u00e0 votre assortiment.<\/p>\n\n\n\n<figure class=\"wp-block-table is-style-stripes\"><table class=\"has-fixed-layout\"><tbody><tr><td>Carte du site (CM)<\/td><td><\/td><td><\/td><td><\/td><\/tr><tr><td>Taille<\/td><td>Longueur<\/td><td>Bas du buste<\/td><td>Taille<\/td><\/tr><tr><td>S<\/td><td>52<\/td><td>86-90<\/td><td>57-61<\/td><\/tr><tr><td>M<\/td><td>54<\/td><td>90-94<\/td><td>61-65<\/td><\/tr><tr><td>L<\/td><td>56<\/td><td>94-98<\/td><td>65-69<\/td><\/tr><tr><td>XL<\/td><td>58<\/td><td>98-102<\/td><td>69-73<\/td><\/tr><tr><td>Carte du site (POUCES)<\/td><td><\/td><td><\/td><td><\/td><\/tr><tr><td>Taille<\/td><td>Longueur<\/td><td>Bas du buste<\/td><td>Taille<\/td><\/tr><tr><td>S<\/td><td>20.47<\/td><td>33.86-35.43<\/td><td>22.44-24.02<\/td><\/tr><tr><td>M<\/td><td>21.26<\/td><td>35.43-37.01<\/td><td>24.02-25.59<\/td><\/tr><tr><td>L<\/td><td>22.05<\/td><td>37.01-38.58<\/td><td>25.59-27.17<\/td><\/tr><tr><td>XL<\/td><td>22.83<\/td><td>38.58-40.16<\/td><td>27.17-28.74<\/td><\/tr><\/tbody><\/table><\/figure>","protected":false},"excerpt":{"rendered":"<p>Lib\u00e9rez l&#039;esprit d&#039;aventures ludiques avec notre costume JK en cuir PU \u00e0 carreaux en gros\u00a0! Parfait pour les jeux de r\u00f4le de pom-pom girl, son design dos nu enflamme la fantaisie \u2013 faisant de cet ensemble une excellente option pour les d\u00e9taillants qui esp\u00e8rent offrir \u00e0 la fois le charme de la jeunesse et la sensualit\u00e9 moderne dans un seul emballage.<\/p>","protected":false},"featured_media":45598,"template":"","meta":[],"product_brand":[],"product_cat":[974],"product_tag":[976],"class_list":{"0":"post-45586","1":"product","2":"type-product","3":"status-publish","4":"has-post-thumbnail","6":"product_cat-wholesale-sexy-costumes","7":"product_tag-schoolgirl-costumes","8":"pa_color-blue-women-sexy-lingerie","9":"pa_size-wholesale-large-size-women-sexy-lingerie","10":"pa_size-wholesale-medium-size-women-sexy-lingerie","11":"pa_size-wholesale-small-size-sexy-lingerie","12":"pa_size-wholesale-extra-large-sexy-lingerie","14":"first","15":"instock","16":"taxable","17":"shipping-taxable","18":"purchasable","19":"product-type-variable"},"tiered_pricing_type":"fixed","tiered_pricing_fixed_rules":[],"tiered_pricing_product_settings":{"layout":"default","base_unit_name":{"singular":null,"plural":null},"default_variation":{}},"tiered_pricing_minimum_quantity":null,"tiered_pricing_roles_data":[],"tiered_pricing_percentage_rules":[],"tiered_pricing_maximum_quantity":null,"tiered_pricing_quantity_step":null,"_links":{"self":[{"href":"https:\/\/gretasexylingerie.com\/fr\/wp-json\/wp\/v2\/product\/45586","targetHints":{"allow":["GET"]}}],"collection":[{"href":"https:\/\/gretasexylingerie.com\/fr\/wp-json\/wp\/v2\/product"}],"about":[{"href":"https:\/\/gretasexylingerie.com\/fr\/wp-json\/wp\/v2\/types\/product"}],"wp:featuredmedia":[{"embeddable":true,"href":"https:\/\/gretasexylingerie.com\/fr\/wp-json\/wp\/v2\/media\/45598"}],"wp:attachment":[{"href":"https:\/\/gretasexylingerie.com\/fr\/wp-json\/wp\/v2\/media?parent=45586"}],"wp:term":[{"taxonomy":"product_brand","embeddable":true,"href":"https:\/\/gretasexylingerie.com\/fr\/wp-json\/wp\/v2\/product_brand?post=45586"},{"taxonomy":"product_cat","embeddable":true,"href":"https:\/\/gretasexylingerie.com\/fr\/wp-json\/wp\/v2\/product_cat?post=45586"},{"taxonomy":"product_tag","embeddable":true,"href":"https:\/\/gretasexylingerie.com\/fr\/wp-json\/wp\/v2\/product_tag?post=45586"}],"curies":[{"name":"wp","href":"https:\/\/api.w.org\/{rel}","templated":true}]}}