{"id":45489,"date":"2023-10-13T01:11:57","date_gmt":"2023-10-12T17:11:57","guid":{"rendered":"https:\/\/gretasexylingerie.com\/?post_type=product&#038;p=45489"},"modified":"2023-10-13T01:13:23","modified_gmt":"2023-10-12T17:13:23","slug":"vente-en-gros-costume-de-policiere-sexy-costume-de-cosplay-pour-femme","status":"publish","type":"product","link":"https:\/\/gretasexylingerie.com\/fr\/products\/wholesale-sexy-policewoman-costume-cosplay-womens-suit\/","title":{"rendered":"Costume de polici\u00e8re sexy en gros Costume de cosplay pour femme"},"content":{"rendered":"<ol class=\"wp-block-list\">\n<li>Appel imposant : notre s\u00e9duisant costume de polici\u00e8re d\u00e9gage un attrait imposant, ce qui en fait une option tentante pour les \u00e2mes aventureuses. Il incarne une aura autoritaire et une allure sensuelle, ce qui fait que cette pi\u00e8ce se d\u00e9marque dans votre collection de vente au d\u00e9tail.<\/li>\n\n\n\n<li>Une exp\u00e9rience de cosplay engageante\u00a0: cet ensemble a \u00e9t\u00e9 con\u00e7u pour une exp\u00e9rience de cosplay policier engageante, permettant aux consommateurs finaux de r\u00e9aliser leurs fantasmes. Il constitue un excellent compl\u00e9ment pour les d\u00e9taillants souhaitant proposer un assortiment de tenues de jeu de r\u00f4le.<\/li>\n\n\n\n<li>Fabrication de haute qualit\u00e9 : notre engagement envers une fabrication de haute qualit\u00e9 garantit un port confortable pour un jeu prolong\u00e9, d\u00e9montrant notre engagement \u00e0 offrir uniquement des produits de qualit\u00e9 sup\u00e9rieure \u00e0 vos clients.<\/li>\n\n\n\n<li>Style polyvalent\u00a0: cet ensemble offre des options de style polyvalentes, ce qui le rend adapt\u00e9 \u00e0 divers \u00e9v\u00e9nements \u00e0 th\u00e8me ou aventures priv\u00e9es. Les d\u00e9taillants qui cherchent \u00e0 proposer des v\u00eatements imaginatifs peuvent b\u00e9n\u00e9ficier de cet ensemble diversifi\u00e9.<\/li>\n\n\n\n<li>Pr\u00eat pour la vente en gros\u00a0: avec son objectif de vente en gros, ce costume de polici\u00e8re sexy peut devenir une vente instantan\u00e9e au d\u00e9tail. Plus qu&#039;un simple costume ; cette pi\u00e8ce de mode invite les utilisateurs \u00e0 entrer dans un monde de fantaisie et d&#039;autorit\u00e9 ludique.<\/li>\n<\/ol>\n\n\n\n<p>Ajoutez notre costume de polici\u00e8re sexy en gros \u00e0 votre s\u00e9lection de vente au d\u00e9tail et \u00e9largissez-le avec un attrait imposant et une fantaisie ludique\u00a0! Il est id\u00e9al pour les d\u00e9taillants qui cherchent \u00e0 offrir \u00e0 leurs clients des options vestimentaires diverses et imaginatives. Contactez-nous d\u00e8s maintenant pour des demandes de renseignements en gros afin que vous puissiez ajouter une \u00e9l\u00e9gance audacieuse \u00e0 votre assortiment d\u00e8s aujourd&#039;hui.<\/p>\n\n\n\n<figure class=\"wp-block-table is-style-stripes\"><table class=\"has-fixed-layout\"><tbody><tr><td>Carte du site (CM)<\/td><td><\/td><td><\/td><td><\/td><\/tr><tr><td>Taille<\/td><td>Longueur<\/td><td>Bas du buste<\/td><td>Taille<\/td><\/tr><tr><td>M<\/td><td>56<\/td><td>90<\/td><td>68&nbsp;<\/td><\/tr><tr><td>L<\/td><td>56<\/td><td>95<\/td><td>73<\/td><\/tr><tr><td>Carte du site (POUCES)<\/td><td><\/td><td><\/td><td><\/td><\/tr><tr><td>Taille<\/td><td>Longueur<\/td><td>Bas du buste<\/td><td>Taille<\/td><\/tr><tr><td>M<\/td><td>22.05<\/td><td>35.43<\/td><td>26.77<\/td><\/tr><tr><td>L<\/td><td>22.05<\/td><td>37.4<\/td><td>28.74<\/td><\/tr><\/tbody><\/table><\/figure>","protected":false},"excerpt":{"rendered":"<p>Lib\u00e9rez un monde de fantaisie avec notre costume de polici\u00e8re sexy en gros ! Parfait pour les soir\u00e9es cosplay et les \u00e9v\u00e9nements mettant en vedette des cosplayers policiers, ce costume pour femme respire l&#039;autorit\u00e9 tout en restant s\u00e9duisant ; parfait pour les d\u00e9taillants qui cherchent \u00e0 \u00e9largir leur collection avec des tenues captivantes\u00a0!<\/p>","protected":false},"featured_media":45503,"template":"","meta":[],"product_brand":[],"product_cat":[974],"product_tag":[978],"class_list":{"0":"post-45489","1":"product","2":"type-product","3":"status-publish","4":"has-post-thumbnail","6":"product_cat-wholesale-sexy-costumes","7":"product_tag-policewoman-costume","8":"pa_color-black","9":"pa_size-wholesale-large-size-women-sexy-lingerie","10":"pa_size-wholesale-medium-size-women-sexy-lingerie","12":"first","13":"instock","14":"taxable","15":"shipping-taxable","16":"purchasable","17":"product-type-variable"},"tiered_pricing_type":"fixed","tiered_pricing_fixed_rules":[],"tiered_pricing_product_settings":{"layout":"default","base_unit_name":{"singular":null,"plural":null},"default_variation":{}},"tiered_pricing_minimum_quantity":null,"tiered_pricing_roles_data":[],"tiered_pricing_percentage_rules":[],"tiered_pricing_maximum_quantity":null,"tiered_pricing_quantity_step":null,"_links":{"self":[{"href":"https:\/\/gretasexylingerie.com\/fr\/wp-json\/wp\/v2\/product\/45489","targetHints":{"allow":["GET"]}}],"collection":[{"href":"https:\/\/gretasexylingerie.com\/fr\/wp-json\/wp\/v2\/product"}],"about":[{"href":"https:\/\/gretasexylingerie.com\/fr\/wp-json\/wp\/v2\/types\/product"}],"wp:featuredmedia":[{"embeddable":true,"href":"https:\/\/gretasexylingerie.com\/fr\/wp-json\/wp\/v2\/media\/45503"}],"wp:attachment":[{"href":"https:\/\/gretasexylingerie.com\/fr\/wp-json\/wp\/v2\/media?parent=45489"}],"wp:term":[{"taxonomy":"product_brand","embeddable":true,"href":"https:\/\/gretasexylingerie.com\/fr\/wp-json\/wp\/v2\/product_brand?post=45489"},{"taxonomy":"product_cat","embeddable":true,"href":"https:\/\/gretasexylingerie.com\/fr\/wp-json\/wp\/v2\/product_cat?post=45489"},{"taxonomy":"product_tag","embeddable":true,"href":"https:\/\/gretasexylingerie.com\/fr\/wp-json\/wp\/v2\/product_tag?post=45489"}],"curies":[{"name":"wp","href":"https:\/\/api.w.org\/{rel}","templated":true}]}}