{"id":45384,"date":"2023-09-20T00:27:16","date_gmt":"2023-09-19T16:27:16","guid":{"rendered":"https:\/\/gretasexylingerie.com\/?post_type=product&#038;p=45384"},"modified":"2024-04-04T14:56:20","modified_gmt":"2024-04-04T06:56:20","slug":"vente-en-gros-ensemble-soutien-gorge-et-culotte-en-dentelle-et-cils-avec-broderie-damour","status":"publish","type":"product","link":"https:\/\/gretasexylingerie.com\/fr\/products\/wholesale-lace-and-eyelash-bra-and-panty-set-with-love-embroidery\/","title":{"rendered":"Ensemble soutien-gorge et culotte en dentelle et cils, vente en gros, avec broderie d&#039;amour"},"content":{"rendered":"<ol class=\"wp-block-list\">\n<li>Notre ensemble soutien-gorge et culotte Love Embroidery comprend des mat\u00e9riaux de qualit\u00e9 sup\u00e9rieure pour fournir un produit haut de gamme dans votre collection. Dot\u00e9 d&#039;un travail de broderie \u00e9l\u00e9gant qui ajoute du romantisme et de la sophistication, notre ensemble Love Embroidery r\u00e9sistera \u00e0 l&#039;\u00e9preuve du temps dans n&#039;importe quel environnement.<\/li>\n\n\n\n<li>Cet ensemble incarne l&#039;esth\u00e9tique et la sentimentalit\u00e9, de son design s\u00e9duisant en dentelle et en cils \u00e0 la broderie en forme de c\u0153ur qui ajoute une nostalgie touchante qui en fait un choix enchanteur pour tout \u00e9v\u00e9nement romantique.<\/li>\n\n\n\n<li>Notre ensemble de lingerie brod\u00e9e Romantic Love t\u00e9moigne d\u2019un savoir-faire impeccable. Dot\u00e9 de d\u00e9tails en dentelle exquis associ\u00e9s \u00e0 des accents de cils, cet ensemble soutien-gorge et culotte donne une apparence accrocheuse pour un look vraiment captivant.<\/li>\n<\/ol>\n\n\n\n<p>Entrez dans une romance avec notre ensemble soutien-gorge et culotte Love Embroidery, avec de la dentelle d\u00e9licate et des cils pour plus de romance. Ne manquez pas cette pi\u00e8ce haut de gamme con\u00e7ue pour des moments sp\u00e9ciaux ; contactez-nous maintenant pour passer votre commande ou vous renseigner davantage\u00a0! Rendons ensemble chaque occasion m\u00e9morable inoubliable\u00a0!<\/p>\n\n\n\n<figure class=\"wp-block-table is-style-stripes\"><table class=\"has-fixed-layout\"><tbody><tr><td>Carte du site (CM)<\/td><td><\/td><td><\/td><td><\/td><td><\/td><\/tr><tr><td>Taille<\/td><td>Longueur<\/td><td>Bas du buste<\/td><td>Taille<\/td><td>Taille de jarreti\u00e8re<\/td><\/tr><tr><td>S<\/td><td>20<\/td><td>66<\/td><td>62<\/td><td>66<\/td><\/tr><tr><td>M<\/td><td>21<\/td><td>70<\/td><td>66&nbsp;<\/td><td>70<\/td><\/tr><tr><td>L<\/td><td>22<\/td><td>74<\/td><td>70<\/td><td>74<\/td><\/tr><tr><td>Carte du site (POUCES)<\/td><td><\/td><td><\/td><td><\/td><td><\/td><\/tr><tr><td>Taille<\/td><td>Longueur<\/td><td>Bas du buste<\/td><td>Taille<\/td><td>Taille de jarreti\u00e8re<\/td><\/tr><tr><td>S<\/td><td>7.87<\/td><td>25.98<\/td><td>24.41<\/td><td>25.98<\/td><\/tr><tr><td>M<\/td><td>8.27<\/td><td>27.56<\/td><td>25.98<\/td><td>27.56<\/td><\/tr><tr><td>L<\/td><td>8.66<\/td><td>29.13<\/td><td>27.56<\/td><td>29.13<\/td><\/tr><\/tbody><\/table><\/figure>","protected":false},"excerpt":{"rendered":"<p>C\u00e9l\u00e9brez l&#039;amour avec notre ensemble de lingerie brod\u00e9e Romantic Love, compl\u00e9t\u00e9 par des d\u00e9tails complexes en dentelle et en cils pour plus de style, de confort et d&#039;allure. Une fa\u00e7on fabuleuse de marquer cette \u00e9tape romantique.<\/p>","protected":false},"featured_media":45395,"template":"","meta":[],"product_brand":[],"product_cat":[368,367,375],"product_tag":[448,454,518,864,972],"class_list":{"0":"post-45384","1":"product","2":"type-product","3":"status-publish","4":"has-post-thumbnail","6":"product_cat-bra-panty-set","7":"product_cat-sexy-lingerie","8":"product_cat-whoelsale-sheer-bra-and-panty-sets","9":"product_tag-wholesale-elegant-sexy-lingerie","10":"product_tag-wholesale-sexy-embroidered-lingerie","11":"product_tag-mesh-lingerie","12":"product_tag-sexy-petite-lingerie","13":"product_tag-valentines-day-lingerie","14":"pa_color-yellow","15":"pa_size-wholesale-large-size-women-sexy-lingerie","16":"pa_size-wholesale-medium-size-women-sexy-lingerie","17":"pa_size-wholesale-small-size-sexy-lingerie","19":"first","20":"instock","21":"taxable","22":"shipping-taxable","23":"purchasable","24":"product-type-variable"},"tiered_pricing_type":"fixed","tiered_pricing_fixed_rules":[],"tiered_pricing_product_settings":{"layout":"table","base_unit_name":{"singular":null,"plural":null},"default_variation":{}},"tiered_pricing_minimum_quantity":null,"tiered_pricing_roles_data":[],"tiered_pricing_percentage_rules":[],"tiered_pricing_maximum_quantity":null,"tiered_pricing_quantity_step":null,"_links":{"self":[{"href":"https:\/\/gretasexylingerie.com\/fr\/wp-json\/wp\/v2\/product\/45384","targetHints":{"allow":["GET"]}}],"collection":[{"href":"https:\/\/gretasexylingerie.com\/fr\/wp-json\/wp\/v2\/product"}],"about":[{"href":"https:\/\/gretasexylingerie.com\/fr\/wp-json\/wp\/v2\/types\/product"}],"wp:featuredmedia":[{"embeddable":true,"href":"https:\/\/gretasexylingerie.com\/fr\/wp-json\/wp\/v2\/media\/45395"}],"wp:attachment":[{"href":"https:\/\/gretasexylingerie.com\/fr\/wp-json\/wp\/v2\/media?parent=45384"}],"wp:term":[{"taxonomy":"product_brand","embeddable":true,"href":"https:\/\/gretasexylingerie.com\/fr\/wp-json\/wp\/v2\/product_brand?post=45384"},{"taxonomy":"product_cat","embeddable":true,"href":"https:\/\/gretasexylingerie.com\/fr\/wp-json\/wp\/v2\/product_cat?post=45384"},{"taxonomy":"product_tag","embeddable":true,"href":"https:\/\/gretasexylingerie.com\/fr\/wp-json\/wp\/v2\/product_tag?post=45384"}],"curies":[{"name":"wp","href":"https:\/\/api.w.org\/{rel}","templated":true}]}}