{"id":45336,"date":"2023-09-19T00:08:02","date_gmt":"2023-09-18T16:08:02","guid":{"rendered":"https:\/\/gretasexylingerie.com\/?post_type=product&#038;p=45336"},"modified":"2023-09-19T00:15:28","modified_gmt":"2023-09-18T16:15:28","slug":"vente-en-gros-elegant-voir-a-travers-un-costume-sexy-avec-pendentif-damour","status":"publish","type":"product","link":"https:\/\/gretasexylingerie.com\/fr\/products\/wholesaleelegant-see-through-sexy-suit-with-love-pendant\/","title":{"rendered":"Costume sexy transparent \u00e9l\u00e9gant avec pendentif d&#039;amour, vente en gros"},"content":{"rendered":"<ol class=\"wp-block-list\">\n<li>Notre ensemble de quatre jarretelles de soutien-gorge sexy en cuir et tissu en maille \u00e9piss\u00e9e est une combinaison impressionnante de mat\u00e9riaux de qualit\u00e9 sup\u00e9rieure qui garantit qu&#039;il r\u00e9siste \u00e0 l&#039;\u00e9preuve du temps dans n&#039;importe quelle collection. Dot\u00e9 de notre magnifique pendentif Love pour plus de romantisme et de sophistication.<\/li>\n\n\n\n<li>Cet ensemble illustre \u00e0 la fois la beaut\u00e9 et le savoir-faire. Combinant cuir, tissu et maille pour un design accrocheur. De plus, son pendentif c\u0153ur ajoute une touche de nostalgie, ce qui en fait une pi\u00e8ce exquise parfaite pour toute collection.<\/li>\n\n\n\n<li>Notre ensemble de lingerie sexy avant-gardiste avec \u00e9pissure de cuir, de tissu et de maille est une prouesse impressionnante d&#039;innovation en mati\u00e8re de design. Dot\u00e9 d&#039;\u00e9l\u00e9ments transparents et du pendentif Love, cet ensemble de quatre pi\u00e8ces cr\u00e9e une apparence accrocheuse et s\u00e9duit \u00e0 chaque fois qu&#039;ils sont port\u00e9s.<\/li>\n<\/ol>\n\n\n\n<p>Entrez dans un monde d&#039;\u00e9l\u00e9gance et d&#039;allure avec notre ensemble de quatre jarretelles de soutien-gorge sexy en cuir et tissu en maille \u00e9piss\u00e9e ! Pas n\u2019importe quelle pi\u00e8ce de lingerie ; cette pi\u00e8ce haut de gamme repr\u00e9sente le style, la sophistication et la sentimentalit\u00e9. Ne manquez pas cette occasion\u00a0; contactez-nous maintenant pour commander ou vous renseigner sur son achat\u00a0! R\u00e9inventons ensemble la mode lingerie !<\/p>\n\n\n\n<figure class=\"wp-block-table is-style-stripes\"><table class=\"has-fixed-layout\"><tbody><tr><td>Carte du site (CM)<\/td><td><\/td><td><\/td><td><\/td><td><\/td><\/tr><tr><td>Taille<\/td><td>Longueur<\/td><td>Bas du buste<\/td><td>Taille<\/td><td>Taille de jarreti\u00e8re<\/td><\/tr><tr><td>S<\/td><td>13<\/td><td>62-88<\/td><td>68-96<\/td><td>61-92<\/td><\/tr><tr><td>M<\/td><td>14<\/td><td>66-92<\/td><td>72-100<\/td><td>65-96<\/td><\/tr><tr><td>L<\/td><td>15<\/td><td>70-96<\/td><td>76-104<\/td><td>69-100<\/td><\/tr><tr><td>Carte du site (POUCES)<\/td><td><\/td><td><\/td><td><\/td><td><\/td><\/tr><tr><td>Taille<\/td><td>Longueur<\/td><td>Bas du buste<\/td><td>Taille<\/td><td>Taille de jarreti\u00e8re<\/td><\/tr><tr><td>S<\/td><td>5.12<\/td><td>24.41-34.65<\/td><td>26.77-37.80<\/td><td>24.02-36.22<\/td><\/tr><tr><td>M<\/td><td>5.51<\/td><td>25.98-36.22<\/td><td>28.35-39.37<\/td><td>25.59-37.80<\/td><\/tr><tr><td>L<\/td><td>5.91<\/td><td>27.56-37.80<\/td><td>29.92-40.94<\/td><td>27.17-39.37<\/td><\/tr><\/tbody><\/table><\/figure>","protected":false},"excerpt":{"rendered":"<p>Ajoutez de l&#039;\u00e9l\u00e9gance \u00e0 votre collection de lingerie avec notre \u00e9l\u00e9gant costume sexy transparent avec pendentif Love et d\u00e9tails en maille, parfait pour rehausser n&#039;importe quelle garde-robe de lingerie. B\u00e9n\u00e9ficiant d&#039;un tissu s\u00e9duisant en cuir et en tissu combin\u00e9 \u00e0 l&#039;\u00e9l\u00e9gance d&#039;un pendentif d&#039;amour, cette pi\u00e8ce se d\u00e9marquera s\u00fbrement dans n&#039;importe quelle collection de lingerie.<\/p>","protected":false},"featured_media":45346,"template":"","meta":[],"product_brand":[],"product_cat":[368,367,375],"product_tag":[507,448,524,453,972],"class_list":{"0":"post-45336","1":"product","2":"type-product","3":"status-publish","4":"has-post-thumbnail","6":"product_cat-bra-panty-set","7":"product_cat-sexy-lingerie","8":"product_cat-whoelsale-sheer-bra-and-panty-sets","9":"product_tag-three-pcs-set","10":"product_tag-wholesale-elegant-sexy-lingerie","11":"product_tag-metal-lingerie","12":"product_tag-wholesale-sexy-naughty-lingerie","13":"product_tag-valentines-day-lingerie","14":"pa_color-black","15":"pa_size-wholesale-large-size-women-sexy-lingerie","16":"pa_size-wholesale-medium-size-women-sexy-lingerie","17":"pa_size-wholesale-small-size-sexy-lingerie","19":"first","20":"instock","21":"taxable","22":"shipping-taxable","23":"purchasable","24":"product-type-variable"},"tiered_pricing_type":"fixed","tiered_pricing_fixed_rules":[],"tiered_pricing_product_settings":{"layout":"default","base_unit_name":{"singular":null,"plural":null},"default_variation":{}},"tiered_pricing_minimum_quantity":null,"tiered_pricing_roles_data":[],"tiered_pricing_percentage_rules":[],"tiered_pricing_maximum_quantity":null,"tiered_pricing_quantity_step":null,"_links":{"self":[{"href":"https:\/\/gretasexylingerie.com\/fr\/wp-json\/wp\/v2\/product\/45336","targetHints":{"allow":["GET"]}}],"collection":[{"href":"https:\/\/gretasexylingerie.com\/fr\/wp-json\/wp\/v2\/product"}],"about":[{"href":"https:\/\/gretasexylingerie.com\/fr\/wp-json\/wp\/v2\/types\/product"}],"wp:featuredmedia":[{"embeddable":true,"href":"https:\/\/gretasexylingerie.com\/fr\/wp-json\/wp\/v2\/media\/45346"}],"wp:attachment":[{"href":"https:\/\/gretasexylingerie.com\/fr\/wp-json\/wp\/v2\/media?parent=45336"}],"wp:term":[{"taxonomy":"product_brand","embeddable":true,"href":"https:\/\/gretasexylingerie.com\/fr\/wp-json\/wp\/v2\/product_brand?post=45336"},{"taxonomy":"product_cat","embeddable":true,"href":"https:\/\/gretasexylingerie.com\/fr\/wp-json\/wp\/v2\/product_cat?post=45336"},{"taxonomy":"product_tag","embeddable":true,"href":"https:\/\/gretasexylingerie.com\/fr\/wp-json\/wp\/v2\/product_tag?post=45336"}],"curies":[{"name":"wp","href":"https:\/\/api.w.org\/{rel}","templated":true}]}}