{"id":45298,"date":"2023-09-18T01:15:14","date_gmt":"2023-09-17T17:15:14","guid":{"rendered":"https:\/\/gretasexylingerie.com\/?post_type=product&#038;p=45298"},"modified":"2023-09-18T01:16:54","modified_gmt":"2023-09-17T17:16:54","slug":"vente-en-gros-elegant-voir-a-travers-un-soutien-gorge-jarretiere-en-maille-avec-un-pompon-sexy","status":"publish","type":"product","link":"https:\/\/gretasexylingerie.com\/fr\/products\/wholesale-elegant-see-through-mesh-garter-bra-set-with-sexy-tasse\/","title":{"rendered":"Ensemble de soutien-gorge jarretelles en maille transparente, \u00e9l\u00e9gant, avec tasse sexy, vente en gros"},"content":{"rendered":"<ol class=\"wp-block-list\">\n<li>Notre ensemble trois pi\u00e8ces de sous-v\u00eatements jarretelles sexy \u00e0 pampilles de nouveau style a \u00e9t\u00e9 fabriqu\u00e9 \u00e0 la main m\u00e9ticuleusement pour garantir un produit de premier ordre pour votre collection. Les d\u00e9tails exquis des pampilles ajoutent un air de sophistication et de style qui distingue cet ensemble.<\/li>\n\n\n\n<li>Cet \u00e9l\u00e9gant ensemble de sous-v\u00eatements jarretelles en maille transparente avec pompon sexy est beau et confortable ! Dot\u00e9 d&#039;un mat\u00e9riau en maille pour un confort d\u00e9licat contre la peau et de d\u00e9tails de pompons sophistiqu\u00e9s, ajoutant un autre niveau de sophistication, parfait pour ceux qui recherchent le m\u00e9lange id\u00e9al entre mode et confort !<\/li>\n\n\n\n<li>Notre ensemble de jarretelles de lingerie sexy avant-gardiste avec des d\u00e9tails \u00e0 pompons illustre un savoir-faire exquis. Dot\u00e9 de d\u00e9tails en maille transparente et de pompons, cet ensemble trois pi\u00e8ces fait une d\u00e9claration impressionnante dans toute collection de lingerie.<\/li>\n<\/ol>\n\n\n\n<p>Rejoignez le monde de l&#039;\u00e9l\u00e9gance et de l&#039;allure avec notre ensemble trois pi\u00e8ces de sous-v\u00eatements jarretelles sexy \u00e0 pampilles New Style. Pas n\u2019importe quelle vieille pi\u00e8ce de lingerie ; cette d\u00e9claration de style fait une d\u00e9claration audacieuse\u00a0! Ne manquez pas cette pi\u00e8ce exquise \u2013 contactez-nous d\u00e8s maintenant pour commander ou vous renseigner \u2013 ensemble, red\u00e9finissons la mode lingerie !<\/p>\n\n\n\n<figure class=\"wp-block-table is-style-stripes\"><table class=\"has-fixed-layout\"><tbody><tr><td>Carte du site (CM)<\/td><td><\/td><td><\/td><td><\/td><td><\/td><\/tr><tr><td>Taille<\/td><td>Longueur<\/td><td>Bas du buste<\/td><td>Taille<\/td><td>Taille de jarreti\u00e8re<\/td><\/tr><tr><td>S<\/td><td>16<\/td><td>61-88<\/td><td>67-96<\/td><td>60-92<\/td><\/tr><tr><td>M<\/td><td>17<\/td><td>65-92<\/td><td>71-100<\/td><td>60-92<\/td><\/tr><tr><td>L<\/td><td>18<\/td><td>69-96<\/td><td>75-104<\/td><td>60-92<\/td><\/tr><tr><td>Carte du site (POUCES)<\/td><td><\/td><td><\/td><td><\/td><td><\/td><\/tr><tr><td>Taille<\/td><td>Longueur<\/td><td>Bas du buste<\/td><td>Taille<\/td><td>Taille de jarreti\u00e8re<\/td><\/tr><tr><td>S<\/td><td>6.3<\/td><td>24.02-34.65<\/td><td>26.38-37.80<\/td><td>23.62-36.22<\/td><\/tr><tr><td>M<\/td><td>6.69<\/td><td>25.59-36.22<\/td><td>27.95-39.37<\/td><td>23.62-36.22<\/td><\/tr><tr><td>L<\/td><td>7.09<\/td><td>27.17-37.80<\/td><td>29.53-40.94<\/td><td>23.62-36.22<\/td><\/tr><\/tbody><\/table><\/figure>","protected":false},"excerpt":{"rendered":"<p>Avec son s\u00e9duisant design en maille transparente, cet ensemble offre l&#039;\u00e9quilibre id\u00e9al entre allure et \u00e9l\u00e9gance \u2013 une pi\u00e8ce essentielle pour toute collection de lingerie moderne. Les d\u00e9tails \u00e0 pampilles ajoutent \u00e0 la fois de la sophistication et des \u00e9l\u00e9ments ludiques qui enchanteront \u00e0 coup s\u00fbr.<\/p>","protected":false},"featured_media":45311,"template":"","meta":[],"product_brand":[],"product_cat":[368,367,375,376],"product_tag":[446,864,865,531],"class_list":{"0":"post-45298","1":"product","2":"type-product","3":"status-publish","4":"has-post-thumbnail","6":"product_cat-bra-panty-set","7":"product_cat-sexy-lingerie","8":"product_cat-whoelsale-sheer-bra-and-panty-sets","9":"product_cat-wholesale-ultra-sexy-bra-panty-set","10":"product_tag-wholesale-sexy-see-through-lingerie","11":"product_tag-sexy-petite-lingerie","12":"product_tag-sexy-skimpy-lingerie","13":"product_tag-tassel-lingerie","14":"pa_color-black","15":"pa_size-wholesale-large-size-women-sexy-lingerie","16":"pa_size-wholesale-medium-size-women-sexy-lingerie","17":"pa_size-wholesale-small-size-sexy-lingerie","19":"first","20":"instock","21":"taxable","22":"shipping-taxable","23":"purchasable","24":"product-type-variable"},"tiered_pricing_type":"fixed","tiered_pricing_fixed_rules":[],"tiered_pricing_product_settings":{"layout":"default","base_unit_name":{"singular":null,"plural":null},"default_variation":{}},"tiered_pricing_minimum_quantity":null,"tiered_pricing_roles_data":[],"tiered_pricing_percentage_rules":[],"tiered_pricing_maximum_quantity":null,"tiered_pricing_quantity_step":null,"_links":{"self":[{"href":"https:\/\/gretasexylingerie.com\/fr\/wp-json\/wp\/v2\/product\/45298","targetHints":{"allow":["GET"]}}],"collection":[{"href":"https:\/\/gretasexylingerie.com\/fr\/wp-json\/wp\/v2\/product"}],"about":[{"href":"https:\/\/gretasexylingerie.com\/fr\/wp-json\/wp\/v2\/types\/product"}],"wp:featuredmedia":[{"embeddable":true,"href":"https:\/\/gretasexylingerie.com\/fr\/wp-json\/wp\/v2\/media\/45311"}],"wp:attachment":[{"href":"https:\/\/gretasexylingerie.com\/fr\/wp-json\/wp\/v2\/media?parent=45298"}],"wp:term":[{"taxonomy":"product_brand","embeddable":true,"href":"https:\/\/gretasexylingerie.com\/fr\/wp-json\/wp\/v2\/product_brand?post=45298"},{"taxonomy":"product_cat","embeddable":true,"href":"https:\/\/gretasexylingerie.com\/fr\/wp-json\/wp\/v2\/product_cat?post=45298"},{"taxonomy":"product_tag","embeddable":true,"href":"https:\/\/gretasexylingerie.com\/fr\/wp-json\/wp\/v2\/product_tag?post=45298"}],"curies":[{"name":"wp","href":"https:\/\/api.w.org\/{rel}","templated":true}]}}