{"id":45281,"date":"2023-09-18T00:28:07","date_gmt":"2023-09-17T16:28:07","guid":{"rendered":"https:\/\/gretasexylingerie.com\/?post_type=product&#038;p=45281"},"modified":"2023-09-18T00:30:17","modified_gmt":"2023-09-17T16:30:17","slug":"vente-en-gros-voir-a-travers-un-body-sexy-dos-nu-en-maille","status":"publish","type":"product","link":"https:\/\/gretasexylingerie.com\/fr\/products\/wholesale-see-through-mesh-halterneck-sexy-bodysuit\/","title":{"rendered":"Vente en gros Body sexy \u00e0 col licou en maille transparente"},"content":{"rendered":"<ol class=\"wp-block-list\">\n<li>Notre body sexy dos nu en maille transparente est soigneusement con\u00e7u pour faire ressortir tout son potentiel, cr\u00e9ant un produit exquis pour votre collection. Son design dos nu distinctif met en valeur la qualit\u00e9 et le soin apport\u00e9 \u00e0 chaque pi\u00e8ce.<\/li>\n\n\n\n<li>Cet \u00e9l\u00e9gant body dos nu en maille transparente sexy est \u00e0 la fois tendance et confortable ! La maille d\u00e9licate offre une touche l\u00e9g\u00e8re sur votre peau tandis que son dos nu ajoute de la sophistication, id\u00e9al pour ceux qui recherchent la combinaison parfaite de style et de confort.<\/li>\n\n\n\n<li>Notre body lingerie sexy avant-gardiste avec design dos nu t\u00e9moigne d&#039;un savoir-faire exquis. La maille transparente ajoute un \u00e9l\u00e9ment accrocheur, garantissant que cette pi\u00e8ce se d\u00e9marque dans n&#039;importe quelle collection de lingerie.<\/li>\n<\/ol>\n\n\n\n<p>Explorez un monde d&#039;\u00e9l\u00e9gance et de charme avec notre body sexy dos nu en maille transparente, pas seulement de la lingerie ; cette pi\u00e8ce fait une d\u00e9claration de style et de sophistication ! Ne manquez rien\u00a0; contactez-nous d\u00e8s maintenant pour passer votre commande ou pour toute demande de renseignements\u00a0! Ensemble, nous pouvons r\u00e9volutionner la mode lingerie !<\/p>\n\n\n\n<figure class=\"wp-block-table is-style-stripes\"><table class=\"has-fixed-layout\"><tbody><tr><td>Carte du site (CM)<\/td><td><\/td><td><\/td><td><\/td><\/tr><tr><td>Taille<\/td><td>Longueur<\/td><td>Taille<\/td><td>Bas du buste<\/td><\/tr><tr><td>S<\/td><td>50<\/td><td>56<\/td><td>59-88<\/td><\/tr><tr><td>M<\/td><td>51<\/td><td>60<\/td><td>63-92<\/td><\/tr><tr><td>L<\/td><td>52<\/td><td>64<\/td><td>67-96<\/td><\/tr><tr><td>Carte du site (POUCES)<\/td><td><\/td><td><\/td><td><\/td><\/tr><tr><td>Taille<\/td><td>Longueur<\/td><td>Taille<\/td><td>Bas du buste<\/td><\/tr><tr><td>S<\/td><td>19.69<\/td><td>22.05<\/td><td>23.23-34.65<\/td><\/tr><tr><td>M<\/td><td>20.08<\/td><td>23.62<\/td><td>24.80-36.22<\/td><\/tr><tr><td>L<\/td><td>20.47<\/td><td>25.2<\/td><td>26.38-37.80<\/td><\/tr><\/tbody><\/table><\/figure>","protected":false},"excerpt":{"rendered":"<p>Ajoutez un peu de glamour moderne \u00e0 n&#039;importe quelle garde-robe de lingerie avec notre body de lingerie sexy avant-gardiste avec un design dos nu, offrant style, confort et allure tout-en-un ! Il se d\u00e9marquera s\u00fbrement parmi n\u2019importe quelle collection.<\/p>","protected":false},"featured_media":45291,"template":"","meta":[],"product_brand":[],"product_cat":[370,367,373],"product_tag":[448,446,447,504],"class_list":{"0":"post-45281","1":"product","2":"type-product","3":"status-publish","4":"has-post-thumbnail","6":"product_cat-bodysuit","7":"product_cat-sexy-lingerie","8":"product_cat-wholesale-sexy-mesh-bodysuit","9":"product_tag-wholesale-elegant-sexy-lingerie","10":"product_tag-wholesale-sexy-see-through-lingerie","11":"product_tag-wholesale-strappy-sexy-lingerie","12":"product_tag-ultra-sexy","13":"pa_color-black","14":"pa_size-wholesale-large-size-women-sexy-lingerie","15":"pa_size-wholesale-medium-size-women-sexy-lingerie","16":"pa_size-wholesale-small-size-sexy-lingerie","18":"first","19":"instock","20":"taxable","21":"shipping-taxable","22":"purchasable","23":"product-type-variable"},"tiered_pricing_type":"fixed","tiered_pricing_fixed_rules":[],"tiered_pricing_product_settings":{"layout":"default","base_unit_name":{"singular":null,"plural":null},"default_variation":{}},"tiered_pricing_minimum_quantity":null,"tiered_pricing_roles_data":[],"tiered_pricing_percentage_rules":[],"tiered_pricing_maximum_quantity":null,"tiered_pricing_quantity_step":null,"_links":{"self":[{"href":"https:\/\/gretasexylingerie.com\/fr\/wp-json\/wp\/v2\/product\/45281","targetHints":{"allow":["GET"]}}],"collection":[{"href":"https:\/\/gretasexylingerie.com\/fr\/wp-json\/wp\/v2\/product"}],"about":[{"href":"https:\/\/gretasexylingerie.com\/fr\/wp-json\/wp\/v2\/types\/product"}],"wp:featuredmedia":[{"embeddable":true,"href":"https:\/\/gretasexylingerie.com\/fr\/wp-json\/wp\/v2\/media\/45291"}],"wp:attachment":[{"href":"https:\/\/gretasexylingerie.com\/fr\/wp-json\/wp\/v2\/media?parent=45281"}],"wp:term":[{"taxonomy":"product_brand","embeddable":true,"href":"https:\/\/gretasexylingerie.com\/fr\/wp-json\/wp\/v2\/product_brand?post=45281"},{"taxonomy":"product_cat","embeddable":true,"href":"https:\/\/gretasexylingerie.com\/fr\/wp-json\/wp\/v2\/product_cat?post=45281"},{"taxonomy":"product_tag","embeddable":true,"href":"https:\/\/gretasexylingerie.com\/fr\/wp-json\/wp\/v2\/product_tag?post=45281"}],"curies":[{"name":"wp","href":"https:\/\/api.w.org\/{rel}","templated":true}]}}