{"id":45262,"date":"2023-09-18T00:03:43","date_gmt":"2023-09-17T16:03:43","guid":{"rendered":"https:\/\/gretasexylingerie.com\/?post_type=product&#038;p=45262"},"modified":"2023-09-18T00:07:18","modified_gmt":"2023-09-17T16:07:18","slug":"vente-en-gros-ensemble-de-lingerie-soutien-gorge-push-up-a-bretelles-croisees-avec-anneaux-en-metal","status":"publish","type":"product","link":"https:\/\/gretasexylingerie.com\/fr\/products\/wholesale-cross-straps-push-up-bra-lingerie-set-with-metal-rings\/","title":{"rendered":"Ensemble de lingerie soutien-gorge push-up \u00e0 bretelles crois\u00e9es en gros avec anneaux en m\u00e9tal"},"content":{"rendered":"<ol class=\"wp-block-list\">\n<li>Notre ensemble de lingerie soutien-gorge push-up \u00e0 bretelles crois\u00e9es est con\u00e7u avec la plus grande attention aux d\u00e9tails, garantissant un produit de premier ordre pour votre collection. Les anneaux m\u00e9talliques uniques et la jarreti\u00e8re mettent en valeur la qualit\u00e9 et le d\u00e9vouement mis dans chaque pi\u00e8ce.<\/li>\n\n\n\n<li>L&#039;ensemble trois pi\u00e8ces de lingerie sexy avec jarretelles et anneaux en m\u00e9tal est \u00e9l\u00e9gant et confortable. Les bretelles crois\u00e9es offrent un toucher d\u00e9licat contre la peau, tandis que le soutien-gorge push-up ajoute une couche de soutien. Parfait pour ceux qui recherchent un m\u00e9lange de style et de confort.<\/li>\n\n\n\n<li>Notre \u00e9l\u00e9gant ensemble de lingerie soutien-gorge push-up avec bretelles crois\u00e9es et porte-jarretelles t\u00e9moigne d&#039;un savoir-faire exquis. Les anneaux m\u00e9talliques ajoutent une touche de nervosit\u00e9, garantissant que cet ensemble trois pi\u00e8ces se d\u00e9marque dans n&#039;importe quelle collection de lingerie.<\/li>\n<\/ol>\n\n\n\n<p>Entrez dans l&#039;\u00e9l\u00e9gance et le charme avec notre ensemble de lingerie soutien-gorge push-up \u00e0 bretelles crois\u00e9es, orn\u00e9 d&#039;anneaux m\u00e9talliques. Ce n&#039;est pas seulement de la lingerie ; c&#039;est une d\u00e9claration de style et de sophistication. Ne manquez pas cette pi\u00e8ce premium. Contactez-nous d\u00e8s aujourd&#039;hui pour passer votre commande ou pour toute demande de renseignements. Ensemble, red\u00e9finissons la mode lingerie !<\/p>\n\n\n\n<figure class=\"wp-block-table is-style-stripes\"><table class=\"has-fixed-layout\"><tbody><tr><td>Carte du site (CM)<\/td><td><\/td><td><\/td><td><\/td><td><\/td><\/tr><tr><td>Taille<\/td><td>Longueur<\/td><td>Bas du buste<\/td><td>Taille<\/td><td>Taille de jarreti\u00e8re<\/td><\/tr><tr><td>S<\/td><td>15<\/td><td>64-88<\/td><td>62-92<\/td><td>62-96<\/td><\/tr><tr><td>M<\/td><td>16<\/td><td>68-92<\/td><td>66-96<\/td><td>66-100<\/td><\/tr><tr><td>L<\/td><td>17<\/td><td>74-96<\/td><td>70-100<\/td><td>70-104<\/td><\/tr><tr><td>Carte du site (POUCES)<\/td><td><\/td><td><\/td><td><\/td><td><\/td><\/tr><tr><td>Taille<\/td><td>Longueur<\/td><td>Bas du buste<\/td><td>Taille<\/td><td>Taille de jarreti\u00e8re<\/td><\/tr><tr><td>S<\/td><td>5.91<\/td><td>25.20-34.65<\/td><td>24.41-36.22<\/td><td>24.41-37.80<\/td><\/tr><tr><td>M<\/td><td>6.3<\/td><td>26.77-36.22<\/td><td>25.98-37.80<\/td><td>25.98-39.37<\/td><\/tr><tr><td>L<\/td><td>6.69<\/td><td>29.13-37.80<\/td><td>27.56-39.37<\/td><td>27.56-40.94<\/td><\/tr><\/tbody><\/table><\/figure>","protected":false},"excerpt":{"rendered":"<p>Offrez le meilleur de la mode lingerie avec notre \u00e9l\u00e9gant ensemble de lingerie soutien-gorge push-up avec bretelles crois\u00e9es et jarreti\u00e8re. M\u00e9lange parfait de style, de confort et d&#039;allure, cet ensemble trois pi\u00e8ces est con\u00e7u pour se d\u00e9marquer dans n&#039;importe quelle collection de lingerie.<\/p>","protected":false},"featured_media":45272,"template":"","meta":[],"product_brand":[],"product_cat":[368,367,375],"product_tag":[868,448,541,518,864,504],"class_list":{"0":"post-45262","1":"product","2":"type-product","3":"status-publish","4":"has-post-thumbnail","6":"product_cat-bra-panty-set","7":"product_cat-sexy-lingerie","8":"product_cat-whoelsale-sheer-bra-and-panty-sets","9":"product_tag-4-piece-lingerie-set","10":"product_tag-wholesale-elegant-sexy-lingerie","11":"product_tag-fishnet-lingerie","12":"product_tag-mesh-lingerie","13":"product_tag-sexy-petite-lingerie","14":"product_tag-ultra-sexy","15":"pa_color-black","16":"pa_size-wholesale-large-size-women-sexy-lingerie","17":"pa_size-wholesale-medium-size-women-sexy-lingerie","18":"pa_size-wholesale-small-size-sexy-lingerie","20":"first","21":"instock","22":"taxable","23":"shipping-taxable","24":"purchasable","25":"product-type-variable"},"tiered_pricing_type":"fixed","tiered_pricing_fixed_rules":[],"tiered_pricing_product_settings":{"layout":"default","base_unit_name":{"singular":null,"plural":null},"default_variation":{}},"tiered_pricing_minimum_quantity":null,"tiered_pricing_roles_data":[],"tiered_pricing_percentage_rules":[],"tiered_pricing_maximum_quantity":null,"tiered_pricing_quantity_step":null,"_links":{"self":[{"href":"https:\/\/gretasexylingerie.com\/fr\/wp-json\/wp\/v2\/product\/45262","targetHints":{"allow":["GET"]}}],"collection":[{"href":"https:\/\/gretasexylingerie.com\/fr\/wp-json\/wp\/v2\/product"}],"about":[{"href":"https:\/\/gretasexylingerie.com\/fr\/wp-json\/wp\/v2\/types\/product"}],"wp:featuredmedia":[{"embeddable":true,"href":"https:\/\/gretasexylingerie.com\/fr\/wp-json\/wp\/v2\/media\/45272"}],"wp:attachment":[{"href":"https:\/\/gretasexylingerie.com\/fr\/wp-json\/wp\/v2\/media?parent=45262"}],"wp:term":[{"taxonomy":"product_brand","embeddable":true,"href":"https:\/\/gretasexylingerie.com\/fr\/wp-json\/wp\/v2\/product_brand?post=45262"},{"taxonomy":"product_cat","embeddable":true,"href":"https:\/\/gretasexylingerie.com\/fr\/wp-json\/wp\/v2\/product_cat?post=45262"},{"taxonomy":"product_tag","embeddable":true,"href":"https:\/\/gretasexylingerie.com\/fr\/wp-json\/wp\/v2\/product_tag?post=45262"}],"curies":[{"name":"wp","href":"https:\/\/api.w.org\/{rel}","templated":true}]}}