{"id":45244,"date":"2023-09-17T23:13:38","date_gmt":"2023-09-17T15:13:38","guid":{"rendered":"https:\/\/gretasexylingerie.com\/?post_type=product&#038;p=45244"},"modified":"2023-09-17T23:15:34","modified_gmt":"2023-09-17T15:15:34","slug":"vente-en-gros-soutien-gorge-sexy-creux-a-la-mode-avec-details-en-resille","status":"publish","type":"product","link":"https:\/\/gretasexylingerie.com\/fr\/products\/wholesale-fashionable-hollow-sexy-bra-set-with-fishnet-detailing\/","title":{"rendered":"Ensemble de soutien-gorge sexy creux \u00e0 la mode en gros avec d\u00e9tails en r\u00e9sille"},"content":{"rendered":"<ol class=\"wp-block-list\">\n<li>Notre ensemble de quatre pi\u00e8ces de lingerie sexy en r\u00e9sille de nouveau style a \u00e9t\u00e9 soigneusement con\u00e7u avec un soin m\u00e9ticuleux pour vous offrir un produit exquis pour votre collection. Dot\u00e9e de son design creux exclusif et de ses d\u00e9tails en r\u00e9sille, chaque pi\u00e8ce illustre la qualit\u00e9 et le d\u00e9vouement dans la conception et la fabrication.<\/li>\n\n\n\n<li>Cet ensemble de soutien-gorge sexy creux \u00e0 la mode avec d\u00e9tails en r\u00e9sille est \u00e0 la fois chic et confortable. Sa r\u00e9sille offre des touches d\u00e9licates sur votre peau tandis que son design creux ajoute une touche d&#039;originalit\u00e9 \u2013 id\u00e9al pour ceux qui recherchent \u00e0 la fois style et confort !<\/li>\n\n\n\n<li>Notre ensemble de lingerie sexy Hot Style avec des caract\u00e9ristiques r\u00e9sille et creuses est un exemple exquis de savoir-faire, avec des motifs en r\u00e9sille et creux pour un avantage qui se d\u00e9marque dans toute collection de lingerie. Cet ensemble de quatre pi\u00e8ces se d\u00e9marquera parmi toutes les collections.<\/li>\n<\/ol>\n\n\n\n<p>Plongez dans un monde d&#039;\u00e9l\u00e9gance et de charme avec notre ensemble quatre pi\u00e8ces de lingerie sexy en r\u00e9sille New Style, dot\u00e9 de son design creux distinctif. Ne manquez pas cette pi\u00e8ce haut de gamme\u00a0; contactez-nous d\u00e8s maintenant pour commander ou pour toute demande de renseignements \u2013 ensemble red\u00e9finissons la mode lingerie !<\/p>\n\n\n\n<figure class=\"wp-block-table is-style-stripes\"><table class=\"has-fixed-layout\"><tbody><tr><td>Carte du site (CM)<\/td><td><\/td><td><\/td><td><\/td><td><\/td><\/tr><tr><td>Taille<\/td><td>Longueur<\/td><td>Bas du buste<\/td><td>Taille<\/td><td>Taille de jarreti\u00e8re<\/td><\/tr><tr><td>S<\/td><td>22<\/td><td>65-88<\/td><td>60-96<\/td><td>60-92<\/td><\/tr><tr><td>M<\/td><td>23<\/td><td>69-92<\/td><td>64-100<\/td><td>64-96<\/td><\/tr><tr><td>L<\/td><td>24<\/td><td>73-96<\/td><td>68-104<\/td><td>68-100<\/td><\/tr><tr><td>Carte du site (POUCES)<\/td><td><\/td><td><\/td><td><\/td><td><\/td><\/tr><tr><td>Taille<\/td><td>Longueur<\/td><td>Bas du buste<\/td><td>Taille<\/td><td>Taille de jarreti\u00e8re<\/td><\/tr><tr><td>S<\/td><td>8.66<\/td><td>25.59-34.65<\/td><td>23.62-37.80<\/td><td>23.62-36.22<\/td><\/tr><tr><td>M<\/td><td>9.06<\/td><td>27.17-36.22<\/td><td>25.20-39.37<\/td><td>25.20-37.80<\/td><\/tr><tr><td>L<\/td><td>9.45<\/td><td>28.74-37.80<\/td><td>26.77-40.94<\/td><td>26.77-39.37<\/td><\/tr><\/tbody><\/table><\/figure>","protected":false},"excerpt":{"rendered":"<p>Ajoutez le meilleur de la mode lingerie avec notre ensemble de lingerie sexy Hot Style avec des caract\u00e9ristiques r\u00e9sille et creuses. Combinaison unique de style, de confort et d&#039;allure, cet ensemble quatre pi\u00e8ces se d\u00e9marquera dans n&#039;importe quelle collection de lingerie.<\/p>","protected":false},"featured_media":45255,"template":"","meta":[],"product_brand":[],"product_cat":[368,367,375],"product_tag":[868,448,541,446,972],"class_list":{"0":"post-45244","1":"product","2":"type-product","3":"status-publish","4":"has-post-thumbnail","6":"product_cat-bra-panty-set","7":"product_cat-sexy-lingerie","8":"product_cat-whoelsale-sheer-bra-and-panty-sets","9":"product_tag-4-piece-lingerie-set","10":"product_tag-wholesale-elegant-sexy-lingerie","11":"product_tag-fishnet-lingerie","12":"product_tag-wholesale-sexy-see-through-lingerie","13":"product_tag-valentines-day-lingerie","14":"pa_color-black","15":"pa_size-wholesale-large-size-women-sexy-lingerie","16":"pa_size-wholesale-medium-size-women-sexy-lingerie","17":"pa_size-wholesale-small-size-sexy-lingerie","19":"first","20":"instock","21":"taxable","22":"shipping-taxable","23":"purchasable","24":"product-type-variable"},"tiered_pricing_type":"fixed","tiered_pricing_fixed_rules":[],"tiered_pricing_product_settings":{"layout":"default","base_unit_name":{"singular":null,"plural":null},"default_variation":{}},"tiered_pricing_minimum_quantity":null,"tiered_pricing_roles_data":[],"tiered_pricing_percentage_rules":[],"tiered_pricing_maximum_quantity":null,"tiered_pricing_quantity_step":null,"_links":{"self":[{"href":"https:\/\/gretasexylingerie.com\/fr\/wp-json\/wp\/v2\/product\/45244","targetHints":{"allow":["GET"]}}],"collection":[{"href":"https:\/\/gretasexylingerie.com\/fr\/wp-json\/wp\/v2\/product"}],"about":[{"href":"https:\/\/gretasexylingerie.com\/fr\/wp-json\/wp\/v2\/types\/product"}],"wp:featuredmedia":[{"embeddable":true,"href":"https:\/\/gretasexylingerie.com\/fr\/wp-json\/wp\/v2\/media\/45255"}],"wp:attachment":[{"href":"https:\/\/gretasexylingerie.com\/fr\/wp-json\/wp\/v2\/media?parent=45244"}],"wp:term":[{"taxonomy":"product_brand","embeddable":true,"href":"https:\/\/gretasexylingerie.com\/fr\/wp-json\/wp\/v2\/product_brand?post=45244"},{"taxonomy":"product_cat","embeddable":true,"href":"https:\/\/gretasexylingerie.com\/fr\/wp-json\/wp\/v2\/product_cat?post=45244"},{"taxonomy":"product_tag","embeddable":true,"href":"https:\/\/gretasexylingerie.com\/fr\/wp-json\/wp\/v2\/product_tag?post=45244"}],"curies":[{"name":"wp","href":"https:\/\/api.w.org\/{rel}","templated":true}]}}