{"id":44193,"date":"2023-08-07T21:08:04","date_gmt":"2023-08-07T13:08:04","guid":{"rendered":"https:\/\/gretasexylingerie.com\/?post_type=product&#038;p=44193"},"modified":"2023-10-22T22:57:47","modified_gmt":"2023-10-22T14:57:47","slug":"ensemble-de-soutien-gorge-a-decoupes-seduisant-avec-pompons-et-col-licou","status":"publish","type":"product","link":"https:\/\/gretasexylingerie.com\/fr\/products\/alluring-cutout-bra-set-with-tassels-and-halter-neck\/","title":{"rendered":"Ensemble de soutien-gorge d\u00e9coup\u00e9 s\u00e9duisant avec glands et col licou"},"content":{"rendered":"<ol class=\"wp-block-list\">\n<li>Notre ensemble de soutien-gorge ouvert sexy avec glands et licou est con\u00e7u avec les derni\u00e8res tendances de la mode \u00e0 l&#039;esprit. Le design d\u00e9coup\u00e9 ajoute une touche d&#039;audace, tandis que les pompons assurent un look irr\u00e9sistible. Cet ensemble est s\u00fbr d&#039;\u00eatre un succ\u00e8s aupr\u00e8s de vos clients.<\/li>\n\n\n\n<li>L&#039;ensemble de soutien-gorge d\u00e9coup\u00e9 s\u00e9duisant avec glands et col licou est \u00e9l\u00e9gant et confortable. Le design ouvert ajoute une touche d&#039;\u00e9l\u00e9gance, tandis que le col licou offre un ajustement personnalis\u00e9. Cet ensemble est parfait pour les clientes \u00e0 la recherche de style et de confort dans leur lingerie.<\/li>\n\n\n\n<li>Notre superbe ensemble soutien-gorge ouvert et culotte avec glands est de conception unique et de haute qualit\u00e9. Le design ouvert ajoute une touche de nervosit\u00e9, tandis que les glands assurent une sensation de luxe. Cet ensemble est s\u00fbr de se d\u00e9marquer dans n&#039;importe quelle collection de lingerie.<\/li>\n<\/ol>\n\n\n\n<p>Embrassez l&#039;audace et la beaut\u00e9 avec notre ensemble de soutien-gorge ouvert sexy, avec des glands et un col licou. Cet ensemble n&#039;est pas seulement un produit ; c&#039;est une d\u00e9claration de style que vos clients vont adorer. S&#039;il vous pla\u00eet n&#039;attendez pas; contactez-nous aujourd&#039;hui pour passer votre commande ou pour poser des questions. Red\u00e9finissons ensemble la mode lingerie !<\/p>\n\n\n\n<figure class=\"wp-block-table is-style-stripes\"><table class=\"has-fixed-layout\"><tbody><tr><td>Carte du site (CM)<\/td><td><\/td><td><\/td><td><\/td><\/tr><tr><td>Taille<\/td><td>Longueur<\/td><td>Taille<\/td><td>Bas du buste<\/td><\/tr><tr><td>S<\/td><td>22<\/td><td>66-88<\/td><td>68-80<\/td><\/tr><tr><td>M<\/td><td>23<\/td><td>70-92<\/td><td>72-84<\/td><\/tr><tr><td>L<\/td><td>24<\/td><td>74-96<\/td><td>76-88<\/td><\/tr><tr><td>Carte du site (POUCES)<\/td><td><\/td><td><\/td><td><\/td><\/tr><tr><td>Taille<\/td><td>Longueur<\/td><td>Taille<\/td><td>Bas du buste<\/td><\/tr><tr><td>S<\/td><td>8.66<\/td><td>25.98-34.65<\/td><td>26.77-31.50<\/td><\/tr><tr><td>M<\/td><td>9.06<\/td><td>27.56-36.22<\/td><td>28.35-33.07<\/td><\/tr><tr><td>L<\/td><td>9.45<\/td><td>29.13-37.80<\/td><td>29.92-34.65<\/td><\/tr><\/tbody><\/table><\/figure>","protected":false},"excerpt":{"rendered":"<p>Gardez une longueur d&#039;avance sur la tendance de la lingerie avec notre ensemble de soutien-gorge d\u00e9coup\u00e9 s\u00e9duisant avec glands et col licou. Cet ensemble combine l&#039;allure d&#039;un design ouvert avec l&#039;\u00e9l\u00e9gance des glands. Fabriqu\u00e9 avec un savoir-faire exquis, c&#039;est un ajout \u00e9tonnant \u00e0 toute collection de lingerie.<\/p>\n<p>https:\/\/youtu.be\/09GQ3-4c6Gs<\/p>","protected":false},"featured_media":44209,"template":"","meta":[],"product_brand":[],"product_cat":[368,380,367,376],"product_tag":[446,880,449,533,453],"class_list":{"0":"post-44193","1":"product","2":"type-product","3":"status-publish","4":"has-post-thumbnail","6":"product_cat-bra-panty-set","7":"product_cat-wholesale-harness-bra-and-panty-set","8":"product_cat-sexy-lingerie","9":"product_cat-wholesale-ultra-sexy-bra-panty-set","10":"product_tag-wholesale-sexy-see-through-lingerie","11":"product_tag-sexy-2-piece-lingerie","12":"product_tag-wholesale-sexy-crotchless-lingerie","13":"product_tag-sexy-cupless-lingerie","14":"product_tag-wholesale-sexy-naughty-lingerie","15":"pa_color-black","16":"pa_color-red-women-sexy-lingerie","17":"pa_size-wholesale-large-size-women-sexy-lingerie","18":"pa_size-wholesale-medium-size-women-sexy-lingerie","19":"pa_size-wholesale-small-size-sexy-lingerie","21":"first","22":"instock","23":"taxable","24":"shipping-taxable","25":"purchasable","26":"product-type-variable"},"tiered_pricing_type":"fixed","tiered_pricing_fixed_rules":[],"tiered_pricing_product_settings":{"layout":"default","base_unit_name":{"singular":null,"plural":null},"default_variation":{}},"tiered_pricing_minimum_quantity":null,"tiered_pricing_roles_data":{"default_wholesaler":{"product_id":44193,"role":"default_wholesaler","pricing_type":"flat","regular_price":null,"sale_price":null,"discount":null,"discount_type":"sale_price","tiered_pricing_type":"fixed","percentage_rules":[],"fixed_rules":{"2":"7.89","30":"6.69","500":"5.89"},"minimum":null},"dropshippinger":{"product_id":44193,"role":"dropshippinger","pricing_type":"flat","regular_price":null,"sale_price":null,"discount":null,"discount_type":"sale_price","tiered_pricing_type":"fixed","percentage_rules":[],"fixed_rules":{"1":"9.39","5":"7.89","30":"5.89"},"minimum":null}},"tiered_pricing_percentage_rules":[],"tiered_pricing_maximum_quantity":null,"tiered_pricing_quantity_step":null,"_links":{"self":[{"href":"https:\/\/gretasexylingerie.com\/fr\/wp-json\/wp\/v2\/product\/44193","targetHints":{"allow":["GET"]}}],"collection":[{"href":"https:\/\/gretasexylingerie.com\/fr\/wp-json\/wp\/v2\/product"}],"about":[{"href":"https:\/\/gretasexylingerie.com\/fr\/wp-json\/wp\/v2\/types\/product"}],"wp:featuredmedia":[{"embeddable":true,"href":"https:\/\/gretasexylingerie.com\/fr\/wp-json\/wp\/v2\/media\/44209"}],"wp:attachment":[{"href":"https:\/\/gretasexylingerie.com\/fr\/wp-json\/wp\/v2\/media?parent=44193"}],"wp:term":[{"taxonomy":"product_brand","embeddable":true,"href":"https:\/\/gretasexylingerie.com\/fr\/wp-json\/wp\/v2\/product_brand?post=44193"},{"taxonomy":"product_cat","embeddable":true,"href":"https:\/\/gretasexylingerie.com\/fr\/wp-json\/wp\/v2\/product_cat?post=44193"},{"taxonomy":"product_tag","embeddable":true,"href":"https:\/\/gretasexylingerie.com\/fr\/wp-json\/wp\/v2\/product_tag?post=44193"}],"curies":[{"name":"wp","href":"https:\/\/api.w.org\/{rel}","templated":true}]}}