{"id":44149,"date":"2023-08-06T22:34:05","date_gmt":"2023-08-06T14:34:05","guid":{"rendered":"https:\/\/gretasexylingerie.com\/?post_type=product&#038;p=44149"},"modified":"2023-10-22T22:49:42","modified_gmt":"2023-10-22T14:49:42","slug":"ensemble-soutien-gorge-en-dentelle-noire-avec-col-licou-croise","status":"publish","type":"product","link":"https:\/\/gretasexylingerie.com\/fr\/products\/black-lace-bra-set-with-crossover-halter-neck\/","title":{"rendered":"Ensemble de soutien-gorge en dentelle noire avec dos nu crois\u00e9"},"content":{"rendered":"<ol class=\"wp-block-list\">\n<li>Notre ensemble de soutien-gorge en dentelle noire avec dos nu crois\u00e9 est con\u00e7u avec les derni\u00e8res tendances de la mode \u00e0 l&#039;esprit. Le soutien-gorge d\u00e9coup\u00e9 ajoute une touche d&#039;audace, tandis que la culotte en dentelle transparente assure un look irr\u00e9sistible. Cet ensemble est s\u00fbr d&#039;\u00eatre un succ\u00e8s aupr\u00e8s de vos clients.<\/li>\n\n\n\n<li>L&#039;ensemble trois pi\u00e8ces de soutien-gorge d\u00e9coup\u00e9 avec culotte en dentelle transparente est \u00e9l\u00e9gant et confortable. Le col crois\u00e9 ajoute une touche d&#039;\u00e9l\u00e9gance, tandis que la dentelle noire offre un ajustement personnalis\u00e9. Cet ensemble est parfait pour les clientes \u00e0 la recherche de style et de confort dans leur lingerie.<\/li>\n\n\n\n<li>Notre ensemble soutien-gorge, culotte et jarreti\u00e8re en dentelle noire avec dos nu crois\u00e9 est unique dans sa conception et de haute qualit\u00e9. Le soutien-gorge d\u00e9coup\u00e9 ajoute une touche de nervosit\u00e9, tandis que la dentelle transparente assure une sensation de luxe. Cet ensemble est s\u00fbr de se d\u00e9marquer dans n&#039;importe quelle collection de lingerie.<\/li>\n<\/ol>\n\n\n\n<p>Adoptez l&#039;audace et la beaut\u00e9 avec notre ensemble de soutien-gorge en dentelle noire, comprenant un d\u00e9collet\u00e9 crois\u00e9, un soutien-gorge d\u00e9coup\u00e9 et une culotte en dentelle transparente. Cet ensemble n&#039;est pas seulement un produit ; c&#039;est une d\u00e9claration de style que vos clients vont adorer. N&#039;attendez pas. Contactez-nous aujourd&#039;hui pour passer votre commande ou pour poser des questions. Red\u00e9finissons ensemble la mode lingerie !<\/p>\n\n\n\n<figure class=\"wp-block-table\"><table class=\"has-fixed-layout\"><tbody><tr><td>Carte du site (CM)<\/td><td><\/td><td><\/td><td><\/td><td><\/td><\/tr><tr><td>Taille<\/td><td>Longueur<\/td><td>Bas du buste<\/td><td>Taille<\/td><td>Taille de jarreti\u00e8re<\/td><\/tr><tr><td>S<\/td><td>11.5<\/td><td>66<\/td><td>68<\/td><td>64<\/td><\/tr><tr><td>M<\/td><td>12<\/td><td>70<\/td><td>72<\/td><td>68<\/td><\/tr><tr><td>L<\/td><td>12.5<\/td><td>74<\/td><td>76<\/td><td>72<\/td><\/tr><tr><td>Carte du site (POUCES)<\/td><td><\/td><td><\/td><td><\/td><td><\/td><\/tr><tr><td>Taille<\/td><td>Longueur<\/td><td>Bas du buste<\/td><td>Taille<\/td><td>Taille de jarreti\u00e8re<\/td><\/tr><tr><td>S<\/td><td>4.53<\/td><td>25.98<\/td><td>26.77<\/td><td>25.2<\/td><\/tr><tr><td>M<\/td><td>4.72<\/td><td>27.56<\/td><td>28.35<\/td><td>26.77<\/td><\/tr><tr><td>L<\/td><td>4.92<\/td><td>29.13<\/td><td>29.92<\/td><td>28.35<\/td><\/tr><\/tbody><\/table><\/figure>","protected":false},"excerpt":{"rendered":"<p>Offrez \u00e0 vos clientes le meilleur de la mode lingerie avec notre ensemble soutien-gorge, culotte et jarreti\u00e8re en dentelle noire avec dos nu crois\u00e9. Cet ensemble offre un m\u00e9lange parfait de style, de confort et d&#039;allure, con\u00e7u pour se d\u00e9marquer dans n&#039;importe quelle collection de lingerie.<\/p>\n<p>https:\/\/youtu.be\/4EJlKBIFv4k<\/p>","protected":false},"featured_media":44161,"template":"","meta":[],"product_brand":[],"product_cat":[368,369,367,375],"product_tag":[868,870,875,533,865],"class_list":{"0":"post-44149","1":"product","2":"type-product","3":"status-publish","4":"has-post-thumbnail","6":"product_cat-bra-panty-set","7":"product_cat-wholesale-lace-bra-and-panty-sets","8":"product_cat-sexy-lingerie","9":"product_cat-whoelsale-sheer-bra-and-panty-sets","10":"product_tag-4-piece-lingerie-set","11":"product_tag-floral-lingerie","12":"product_tag-lace-sexy-lingerie","13":"product_tag-sexy-cupless-lingerie","14":"product_tag-sexy-skimpy-lingerie","15":"pa_color-black","16":"pa_size-wholesale-large-size-women-sexy-lingerie","17":"pa_size-wholesale-medium-size-women-sexy-lingerie","18":"pa_size-wholesale-small-size-sexy-lingerie","20":"first","21":"instock","22":"taxable","23":"shipping-taxable","24":"purchasable","25":"product-type-variable"},"tiered_pricing_type":"fixed","tiered_pricing_fixed_rules":[],"tiered_pricing_product_settings":{"layout":"default","base_unit_name":{"singular":null,"plural":null},"default_variation":{}},"tiered_pricing_minimum_quantity":null,"tiered_pricing_roles_data":{"default_wholesaler":{"product_id":44149,"role":"default_wholesaler","pricing_type":"flat","regular_price":null,"sale_price":null,"discount":null,"discount_type":"sale_price","tiered_pricing_type":"fixed","percentage_rules":[],"fixed_rules":{"2":"9.39","30":"8.09","500":"7.09"},"minimum":null},"dropshippinger":{"product_id":44149,"role":"dropshippinger","pricing_type":"flat","regular_price":null,"sale_price":null,"discount":null,"discount_type":"sale_price","tiered_pricing_type":"fixed","percentage_rules":[],"fixed_rules":{"1":"11.29","5":"9.39","30":"7.09"},"minimum":null}},"tiered_pricing_percentage_rules":[],"tiered_pricing_maximum_quantity":null,"tiered_pricing_quantity_step":null,"_links":{"self":[{"href":"https:\/\/gretasexylingerie.com\/fr\/wp-json\/wp\/v2\/product\/44149","targetHints":{"allow":["GET"]}}],"collection":[{"href":"https:\/\/gretasexylingerie.com\/fr\/wp-json\/wp\/v2\/product"}],"about":[{"href":"https:\/\/gretasexylingerie.com\/fr\/wp-json\/wp\/v2\/types\/product"}],"wp:featuredmedia":[{"embeddable":true,"href":"https:\/\/gretasexylingerie.com\/fr\/wp-json\/wp\/v2\/media\/44161"}],"wp:attachment":[{"href":"https:\/\/gretasexylingerie.com\/fr\/wp-json\/wp\/v2\/media?parent=44149"}],"wp:term":[{"taxonomy":"product_brand","embeddable":true,"href":"https:\/\/gretasexylingerie.com\/fr\/wp-json\/wp\/v2\/product_brand?post=44149"},{"taxonomy":"product_cat","embeddable":true,"href":"https:\/\/gretasexylingerie.com\/fr\/wp-json\/wp\/v2\/product_cat?post=44149"},{"taxonomy":"product_tag","embeddable":true,"href":"https:\/\/gretasexylingerie.com\/fr\/wp-json\/wp\/v2\/product_tag?post=44149"}],"curies":[{"name":"wp","href":"https:\/\/api.w.org\/{rel}","templated":true}]}}