{"id":43913,"date":"2023-08-01T00:41:36","date_gmt":"2023-07-31T16:41:36","guid":{"rendered":"https:\/\/gretasexylingerie.com\/?post_type=product&#038;p=43913"},"modified":"2024-01-22T12:44:03","modified_gmt":"2024-01-22T04:44:03","slug":"ensemble-de-lingerie-sexy-chic-avec-soutien-gorge-en-maille","status":"publish","type":"product","link":"https:\/\/gretasexylingerie.com\/fr\/products\/chic-sexy-lingerie-mesh-bra-set\/","title":{"rendered":"Ensemble de soutien-gorge en maille de lingerie sexy chic avec culotte creuse crois\u00e9e - Lingerie en gros"},"content":{"rendered":"<ol class=\"wp-block-list\">\n<li>Notre ensemble de soutien-gorge en maille noire transparente avec bretelles r\u00e9glables est con\u00e7u avec les derni\u00e8res tendances de la mode \u00e0 l&#039;esprit. Le panty creux crois\u00e9 ajoute une touche d&#039;audace, tandis que les bretelles r\u00e9glables assurent un ajustement parfait. Cet ensemble est s\u00fbr d&#039;\u00eatre un succ\u00e8s aupr\u00e8s de vos clients.<\/li>\n\n\n\n<li>L&#039;ensemble de soutien-gorge en maille de lingerie sexy avec culotte creuse crois\u00e9e est \u00e9l\u00e9gant et confortable. La maille noire transparente ajoute une touche d&#039;\u00e9l\u00e9gance, tandis que les bretelles r\u00e9glables offrent un ajustement personnalis\u00e9. Cet ensemble est parfait pour les clientes \u00e0 la recherche de style et de confort dans leur lingerie.<\/li>\n\n\n\n<li>Notre ensemble soutien-gorge et culotte en maille noire avec bretelles r\u00e9glables est de conception unique et de haute qualit\u00e9. La culotte crois\u00e9e ajoute une touche de nervosit\u00e9, tandis que la maille transparente assure un aper\u00e7u all\u00e9chant de ce qu&#039;il y a en dessous. Cet ensemble est s\u00fbr de se d\u00e9marquer dans n&#039;importe quelle collection de lingerie.<\/li>\n<\/ol>\n\n\n\n<p>Lib\u00e9rez l&#039;audace et la beaut\u00e9 avec notre ensemble de soutien-gorge en maille de lingerie sexy, compos\u00e9 de maille noire transparente, de bretelles r\u00e9glables et d&#039;une culotte creuse crois\u00e9e. Cet ensemble n&#039;est pas qu&#039;un produit. C&#039;est une d\u00e9claration de style et d&#039;allure que vos clients vont adorer. N&#039;attendez pas. Contactez-nous d\u00e8s aujourd&#039;hui pour passer votre commande ou pour poser des questions. Red\u00e9finissons ensemble la mode lingerie !<\/p>\n\n\n\n<figure class=\"wp-block-table is-style-stripes\"><table class=\"has-fixed-layout\"><tbody><tr><td colspan=\"5\">Carte du site (CM)<\/td><\/tr><tr><td>Taille<\/td><td>Longueur<\/td><td>Bas du buste<\/td><td>Taille<\/td><td>Longueur du pantalon<\/td><\/tr><tr><td>S<\/td><td>16<\/td><td>60-90<\/td><td>64-96<\/td><td>27<\/td><\/tr><tr><td>M<\/td><td>17<\/td><td>64-94<\/td><td>68-100<\/td><td>28<\/td><\/tr><tr><td>L<\/td><td>18<\/td><td>68-98<\/td><td>73-104<\/td><td>29<\/td><\/tr><tr><td colspan=\"5\">Carte du site (POUCES)<\/td><\/tr><tr><td>Taille<\/td><td>Longueur<\/td><td>Bas du buste<\/td><td>Taille<\/td><td>Longueur du pantalon<\/td><\/tr><tr><td>S<\/td><td>6.3<\/td><td>23.62-35.43<\/td><td>25.20-37.80<\/td><td>10.63<\/td><\/tr><tr><td>M<\/td><td>6.69<\/td><td>25.20-37.01<\/td><td>26.77-39.37<\/td><td>11.02<\/td><\/tr><tr><td>L<\/td><td>7.09<\/td><td>26.77-38.58<\/td><td>28.74-40.94<\/td><td>11.42<\/td><\/tr><\/tbody><\/table><\/figure>","protected":false},"excerpt":{"rendered":"<p>Notre ensemble de soutien-gorge en maille noire transparente avec bretelles r\u00e9glables est un incontournable pour tout d\u00e9taillant de lingerie. Cet ensemble comprend une culotte creuse crois\u00e9e, offrant un look audacieux et all\u00e9chant. Parfait pour les clients \u00e0 la recherche des derni\u00e8res tendances en mati\u00e8re de lingerie.<\/p>\n<p>https:\/\/www.youtube.com\/watch?v=PpusBlqyOKE<\/p>","protected":false},"featured_media":43923,"template":"","meta":[],"product_brand":[],"product_cat":[368,367,375],"product_tag":[861,518,446,880,865],"class_list":{"0":"post-43913","1":"product","2":"type-product","3":"status-publish","4":"has-post-thumbnail","6":"product_cat-bra-panty-set","7":"product_cat-sexy-lingerie","8":"product_cat-whoelsale-sheer-bra-and-panty-sets","9":"product_tag-brunette-lingerie","10":"product_tag-mesh-lingerie","11":"product_tag-wholesale-sexy-see-through-lingerie","12":"product_tag-sexy-2-piece-lingerie","13":"product_tag-sexy-skimpy-lingerie","14":"pa_color-black","15":"pa_size-wholesale-large-size-women-sexy-lingerie","16":"pa_size-wholesale-medium-size-women-sexy-lingerie","17":"pa_size-wholesale-small-size-sexy-lingerie","19":"first","20":"instock","21":"taxable","22":"shipping-taxable","23":"purchasable","24":"product-type-variable"},"tiered_pricing_type":"fixed","tiered_pricing_fixed_rules":[],"tiered_pricing_product_settings":{"layout":"default","base_unit_name":{"singular":null,"plural":null},"default_variation":{}},"tiered_pricing_minimum_quantity":null,"tiered_pricing_roles_data":{"default_wholesaler":{"product_id":43913,"role":"default_wholesaler","pricing_type":"flat","regular_price":null,"sale_price":null,"discount":null,"discount_type":"sale_price","tiered_pricing_type":"fixed","percentage_rules":[],"fixed_rules":{"2":"7.09","30":"6.09","500":"5.29"},"minimum":null},"dropshippinger":{"product_id":43913,"role":"dropshippinger","pricing_type":"flat","regular_price":null,"sale_price":null,"discount":null,"discount_type":"sale_price","tiered_pricing_type":"fixed","percentage_rules":[],"fixed_rules":{"1":"8.49","5":"7.09","30":"5.29"},"minimum":null}},"tiered_pricing_percentage_rules":[],"tiered_pricing_maximum_quantity":null,"tiered_pricing_quantity_step":null,"_links":{"self":[{"href":"https:\/\/gretasexylingerie.com\/fr\/wp-json\/wp\/v2\/product\/43913","targetHints":{"allow":["GET"]}}],"collection":[{"href":"https:\/\/gretasexylingerie.com\/fr\/wp-json\/wp\/v2\/product"}],"about":[{"href":"https:\/\/gretasexylingerie.com\/fr\/wp-json\/wp\/v2\/types\/product"}],"wp:featuredmedia":[{"embeddable":true,"href":"https:\/\/gretasexylingerie.com\/fr\/wp-json\/wp\/v2\/media\/43923"}],"wp:attachment":[{"href":"https:\/\/gretasexylingerie.com\/fr\/wp-json\/wp\/v2\/media?parent=43913"}],"wp:term":[{"taxonomy":"product_brand","embeddable":true,"href":"https:\/\/gretasexylingerie.com\/fr\/wp-json\/wp\/v2\/product_brand?post=43913"},{"taxonomy":"product_cat","embeddable":true,"href":"https:\/\/gretasexylingerie.com\/fr\/wp-json\/wp\/v2\/product_cat?post=43913"},{"taxonomy":"product_tag","embeddable":true,"href":"https:\/\/gretasexylingerie.com\/fr\/wp-json\/wp\/v2\/product_tag?post=43913"}],"curies":[{"name":"wp","href":"https:\/\/api.w.org\/{rel}","templated":true}]}}