{"id":43826,"date":"2023-07-30T01:05:03","date_gmt":"2023-07-29T17:05:03","guid":{"rendered":"https:\/\/gretasexylingerie.com\/?post_type=product&#038;p=43826"},"modified":"2023-10-22T22:44:49","modified_gmt":"2023-10-22T14:44:49","slug":"ensemble-soutien-gorge-et-culotte-sexy-avec-broderie","status":"publish","type":"product","link":"https:\/\/gretasexylingerie.com\/fr\/products\/sexy-bra-and-panty-set-with-embroidery\/","title":{"rendered":"Superbe ensemble soutien-gorge et culotte sexy avec broderie violette - Fournisseur de lingerie B2B"},"content":{"rendered":"<ol class=\"wp-block-list\">\n<li>Notre ensemble de soutien-gorge sexy avec des fleurs violettes brod\u00e9es est con\u00e7u avec les derni\u00e8res tendances de la mode \u00e0 l&#039;esprit. Le soutien-gorge, la culotte et les jarreti\u00e8res sont tous fabriqu\u00e9s \u00e0 partir d&#039;un mat\u00e9riau en maille transparente, offrant un aper\u00e7u all\u00e9chant de ce qu&#039;il y a en dessous. La belle broderie violette ajoute une touche d&#039;\u00e9l\u00e9gance. Cet ensemble est s\u00fbr d&#039;\u00eatre un succ\u00e8s aupr\u00e8s de vos clients.<\/li>\n\n\n\n<li>L&#039;ensemble de soutien-gorge sexy en maille transparente avec jarretelles est \u00e9l\u00e9gant et confortable. Le mat\u00e9riau en maille transparente est doux et confortable, tandis que les jarretelles ajoutent une touche d&#039;\u00e9l\u00e9gance. Cet ensemble est parfait pour les clientes \u00e0 la recherche de style et de confort dans leur lingerie.<\/li>\n\n\n\n<li>Notre ensemble soutien-gorge et culotte sexy avec broderie violette est de conception unique et de haute qualit\u00e9. Le tissu en maille transparente est doux et confortable, tandis que la broderie violette ajoute une touche d&#039;\u00e9l\u00e9gance. Cet ensemble est s\u00fbr de se d\u00e9marquer dans n&#039;importe quelle collection de lingerie.<\/li>\n<\/ol>\n\n\n\n<p>Am\u00e9liorez votre jeu de lingerie avec notre ensemble de soutien-gorge sexy, comprenant un soutien-gorge, une culotte et des jarreti\u00e8res en maille transparente et orn\u00e9s de belles broderies violettes. Cet ensemble n&#039;est pas qu&#039;un produit. C&#039;est une d\u00e9claration de style et de confort que vos clients vont adorer. N&#039;attendez pas. Contactez-nous aujourd&#039;hui pour passer votre commande ou pour poser des questions. Red\u00e9finissons ensemble la mode lingerie !<\/p>\n\n\n\n<figure class=\"wp-block-table is-style-stripes\"><table class=\"has-fixed-layout\"><tbody><tr><td colspan=\"5\">Carte du site (CM)<\/td><\/tr><tr><td>Taille<\/td><td>Longueur<\/td><td>Bas du buste<\/td><td>Taille<\/td><td>Taille de jarreti\u00e8re<\/td><\/tr><tr><td>S<\/td><td>21<\/td><td>64-86<\/td><td>70<\/td><td>64-90<\/td><\/tr><tr><td>M<\/td><td>22<\/td><td>68-90<\/td><td>74<\/td><td>68-94<\/td><\/tr><tr><td>L<\/td><td>23<\/td><td>72-94<\/td><td>78<\/td><td>72-98<\/td><\/tr><tr><td colspan=\"5\">Carte du site (POUCES)<\/td><\/tr><tr><td>Taille<\/td><td>Longueur<\/td><td>Bas du buste<\/td><td>Taille<\/td><td>Taille de jarreti\u00e8re<\/td><\/tr><tr><td>S<\/td><td>8.27<\/td><td>25.20-33.86<\/td><td>27.56<\/td><td>25.20-35.43<\/td><\/tr><tr><td>M<\/td><td>8.66<\/td><td>26.77-35.43<\/td><td>29.13<\/td><td>26.77-37.01<\/td><\/tr><tr><td>L<\/td><td>9.06<\/td><td>28.35-37.01<\/td><td>30.71<\/td><td>28.35-38.58<\/td><\/tr><\/tbody><\/table><\/figure>","protected":false},"excerpt":{"rendered":"<p>Gardez une longueur d&#039;avance sur la tendance de la lingerie avec notre ensemble de soutien-gorge sexy en maille transparente avec jarretelles. Cet ensemble allie l&#039;allure d&#039;un soutien-gorge et d&#039;une culotte sexy \u00e0 l&#039;\u00e9l\u00e9gance des jarretelles. Fabriqu\u00e9 avec un tissu en maille transparente et d\u00e9cor\u00e9 de broderies violettes, c&#039;est un superbe ajout \u00e0 toute collection de lingerie.<\/p>\n<p>https:\/\/youtu.be\/JDZnbJcDUQo<\/p>","protected":false},"featured_media":43840,"template":"","meta":[],"product_brand":[],"product_cat":[368,367,375],"product_tag":[507,452,448,454,870,446,864,863],"class_list":{"0":"post-43826","1":"product","2":"type-product","3":"status-publish","4":"has-post-thumbnail","6":"product_cat-bra-panty-set","7":"product_cat-sexy-lingerie","8":"product_cat-whoelsale-sheer-bra-and-panty-sets","9":"product_tag-three-pcs-set","10":"product_tag-wholesale-boudoir-lingerie","11":"product_tag-wholesale-elegant-sexy-lingerie","12":"product_tag-wholesale-sexy-embroidered-lingerie","13":"product_tag-floral-lingerie","14":"product_tag-wholesale-sexy-see-through-lingerie","15":"product_tag-sexy-petite-lingerie","16":"product_tag-sexy-thong-lingerie","17":"pa_color-pink-women-sexy-lingerie","18":"pa_size-wholesale-large-size-women-sexy-lingerie","19":"pa_size-wholesale-medium-size-women-sexy-lingerie","20":"pa_size-wholesale-small-size-sexy-lingerie","22":"first","23":"instock","24":"taxable","25":"shipping-taxable","26":"purchasable","27":"product-type-variable"},"tiered_pricing_type":"fixed","tiered_pricing_fixed_rules":[],"tiered_pricing_product_settings":{"layout":"default","base_unit_name":{"singular":null,"plural":null},"default_variation":{}},"tiered_pricing_minimum_quantity":null,"tiered_pricing_roles_data":{"default_wholesaler":{"product_id":43826,"role":"default_wholesaler","pricing_type":"flat","regular_price":null,"sale_price":null,"discount":null,"discount_type":"sale_price","tiered_pricing_type":"fixed","percentage_rules":[],"fixed_rules":{"2":"9.39","30":"8.09","500":"7.09"},"minimum":null},"dropshippinger":{"product_id":43826,"role":"dropshippinger","pricing_type":"flat","regular_price":null,"sale_price":11.29,"discount":null,"discount_type":"sale_price","tiered_pricing_type":"fixed","percentage_rules":[],"fixed_rules":{"1":"11.29","5":"9.39","30":"7.09"},"minimum":null}},"tiered_pricing_percentage_rules":[],"tiered_pricing_maximum_quantity":null,"tiered_pricing_quantity_step":null,"_links":{"self":[{"href":"https:\/\/gretasexylingerie.com\/fr\/wp-json\/wp\/v2\/product\/43826","targetHints":{"allow":["GET"]}}],"collection":[{"href":"https:\/\/gretasexylingerie.com\/fr\/wp-json\/wp\/v2\/product"}],"about":[{"href":"https:\/\/gretasexylingerie.com\/fr\/wp-json\/wp\/v2\/types\/product"}],"wp:featuredmedia":[{"embeddable":true,"href":"https:\/\/gretasexylingerie.com\/fr\/wp-json\/wp\/v2\/media\/43840"}],"wp:attachment":[{"href":"https:\/\/gretasexylingerie.com\/fr\/wp-json\/wp\/v2\/media?parent=43826"}],"wp:term":[{"taxonomy":"product_brand","embeddable":true,"href":"https:\/\/gretasexylingerie.com\/fr\/wp-json\/wp\/v2\/product_brand?post=43826"},{"taxonomy":"product_cat","embeddable":true,"href":"https:\/\/gretasexylingerie.com\/fr\/wp-json\/wp\/v2\/product_cat?post=43826"},{"taxonomy":"product_tag","embeddable":true,"href":"https:\/\/gretasexylingerie.com\/fr\/wp-json\/wp\/v2\/product_tag?post=43826"}],"curies":[{"name":"wp","href":"https:\/\/api.w.org\/{rel}","templated":true}]}}