{"id":43530,"date":"2023-07-13T00:29:02","date_gmt":"2023-07-12T16:29:02","guid":{"rendered":"https:\/\/gretasexylingerie.com\/?post_type=product&#038;p=43530"},"modified":"2024-01-17T22:42:08","modified_gmt":"2024-01-17T14:42:08","slug":"ensemble-soutien-gorge-et-culotte-en-maille-transparente-mouchetee-avec-bonnets-croises","status":"publish","type":"product","link":"https:\/\/gretasexylingerie.com\/fr\/products\/sheer-speckled-mesh-bra-and-panty-set-with-crossover-cup\/","title":{"rendered":"Ensemble soutien-gorge et culotte en maille transparente mouchet\u00e9e avec bonnet crois\u00e9"},"content":{"rendered":"<p>Maille mouchet\u00e9e : le design en maille mouchet\u00e9e transparente de cet ensemble introduit une esth\u00e9tique unique et avant-gardiste, offrant une couverture l\u00e9g\u00e8re tout en restant \u00e9l\u00e9gant sans effort.<\/p>\n\n\n\n<p>Bonnets crois\u00e9s : le design innovant des bonnets crois\u00e9s ajoute une touche moderne aux ensembles de lingerie traditionnels, offrant une silhouette de soutien et flatteuse.<\/p>\n\n\n\n<p>Accent d&#039;anneau en m\u00e9tal : L&#039;anneau en m\u00e9tal accrocheur \u00e0 l&#039;avant apporte une touche de sophistication chic, ce qui distingue cet ensemble soutien-gorge et culotte des mod\u00e8les standard.<\/p>\n\n\n\n<p>Confort et style : avec son tissu en maille l\u00e9ger et son design innovant, cet ensemble offre un \u00e9quilibre parfait entre confort et style.<\/p>\n\n\n\n<p>Appel polyvalent : le design chic et tendance fait de cet ensemble un choix polyvalent qui peut \u00eatre styl\u00e9 pour toutes les occasions, ce qui en fait un ajout indispensable \u00e0 toute garde-robe.<\/p>\n\n\n\n<p>En r\u00e9sum\u00e9, notre ensemble soutien-gorge et culotte en maille transparente mouchet\u00e9e avec bonnets crois\u00e9s et anneau en m\u00e9tal est l&#039;endroit o\u00f9 le confort rencontre la modernit\u00e9. Cette pi\u00e8ce de d\u00e9claration vous assure de vous sentir confiant et \u00e9l\u00e9gant \u00e0 tout moment. \u00c9levez votre collection de lingerie avec cet ensemble captivant.<\/p>\n\n\n\n<figure class=\"wp-block-table is-style-stripes\"><table class=\"has-fixed-layout\"><tbody><tr><td colspan=\"5\">Carte du site (CM)<\/td><\/tr><tr><td>Taille<\/td><td>Longueur<\/td><td>Bas du buste<\/td><td>Taille<\/td><td>Longueur du pantalon<\/td><\/tr><tr><td>S<\/td><td>12.5<\/td><td>63<\/td><td>64<\/td><td>21.5<\/td><\/tr><tr><td>M<\/td><td>13.5<\/td><td>67<\/td><td>68<\/td><td>22.5<\/td><\/tr><tr><td>L<\/td><td>14.5<\/td><td>71<\/td><td>72<\/td><td>23.5<\/td><\/tr><tr><td>XL<\/td><td>15.5<\/td><td>75<\/td><td>76<\/td><td>24.5<\/td><\/tr><tr><td colspan=\"5\">Carte du site (POUCES)<\/td><\/tr><tr><td>Taille<\/td><td>Longueur<\/td><td>Bas du buste<\/td><td>Taille<\/td><td>Longueur du pantalon<\/td><\/tr><tr><td>S<\/td><td>4.92<\/td><td>24.8<\/td><td>25.2<\/td><td>8.46<\/td><\/tr><tr><td>M<\/td><td>5.31<\/td><td>26.38<\/td><td>26.77<\/td><td>8.86<\/td><\/tr><tr><td>L<\/td><td>5.71<\/td><td>27.95<\/td><td>28.35<\/td><td>9.25<\/td><\/tr><tr><td>XL<\/td><td>6.1<\/td><td>29.53<\/td><td>29.92<\/td><td>9.65<\/td><\/tr><\/tbody><\/table><\/figure>","protected":false},"excerpt":{"rendered":"<p>D\u00e9couvrez la fusion du confort et du style avec notre ensemble soutien-gorge et culotte en maille transparente mouchet\u00e9e. Les bonnets crois\u00e9s et l&#039;anneau en m\u00e9tal apportent une touche \u00e9l\u00e9gante et contemporaine \u00e0 cet incontournable de la lingerie classique.<\/p>","protected":false},"featured_media":43540,"template":"","meta":[],"product_brand":[],"product_cat":[368,367,375],"product_tag":[452,518,973,446,864],"class_list":{"0":"post-43530","1":"product","2":"type-product","3":"status-publish","4":"has-post-thumbnail","6":"product_cat-bra-panty-set","7":"product_cat-sexy-lingerie","8":"product_cat-whoelsale-sheer-bra-and-panty-sets","9":"product_tag-wholesale-boudoir-lingerie","10":"product_tag-mesh-lingerie","11":"product_tag-oem","12":"product_tag-wholesale-sexy-see-through-lingerie","13":"product_tag-sexy-petite-lingerie","14":"pa_color-black","15":"pa_size-wholesale-large-size-women-sexy-lingerie","16":"pa_size-wholesale-medium-size-women-sexy-lingerie","17":"pa_size-wholesale-small-size-sexy-lingerie","18":"pa_size-wholesale-extra-large-sexy-lingerie","20":"first","21":"outofstock","22":"taxable","23":"shipping-taxable","24":"purchasable","25":"product-type-variable"},"tiered_pricing_type":"fixed","tiered_pricing_fixed_rules":[],"tiered_pricing_product_settings":{"layout":"default","base_unit_name":{"singular":null,"plural":null},"default_variation":null},"tiered_pricing_minimum_quantity":null,"tiered_pricing_roles_data":{"default_wholesaler":{"product_id":43530,"role":"default_wholesaler","pricing_type":"flat","regular_price":null,"sale_price":null,"discount":null,"discount_type":"sale_price","tiered_pricing_type":"fixed","percentage_rules":[],"fixed_rules":{"2":"9.39","30":"8.09","500":"7.09"},"minimum":null},"dropshippinger":{"product_id":43530,"role":"dropshippinger","pricing_type":"flat","regular_price":null,"sale_price":null,"discount":null,"discount_type":"sale_price","tiered_pricing_type":"fixed","percentage_rules":[],"fixed_rules":{"1":"11.29","5":"9.39","30":"7.09"},"minimum":null}},"tiered_pricing_percentage_rules":[],"tiered_pricing_maximum_quantity":null,"tiered_pricing_quantity_step":null,"_links":{"self":[{"href":"https:\/\/gretasexylingerie.com\/fr\/wp-json\/wp\/v2\/product\/43530","targetHints":{"allow":["GET"]}}],"collection":[{"href":"https:\/\/gretasexylingerie.com\/fr\/wp-json\/wp\/v2\/product"}],"about":[{"href":"https:\/\/gretasexylingerie.com\/fr\/wp-json\/wp\/v2\/types\/product"}],"wp:featuredmedia":[{"embeddable":true,"href":"https:\/\/gretasexylingerie.com\/fr\/wp-json\/wp\/v2\/media\/43540"}],"wp:attachment":[{"href":"https:\/\/gretasexylingerie.com\/fr\/wp-json\/wp\/v2\/media?parent=43530"}],"wp:term":[{"taxonomy":"product_brand","embeddable":true,"href":"https:\/\/gretasexylingerie.com\/fr\/wp-json\/wp\/v2\/product_brand?post=43530"},{"taxonomy":"product_cat","embeddable":true,"href":"https:\/\/gretasexylingerie.com\/fr\/wp-json\/wp\/v2\/product_cat?post=43530"},{"taxonomy":"product_tag","embeddable":true,"href":"https:\/\/gretasexylingerie.com\/fr\/wp-json\/wp\/v2\/product_tag?post=43530"}],"curies":[{"name":"wp","href":"https:\/\/api.w.org\/{rel}","templated":true}]}}