{"id":43505,"date":"2023-07-12T23:10:59","date_gmt":"2023-07-12T15:10:59","guid":{"rendered":"https:\/\/gretasexylingerie.com\/?post_type=product&#038;p=43505"},"modified":"2024-04-04T14:44:53","modified_gmt":"2024-04-04T06:44:53","slug":"ensemble-soutien-gorge-porte-jarretelles-brode-floral-avec-bonnet-decoupe","status":"publish","type":"product","link":"https:\/\/gretasexylingerie.com\/fr\/products\/floral-embroidered-bra-garter-set-with-cutout-cup\/","title":{"rendered":"Ensemble soutien-gorge et jarretelles brod\u00e9s \u00e0 fleurs, vente en gros, avec bonnet d\u00e9coup\u00e9"},"content":{"rendered":"<ol class=\"wp-block-list\">\n<li>Broderie florale : La broderie florale complexe \u00e9l\u00e8ve l&#039;ensemble de soutien-gorge classique \u00e0 une \u0153uvre d&#039;art, ajoutant une touche f\u00e9minine et exquise qui le distingue de l&#039;ordinaire.<\/li>\n\n\n\n<li>Maille mouchet\u00e9e : le tissu en maille mouchet\u00e9e ajoute une touche ludique et tendance, offrant une couverture transparente tout en ajoutant de la texture \u00e0 la conception globale.<\/li>\n\n\n\n<li>Bonnets d\u00e9coup\u00e9s\u00a0: les bonnets d\u00e9coup\u00e9s attrayants offrent un look provocateur et am\u00e9liorent la silhouette, accentuant la forme f\u00e9minine avec sophistication.<\/li>\n\n\n\n<li>Ensemble de jarreti\u00e8re : Ajoutant \u00e0 son allure, cet ensemble de soutien-gorge comprend une jarreti\u00e8re assortie. La jarreti\u00e8re maintient l&#039;harmonie visuelle de l&#039;ensemble et ajoute une touche suppl\u00e9mentaire de sex-appeal.<\/li>\n\n\n\n<li>Appel polyvalent : avec sa combinaison unique d&#039;\u00e9l\u00e9ments tendance et classiques, cet ensemble de soutien-gorge est parfait pour les occasions sp\u00e9ciales et les v\u00eatements de tous les jours.<\/li>\n<\/ol>\n\n\n\n<p>En conclusion, notre ensemble soutien-gorge et jarreti\u00e8re \u00e0 fleurs brod\u00e9es avec maille mouchet\u00e9e et bonnets d\u00e9coup\u00e9s est une union de beaut\u00e9 et de confort. Ce magnifique ensemble est un ajout incontournable \u00e0 toute collection de lingerie. Faites en sorte que chaque instant compte avec cet ensemble enchanteur.<\/p>\n\n\n\n<figure class=\"wp-block-table is-style-stripes\"><table class=\"has-fixed-layout\"><tbody><tr><td colspan=\"5\">Carte du site (CM)<\/td><\/tr><tr><td>Taille<\/td><td>Longueur<\/td><td>Bas du buste<\/td><td>Taille<\/td><td>Longueur du pantalon<\/td><\/tr><tr><td>S<\/td><td>13,5<\/td><td>68<\/td><td>72<\/td><td>23.5<\/td><\/tr><tr><td>M<\/td><td>14,5<\/td><td>72<\/td><td>76<\/td><td>24.5<\/td><\/tr><tr><td>L<\/td><td>15,5<\/td><td>76<\/td><td>80<\/td><td>25.5<\/td><\/tr><tr><td>XL<\/td><td>16.5<\/td><td>80<\/td><td>84<\/td><td>26.5<\/td><\/tr><tr><td colspan=\"5\">Carte du site (POUCES)<\/td><\/tr><tr><td>Taille<\/td><td>Longueur<\/td><td>Bas du buste<\/td><td>Taille<\/td><td>Longueur du pantalon<\/td><\/tr><tr><td>S<\/td><td>5.31<\/td><td>26.38<\/td><td>24.8<\/td><td>8.66<\/td><\/tr><tr><td>M<\/td><td>5.71<\/td><td>27.95<\/td><td>26.38<\/td><td>9.06<\/td><\/tr><tr><td>L<\/td><td>6.1<\/td><td>29.53<\/td><td>27.95<\/td><td>9.45<\/td><\/tr><tr><td>XL<\/td><td>6.5<\/td><td>31.1<\/td><td>29.53<\/td><td>9.84<\/td><\/tr><\/tbody><\/table><\/figure>","protected":false},"excerpt":{"rendered":"<p>D\u00e9couvrez l&#039;art de l&#039;allure avec notre ensemble soutien-gorge et jarreti\u00e8re brod\u00e9s de fleurs. Les bonnets en maille mouchet\u00e9e et d\u00e9coup\u00e9s de cet ensemble offrent un m\u00e9lange de confort et de charme moderne.<\/p>","protected":false},"featured_media":43529,"template":"","meta":[],"product_brand":[],"product_cat":[368,367,375],"product_tag":[868,452,448,446],"class_list":{"0":"post-43505","1":"product","2":"type-product","3":"status-publish","4":"has-post-thumbnail","6":"product_cat-bra-panty-set","7":"product_cat-sexy-lingerie","8":"product_cat-whoelsale-sheer-bra-and-panty-sets","9":"product_tag-4-piece-lingerie-set","10":"product_tag-wholesale-boudoir-lingerie","11":"product_tag-wholesale-elegant-sexy-lingerie","12":"product_tag-wholesale-sexy-see-through-lingerie","13":"pa_color-black","14":"pa_size-wholesale-large-size-women-sexy-lingerie","15":"pa_size-wholesale-medium-size-women-sexy-lingerie","16":"pa_size-wholesale-small-size-sexy-lingerie","17":"pa_size-wholesale-extra-large-sexy-lingerie","19":"first","20":"instock","21":"taxable","22":"shipping-taxable","23":"purchasable","24":"product-type-variable"},"tiered_pricing_type":"fixed","tiered_pricing_fixed_rules":[],"tiered_pricing_product_settings":{"layout":"table","base_unit_name":{"singular":null,"plural":null},"default_variation":null},"tiered_pricing_minimum_quantity":null,"tiered_pricing_roles_data":{"default_wholesaler":{"product_id":43505,"role":"default_wholesaler","pricing_type":"flat","regular_price":null,"sale_price":null,"discount":null,"discount_type":"sale_price","tiered_pricing_type":"fixed","percentage_rules":[],"fixed_rules":{"2":"9.39","30":"8.09","500":"7.09"},"minimum":null},"dropshippinger":{"product_id":43505,"role":"dropshippinger","pricing_type":"flat","regular_price":null,"sale_price":11.29,"discount":null,"discount_type":"sale_price","tiered_pricing_type":"fixed","percentage_rules":[],"fixed_rules":{"1":"11.29","5":"9.39","30":"7.09"},"minimum":null}},"tiered_pricing_percentage_rules":[],"tiered_pricing_maximum_quantity":null,"tiered_pricing_quantity_step":null,"_links":{"self":[{"href":"https:\/\/gretasexylingerie.com\/fr\/wp-json\/wp\/v2\/product\/43505","targetHints":{"allow":["GET"]}}],"collection":[{"href":"https:\/\/gretasexylingerie.com\/fr\/wp-json\/wp\/v2\/product"}],"about":[{"href":"https:\/\/gretasexylingerie.com\/fr\/wp-json\/wp\/v2\/types\/product"}],"wp:featuredmedia":[{"embeddable":true,"href":"https:\/\/gretasexylingerie.com\/fr\/wp-json\/wp\/v2\/media\/43529"}],"wp:attachment":[{"href":"https:\/\/gretasexylingerie.com\/fr\/wp-json\/wp\/v2\/media?parent=43505"}],"wp:term":[{"taxonomy":"product_brand","embeddable":true,"href":"https:\/\/gretasexylingerie.com\/fr\/wp-json\/wp\/v2\/product_brand?post=43505"},{"taxonomy":"product_cat","embeddable":true,"href":"https:\/\/gretasexylingerie.com\/fr\/wp-json\/wp\/v2\/product_cat?post=43505"},{"taxonomy":"product_tag","embeddable":true,"href":"https:\/\/gretasexylingerie.com\/fr\/wp-json\/wp\/v2\/product_tag?post=43505"}],"curies":[{"name":"wp","href":"https:\/\/api.w.org\/{rel}","templated":true}]}}