{"id":43492,"date":"2023-07-12T22:44:25","date_gmt":"2023-07-12T14:44:25","guid":{"rendered":"https:\/\/gretasexylingerie.com\/?post_type=product&#038;p=43492"},"modified":"2023-12-09T20:55:02","modified_gmt":"2023-12-09T12:55:02","slug":"ensemble-soutien-gorge-en-maille-transparente-mouchetee-avec-bonnet-decoupe","status":"publish","type":"product","link":"https:\/\/gretasexylingerie.com\/fr\/products\/sheer-speckled-mesh-bra-set-with-cutout-cup\/","title":{"rendered":"Ensemble de soutien-gorge en maille transparente mouchet\u00e9e avec coupe d\u00e9coup\u00e9e"},"content":{"rendered":"<ol class=\"wp-block-list\">\n<li>Maille mouchet\u00e9e transparente : La maille mouchet\u00e9e transparente donne une touche moderne et inattendue \u00e0 cet ensemble de soutien-gorge, laissant entrevoir la peau pour un attrait provocateur mais \u00e9l\u00e9gant.<\/li>\n\n\n\n<li>Tasses d\u00e9coup\u00e9es\u00a0: les tasses d\u00e9coup\u00e9es audacieuses ajoutent une touche coquette tout en conservant la sophistication g\u00e9n\u00e9rale. Ils cr\u00e9ent un contraste visuellement agr\u00e9able avec la maille transparente, renfor\u00e7ant l&#039;intrigue du v\u00eatement.<\/li>\n\n\n\n<li>Ceinture \u00e0 maillons en m\u00e9tal : Touche innovante, la ceinture \u00e0 maillons en m\u00e9tal ajoute une dimension chic et audacieuse \u00e0 l&#039;ensemble de soutien-gorge. Il offre une couche suppl\u00e9mentaire de style et assure un ajustement s\u00fbr et ajustable.<\/li>\n\n\n\n<li>Confort et style : cet ensemble de soutien-gorge est con\u00e7u pour un confort optimal et ne compromet pas le style. Son design unique en fait une pi\u00e8ce ma\u00eetresse de toute collection de lingerie.<\/li>\n\n\n\n<li>Polyvalence : que vous vous habilliez pour une occasion sp\u00e9ciale ou que vous vouliez vous sentir luxueux au quotidien, cet ensemble de soutien-gorge est un choix polyvalent. Son design \u00e9pur\u00e9 et ses mat\u00e9riaux confortables le rendent adapt\u00e9 \u00e0 toutes les situations.<\/li>\n<\/ol>\n\n\n\n<p>En conclusion, notre ensemble de soutien-gorge en maille transparente mouchet\u00e9e avec bonnets d\u00e9coup\u00e9s et ceinture \u00e0 anneaux en m\u00e9tal incarne le luxe, le confort et le style. Cette pi\u00e8ce sophistiqu\u00e9e ajoutera \u00e0 coup s\u00fbr une touche unique \u00e0 votre collection de lingerie. D\u00e9couvrez le m\u00e9lange parfait d&#039;allure et de confort avec cet ensemble exceptionnel.<\/p>\n\n\n\n<figure class=\"wp-block-table is-style-stripes\"><table class=\"has-fixed-layout\"><tbody><tr><td colspan=\"5\">Carte du site (CM)<\/td><\/tr><tr><td>Taille<\/td><td>Longueur<\/td><td>Bas du buste<\/td><td>Taille<\/td><td>Longueur du pantalon<\/td><\/tr><tr><td>S<\/td><td>11.5<\/td><td>68<\/td><td>72<\/td><td>23.5<\/td><\/tr><tr><td>M<\/td><td>12.5<\/td><td>72<\/td><td>76<\/td><td>24.5<\/td><\/tr><tr><td>L<\/td><td>13.5<\/td><td>76<\/td><td>80<\/td><td>25.5<\/td><\/tr><tr><td>XL<\/td><td>14.5<\/td><td>80<\/td><td>84<\/td><td>26.5<\/td><\/tr><tr><td colspan=\"5\">Carte du site (POUCES)<\/td><\/tr><tr><td>Taille<\/td><td>Longueur<\/td><td>Bas du buste<\/td><td>Taille<\/td><td>Longueur du pantalon<\/td><\/tr><tr><td>S<\/td><td>4.53<\/td><td>26.77<\/td><td>28.35<\/td><td>9.25<\/td><\/tr><tr><td>M<\/td><td>4.92<\/td><td>28.35<\/td><td>29.92<\/td><td>9.65<\/td><\/tr><tr><td>L<\/td><td>5.31<\/td><td>29.92<\/td><td>31.5<\/td><td>10.04<\/td><\/tr><tr><td><\/td><td>5.71<\/td><td>31.5<\/td><td>33.07<\/td><td>10.43<\/td><\/tr><\/tbody><\/table><\/figure>","protected":false},"excerpt":{"rendered":"<p>D\u00e9couvrez une touche d&#039;allure moderne avec notre ensemble de soutien-gorge en maille transparente mouchet\u00e9e. Cet ensemble allie confort et sophistication dans un ensemble \u00e9l\u00e9gant, comprenant des bonnets d\u00e9coup\u00e9s et une ceinture \u00e0 maillons en m\u00e9tal.<\/p>","protected":false},"featured_media":43504,"template":"","meta":[],"product_brand":[],"product_cat":[368,367,375],"product_tag":[507,518,973,446],"class_list":{"0":"post-43492","1":"product","2":"type-product","3":"status-publish","4":"has-post-thumbnail","6":"product_cat-bra-panty-set","7":"product_cat-sexy-lingerie","8":"product_cat-whoelsale-sheer-bra-and-panty-sets","9":"product_tag-three-pcs-set","10":"product_tag-mesh-lingerie","11":"product_tag-oem","12":"product_tag-wholesale-sexy-see-through-lingerie","13":"pa_color-black","14":"pa_size-wholesale-large-size-women-sexy-lingerie","15":"pa_size-wholesale-medium-size-women-sexy-lingerie","16":"pa_size-wholesale-small-size-sexy-lingerie","17":"pa_size-wholesale-extra-large-sexy-lingerie","19":"first","20":"outofstock","21":"taxable","22":"shipping-taxable","23":"purchasable","24":"product-type-variable"},"tiered_pricing_type":"fixed","tiered_pricing_fixed_rules":[],"tiered_pricing_product_settings":{"layout":"default","base_unit_name":{"singular":null,"plural":null},"default_variation":{}},"tiered_pricing_minimum_quantity":null,"tiered_pricing_roles_data":{"default_wholesaler":{"product_id":43492,"role":"default_wholesaler","pricing_type":"flat","regular_price":null,"sale_price":null,"discount":null,"discount_type":"sale_price","tiered_pricing_type":"fixed","percentage_rules":[],"fixed_rules":{"2":"13.89","30":"9.39","500":"8.09"},"minimum":null},"dropshippinger":{"product_id":43492,"role":"dropshippinger","pricing_type":"flat","regular_price":null,"sale_price":11.29,"discount":null,"discount_type":"sale_price","tiered_pricing_type":"fixed","percentage_rules":[],"fixed_rules":{"1":"11.29","5":"9.39","30":"7.09"},"minimum":null}},"tiered_pricing_percentage_rules":[],"tiered_pricing_maximum_quantity":null,"tiered_pricing_quantity_step":null,"_links":{"self":[{"href":"https:\/\/gretasexylingerie.com\/fr\/wp-json\/wp\/v2\/product\/43492","targetHints":{"allow":["GET"]}}],"collection":[{"href":"https:\/\/gretasexylingerie.com\/fr\/wp-json\/wp\/v2\/product"}],"about":[{"href":"https:\/\/gretasexylingerie.com\/fr\/wp-json\/wp\/v2\/types\/product"}],"wp:featuredmedia":[{"embeddable":true,"href":"https:\/\/gretasexylingerie.com\/fr\/wp-json\/wp\/v2\/media\/43504"}],"wp:attachment":[{"href":"https:\/\/gretasexylingerie.com\/fr\/wp-json\/wp\/v2\/media?parent=43492"}],"wp:term":[{"taxonomy":"product_brand","embeddable":true,"href":"https:\/\/gretasexylingerie.com\/fr\/wp-json\/wp\/v2\/product_brand?post=43492"},{"taxonomy":"product_cat","embeddable":true,"href":"https:\/\/gretasexylingerie.com\/fr\/wp-json\/wp\/v2\/product_cat?post=43492"},{"taxonomy":"product_tag","embeddable":true,"href":"https:\/\/gretasexylingerie.com\/fr\/wp-json\/wp\/v2\/product_tag?post=43492"}],"curies":[{"name":"wp","href":"https:\/\/api.w.org\/{rel}","templated":true}]}}