{"id":43449,"date":"2023-07-07T23:16:53","date_gmt":"2023-07-07T15:16:53","guid":{"rendered":"https:\/\/gretasexylingerie.com\/?post_type=product&#038;p=43449"},"modified":"2024-04-04T14:40:19","modified_gmt":"2024-04-04T06:40:19","slug":"ensemble-de-3-soutiens-gorge-en-maille-transparente-beige-avec-details-brodes","status":"publish","type":"product","link":"https:\/\/gretasexylingerie.com\/fr\/products\/sheer-mesh-beige-bra-set-of-3-with-embroidered-detailing\/","title":{"rendered":"Lot de 3 soutiens-gorge en maille transparente beige avec d\u00e9tails brod\u00e9s"},"content":{"rendered":"<ol class=\"wp-block-list\">\n<li>Mat\u00e9riau de qualit\u00e9 sup\u00e9rieure : cet ensemble de soutien-gorge est fabriqu\u00e9 \u00e0 partir de maille de haute qualit\u00e9, assurant confort et durabilit\u00e9. Sa respirabilit\u00e9 ajoute \u00e0 son attrait, vous faisant sentir frais et confortable toute la journ\u00e9e.<\/li>\n\n\n\n<li>D\u00e9tails brod\u00e9s\u00a0: les fils brod\u00e9s complexes tiss\u00e9s dans la maille transparente ajoutent \u00e9l\u00e9gance et sophistication. Ce d\u00e9tail complexe distingue ce soutien-gorge, ce qui en fait un bel ajout \u00e0 votre collection de lingerie.<\/li>\n\n\n\n<li>Ensemble de trois : Offrant un ensemble de trois soutiens-gorge, ce produit assure vari\u00e9t\u00e9 et flexibilit\u00e9 dans votre garde-robe. Vous pouvez alterner entre les soutiens-gorge ou avoir des pi\u00e8ces de rechange pr\u00eates en cas de besoin, ce qui am\u00e9liore la commodit\u00e9 et vous assure d&#039;\u00eatre toujours pr\u00eat.<\/li>\n\n\n\n<li>Teinte naturelle : la couleur beige de l&#039;ensemble de soutien-gorge se fond parfaitement sous n&#039;importe quel v\u00eatement. La teinte neutre est un excellent choix pour une sous-couche imperceptible et n&#039;interf\u00e8re pas avec la palette de couleurs de votre tenue.<\/li>\n\n\n\n<li>Attrait universel : cet ensemble r\u00e9pond \u00e0 un large \u00e9ventail de pr\u00e9f\u00e9rences, alliant praticit\u00e9 et belle esth\u00e9tique. Cet ensemble de soutien-gorge offre quelque chose que chaque femme peut appr\u00e9cier, quel que soit son style.<\/li>\n<\/ol>\n\n\n\n<p>En conclusion, notre lot de 3 soutiens-gorge en maille transparente beige est un ajout polyvalent, \u00e9l\u00e9gant et pratique \u00e0 votre collection de lingerie. Avec sa mati\u00e8re confortable, ses d\u00e9tails magnifiquement brod\u00e9s et sa couleur polyvalente, il promet d&#039;\u00eatre un ensemble de lingerie que vous atteindrez encore et encore. Am\u00e9liorez votre tiroir \u00e0 lingerie avec ce bel ensemble aujourd&#039;hui.<\/p>\n\n\n\n<figure class=\"wp-block-table is-style-stripes\"><table class=\"has-fixed-layout\"><tbody><tr><td colspan=\"5\">Carte du site (CM)<\/td><\/tr><tr><td>Taille<\/td><td>Bas du buste<\/td><td>Longueur<\/td><td>Ligne de taille<\/td><td>La longueur des pantalons<\/td><\/tr><tr><td>S<\/td><td>65<\/td><td>14<\/td><td>70<\/td><td>23<\/td><\/tr><tr><td>M<\/td><td>69<\/td><td>15<\/td><td>74<\/td><td>24<\/td><\/tr><tr><td>L<\/td><td>73<\/td><td>16<\/td><td>78<\/td><td>25<\/td><\/tr><tr><td>Carte du site (POUCES)<\/td><td><\/td><td><\/td><td><\/td><td><\/td><\/tr><tr><td>Taille<\/td><td>Bas du buste<\/td><td>Longueur<\/td><td>Ligne de taille<\/td><td>La longueur des pantalons<\/td><\/tr><tr><td>S<\/td><td>25.59<\/td><td>5.51<\/td><td>27.56<\/td><td>9.06<\/td><\/tr><tr><td>M<\/td><td>27.17<\/td><td>5.91<\/td><td>29.13<\/td><td>9.45<\/td><\/tr><tr><td>L<\/td><td>28.74<\/td><td>6.3<\/td><td>30.71<\/td><td>9.84<\/td><\/tr><\/tbody><\/table><\/figure>","protected":false},"excerpt":{"rendered":"<p>Parez-vous de notre lot de 3 soutiens-gorge beiges. Fabriqu\u00e9 \u00e0 partir de maille transparente avec une broderie d\u00e9licate, cet ensemble d\u00e9gage un charme f\u00e9minin tout en offrant le confort de la vari\u00e9t\u00e9.<\/p>\n<p>https:\/\/youtu.be\/SfXjPUJLHS4<\/p>","protected":false},"featured_media":43465,"template":"","meta":[],"product_brand":[],"product_cat":[368,367,375],"product_tag":[507,861,448,454,518,446],"class_list":{"0":"post-43449","1":"product","2":"type-product","3":"status-publish","4":"has-post-thumbnail","6":"product_cat-bra-panty-set","7":"product_cat-sexy-lingerie","8":"product_cat-whoelsale-sheer-bra-and-panty-sets","9":"product_tag-three-pcs-set","10":"product_tag-brunette-lingerie","11":"product_tag-wholesale-elegant-sexy-lingerie","12":"product_tag-wholesale-sexy-embroidered-lingerie","13":"product_tag-mesh-lingerie","14":"product_tag-wholesale-sexy-see-through-lingerie","15":"pa_color-bisque-women-sexy-lingerie","16":"pa_size-wholesale-large-size-women-sexy-lingerie","17":"pa_size-wholesale-medium-size-women-sexy-lingerie","18":"pa_size-wholesale-small-size-sexy-lingerie","20":"first","21":"instock","22":"taxable","23":"shipping-taxable","24":"purchasable","25":"product-type-variable"},"tiered_pricing_type":"fixed","tiered_pricing_fixed_rules":[],"tiered_pricing_product_settings":{"layout":"table","base_unit_name":{"singular":null,"plural":null},"default_variation":{}},"tiered_pricing_minimum_quantity":null,"tiered_pricing_roles_data":{"default_wholesaler":{"product_id":43449,"role":"default_wholesaler","pricing_type":"flat","regular_price":null,"sale_price":null,"discount":null,"discount_type":"sale_price","tiered_pricing_type":"fixed","percentage_rules":[],"fixed_rules":{"2":"11.89","30":"10.59","500":"9.69"},"minimum":null},"dropshippinger":{"product_id":43449,"role":"dropshippinger","pricing_type":"flat","regular_price":null,"sale_price":null,"discount":null,"discount_type":"sale_price","tiered_pricing_type":"fixed","percentage_rules":[],"fixed_rules":{"1":"13.69","5":"11.89","30":"9.69"},"minimum":null}},"tiered_pricing_percentage_rules":[],"tiered_pricing_maximum_quantity":null,"tiered_pricing_quantity_step":null,"_links":{"self":[{"href":"https:\/\/gretasexylingerie.com\/fr\/wp-json\/wp\/v2\/product\/43449","targetHints":{"allow":["GET"]}}],"collection":[{"href":"https:\/\/gretasexylingerie.com\/fr\/wp-json\/wp\/v2\/product"}],"about":[{"href":"https:\/\/gretasexylingerie.com\/fr\/wp-json\/wp\/v2\/types\/product"}],"wp:featuredmedia":[{"embeddable":true,"href":"https:\/\/gretasexylingerie.com\/fr\/wp-json\/wp\/v2\/media\/43465"}],"wp:attachment":[{"href":"https:\/\/gretasexylingerie.com\/fr\/wp-json\/wp\/v2\/media?parent=43449"}],"wp:term":[{"taxonomy":"product_brand","embeddable":true,"href":"https:\/\/gretasexylingerie.com\/fr\/wp-json\/wp\/v2\/product_brand?post=43449"},{"taxonomy":"product_cat","embeddable":true,"href":"https:\/\/gretasexylingerie.com\/fr\/wp-json\/wp\/v2\/product_cat?post=43449"},{"taxonomy":"product_tag","embeddable":true,"href":"https:\/\/gretasexylingerie.com\/fr\/wp-json\/wp\/v2\/product_tag?post=43449"}],"curies":[{"name":"wp","href":"https:\/\/api.w.org\/{rel}","templated":true}]}}