{"id":43213,"date":"2023-07-01T00:32:57","date_gmt":"2023-06-30T16:32:57","guid":{"rendered":"https:\/\/gretasexylingerie.com\/?post_type=product&#038;p=43213"},"modified":"2023-10-22T23:20:51","modified_gmt":"2023-10-22T15:20:51","slug":"body-en-maille-transparente-brodee-avec-dos-ouvert","status":"publish","type":"product","link":"https:\/\/gretasexylingerie.com\/fr\/products\/embroidered-sheer-mesh-bodysuit-with-open-back\/","title":{"rendered":"Body brod\u00e9 en maille transparente avec dos ouvert"},"content":{"rendered":"<ol class=\"wp-block-list\">\n<li>Broderie exquise : ce body est orn\u00e9 de broderies complexes qui rehaussent son attrait esth\u00e9tique. Soigneusement cousu, il ajoute un \u00e9l\u00e9ment artistique \u00e0 la conception globale, offrant une dimension texturale unique.<\/li>\n\n\n\n<li>Tissu en maille mouchet\u00e9e : Confectionn\u00e9 avec un tissu en maille mouchet\u00e9e, ce body combine de mani\u00e8re unique transparence et motif. L\u00e9ger et respirant, il assure un confort optimal sans compromis sur le style.<\/li>\n\n\n\n<li>Poitrine et dos ouverts : La conception audacieuse de la poitrine et du dos ouverts ajoute une touche provocante \u00e0 ce body. Cette caract\u00e9ristique audacieuse renforce la sensualit\u00e9 globale du v\u00eatement, \u00e9quilibrant parfaitement \u00e9l\u00e9gance et allure.<\/li>\n\n\n\n<li>Sheer Delight : La composition transparente de ce body offre un aper\u00e7u all\u00e9chant de ce qu&#039;il y a en dessous, ajoutant une touche ludique mais de bon go\u00fbt \u00e0 votre collection de v\u00eatements intimes.<\/li>\n\n\n\n<li>Vari\u00e9t\u00e9 de couleurs et de tailles : con\u00e7u pour r\u00e9pondre \u00e0 votre style et \u00e0 votre coupe, ce body est disponible en 10 couleurs et quatre tailles. Choisissez celui qui repr\u00e9sente le mieux votre personnalit\u00e9 et votre type de corps, en vous assurant de vous sentir \u00e0 l&#039;aise et en confiance.<\/li>\n<\/ol>\n\n\n\n<p>En conclusion, le Body Embroidered Sheer Mesh offre un m\u00e9lange irr\u00e9sistible de confort, de style et de sensualit\u00e9. Ses diff\u00e9rentes options de couleurs et de tailles plaisent \u00e0 tous ceux qui cherchent \u00e0 \u00e9lever leur collection de v\u00eatements intimes. Adoptez-le aujourd&#039;hui et c\u00e9l\u00e9brez votre allure f\u00e9minine avec une touche de raffinement.<\/p>\n\n\n\n<figure class=\"wp-block-table is-style-stripes\"><table class=\"has-fixed-layout\"><tbody><tr><td>Carte du site (CM)<\/td><td><\/td><td><\/td><td><\/td><\/tr><tr><td>Taille<\/td><td>Bas du buste<\/td><td>Longueur<\/td><td>Taille<\/td><\/tr><tr><td>S<\/td><td>68<\/td><td>54<\/td><td>64<\/td><\/tr><tr><td>M<\/td><td>72<\/td><td>56<\/td><td>68<\/td><\/tr><tr><td>L<\/td><td>76<\/td><td>68<\/td><td>72<\/td><\/tr><tr><td>XL<\/td><td>80<\/td><td>60<\/td><td>76<\/td><\/tr><tr><td>Carte du site (POUCES)<\/td><td><\/td><td><\/td><td><\/td><\/tr><tr><td>Taille<\/td><td>Longueur<\/td><td>Buste sup\u00e9rieur<\/td><td>Bas du buste<\/td><\/tr><tr><td>S<\/td><td>26.77<\/td><td>21.26<\/td><td>25.2<\/td><\/tr><tr><td>M<\/td><td>28.35<\/td><td>22.05<\/td><td>26.77<\/td><\/tr><tr><td>L<\/td><td>29.92<\/td><td>26.77<\/td><td>28.35<\/td><\/tr><tr><td>XL<\/td><td>31.5<\/td><td>23.62<\/td><td>29.92<\/td><\/tr><\/tbody><\/table><\/figure>","protected":false},"excerpt":{"rendered":"<p>Offrez-vous la sophistication et l&#039;allure avec notre body brod\u00e9 en maille transparente. Dot\u00e9 d&#039;une poitrine et d&#039;un dos ouverts et d&#039;un tissu en maille mouchet\u00e9e, ce body met en valeur votre silhouette avec une \u00e9l\u00e9gance f\u00e9minine.<\/p>\n<p>https:\/\/youtu.be\/nwujgMHYYSk<\/p>","protected":false},"featured_media":43308,"template":"","meta":[],"product_brand":[],"product_cat":[370,367,373],"product_tag":[521,448,454,518,446],"class_list":{"0":"post-43213","1":"product","2":"type-product","3":"status-publish","4":"has-post-thumbnail","6":"product_cat-bodysuit","7":"product_cat-sexy-lingerie","8":"product_cat-wholesale-sexy-mesh-bodysuit","9":"product_tag-deep-v-lingerie","10":"product_tag-wholesale-elegant-sexy-lingerie","11":"product_tag-wholesale-sexy-embroidered-lingerie","12":"product_tag-mesh-lingerie","13":"product_tag-wholesale-sexy-see-through-lingerie","14":"pa_color-black","15":"pa_color-blue-women-sexy-lingerie","16":"pa_color-green-yellow-women-sexy-lingerie","17":"pa_color-hot-pink-women-sexy-lingerie","18":"pa_color-pink-women-sexy-lingerie","19":"pa_color-purple-women-sexy-lingerie","20":"pa_color-red-women-sexy-lingerie","21":"pa_color-sea-green-women-sexy-lingerie","22":"pa_color-white","23":"pa_color-yellow","24":"pa_size-wholesale-large-size-women-sexy-lingerie","25":"pa_size-wholesale-medium-size-women-sexy-lingerie","26":"pa_size-wholesale-small-size-sexy-lingerie","27":"pa_size-wholesale-extra-large-sexy-lingerie","29":"first","30":"instock","31":"taxable","32":"shipping-taxable","33":"purchasable","34":"product-type-variable"},"tiered_pricing_type":"fixed","tiered_pricing_fixed_rules":[],"tiered_pricing_product_settings":{"layout":"default","base_unit_name":{"singular":null,"plural":null},"default_variation":{}},"tiered_pricing_minimum_quantity":null,"tiered_pricing_roles_data":{"default_wholesaler":{"product_id":43213,"role":"default_wholesaler","pricing_type":"flat","regular_price":null,"sale_price":null,"discount":null,"discount_type":"sale_price","tiered_pricing_type":"fixed","percentage_rules":[],"fixed_rules":{"2":"9.39","30":"8.19","500":"7.29"},"minimum":null},"dropshippinger":{"product_id":43213,"role":"dropshippinger","pricing_type":"flat","regular_price":null,"sale_price":null,"discount":null,"discount_type":"sale_price","tiered_pricing_type":"fixed","percentage_rules":[],"fixed_rules":{"1":"10.99","5":"9.39","30":"7.29"},"minimum":null}},"tiered_pricing_percentage_rules":[],"tiered_pricing_maximum_quantity":null,"tiered_pricing_quantity_step":null,"_links":{"self":[{"href":"https:\/\/gretasexylingerie.com\/fr\/wp-json\/wp\/v2\/product\/43213","targetHints":{"allow":["GET"]}}],"collection":[{"href":"https:\/\/gretasexylingerie.com\/fr\/wp-json\/wp\/v2\/product"}],"about":[{"href":"https:\/\/gretasexylingerie.com\/fr\/wp-json\/wp\/v2\/types\/product"}],"wp:featuredmedia":[{"embeddable":true,"href":"https:\/\/gretasexylingerie.com\/fr\/wp-json\/wp\/v2\/media\/43308"}],"wp:attachment":[{"href":"https:\/\/gretasexylingerie.com\/fr\/wp-json\/wp\/v2\/media?parent=43213"}],"wp:term":[{"taxonomy":"product_brand","embeddable":true,"href":"https:\/\/gretasexylingerie.com\/fr\/wp-json\/wp\/v2\/product_brand?post=43213"},{"taxonomy":"product_cat","embeddable":true,"href":"https:\/\/gretasexylingerie.com\/fr\/wp-json\/wp\/v2\/product_cat?post=43213"},{"taxonomy":"product_tag","embeddable":true,"href":"https:\/\/gretasexylingerie.com\/fr\/wp-json\/wp\/v2\/product_tag?post=43213"}],"curies":[{"name":"wp","href":"https:\/\/api.w.org\/{rel}","templated":true}]}}