{"id":43076,"date":"2023-06-28T23:23:58","date_gmt":"2023-06-28T15:23:58","guid":{"rendered":"https:\/\/gretasexylingerie.com\/?post_type=product&#038;p=43076"},"modified":"2024-01-17T22:36:09","modified_gmt":"2024-01-17T14:36:09","slug":"ensemble-soutien-gorge-en-dentelle-florale-avec-bordure-a-volants-en-dentelle","status":"publish","type":"product","link":"https:\/\/gretasexylingerie.com\/fr\/products\/floral-lace-bra-set-with-lace-ruffle-trim\/","title":{"rendered":"Ensemble de soutien-gorge en dentelle florale en gros avec bordure \u00e0 volants en dentelle"},"content":{"rendered":"<ol class=\"wp-block-list\">\n<li>Dentelle florale complexe : fabriqu\u00e9e avec une attention particuli\u00e8re aux d\u00e9tails, la conception en dentelle florale de notre ensemble de soutien-gorge offre plus qu&#039;un attrait. Il incarne une aura f\u00e9minine \u00e0 la fois \u00e9l\u00e9gante et moderne. Chaque point et motif floral contribue \u00e0 un look riche en d\u00e9tails et en sophistication, r\u00e9sultant en une pi\u00e8ce de lingerie aussi belle de pr\u00e8s que de loin.<\/li>\n\n\n\n<li>Design contrast\u00e9 saisissant : un contraste ludique entre le teint naturel de la peau et la chaux vibrante, notre ensemble de soutien-gorge d\u00e9fie les conventions. Cette palette de couleurs frappante vous distingue de la foule, offrant une explosion de couleurs qui reste de bon go\u00fbt et unique. Que vous souhaitiez \u00e9blouir ou simplement exprimer votre personnalit\u00e9, le contraste vibrant de cet ensemble vous permet de faire les deux<\/li>\n\n\n\n<li>Allure transparente : notre ensemble de soutien-gorge n&#039;est pas simplement transparent, c&#039;est un choix de design intentionnel destin\u00e9 \u00e0 intriguer. La transparence \u00e9quilibre la r\u00e9v\u00e9lation et la dissimulation, cr\u00e9ant un air de myst\u00e8re qui laisse place \u00e0 l&#039;imagination. C&#039;est un ajout provocateur mais de bon go\u00fbt qui transforme n&#039;importe quel jour ordinaire en une occasion.<\/li>\n\n\n\n<li>Ceinture large \u00e9l\u00e9gante : la ceinture large, orn\u00e9e d&#039;une bordure \u00e0 volants en dentelle, est la caract\u00e9ristique d\u00e9terminante de cet ensemble. La ceinture soutient et met en valeur votre tour de taille et ajoute une touche de luxe \u00e0 votre tenue. Ce d\u00e9tail unique compl\u00e8te le tissu transparent et le contraste des couleurs, liant l&#039;ensemble tout en am\u00e9liorant votre silhouette.<\/li>\n\n\n\n<li>Polyvalent et confortable : le confort et la polyvalence de notre ensemble de soutien-gorge sont in\u00e9gal\u00e9s. Sa conception lui permet de s&#039;adapter \u00e0 une vari\u00e9t\u00e9 de formes et de tailles de corps, assurant un ajustement parfait \u00e0 chaque fois. Que vous le portiez pour une occasion sp\u00e9ciale ou que vous vouliez vous sentir fabuleux, cet ensemble donne la priorit\u00e9 \u00e0 votre confort sans compromettre le style.<\/li>\n\n\n\n<li>Parfait pour les occasions sp\u00e9ciales : avec ses caract\u00e9ristiques uniques et son style sophistiqu\u00e9, cet ensemble de soutien-gorge est id\u00e9al pour ces moments inoubliables. Que ce soit pour c\u00e9l\u00e9brer un anniversaire, une victoire personnelle ou simplement pour vous faire plaisir, cet ensemble de soutien-gorge ajoute une touche d&#039;extravagance \u00e0 votre journ\u00e9e sp\u00e9ciale.<\/li>\n<\/ol>\n\n\n\n<p>En conclusion, notre ensemble de soutien-gorge en dentelle florale avec ceinture large contrastante et bordure \u00e0 volants en dentelle t\u00e9moigne du style, du confort et de l&#039;individualit\u00e9. Ses \u00e9l\u00e9ments de design uniques et son souci du confort en font un ajout polyvalent et essentiel \u00e0 votre collection de lingerie.<\/p>\n\n\n\n<figure class=\"wp-block-table is-style-stripes\"><table class=\"has-fixed-layout\"><tbody><tr><td colspan=\"5\">Carte du site (CM)<\/td><\/tr><tr><td>Taille<\/td><td>Longueur<\/td><td>Buste sup\u00e9rieur<\/td><td>Bas du buste<\/td><td>Ligne de taille<\/td><\/tr><tr><td>S<\/td><td>20<\/td><td>70-80<\/td><td>64-96<\/td><td>68<\/td><\/tr><tr><td>M<\/td><td>21<\/td><td>74-92<\/td><td>68-100<\/td><td>72<\/td><\/tr><tr><td>L<\/td><td>22<\/td><td>78-96<\/td><td>72-104<\/td><td>76<\/td><\/tr><tr><td colspan=\"5\">Carte du site (POUCES)<\/td><\/tr><tr><td>Taille<\/td><td>Longueur<\/td><td>Buste sup\u00e9rieur<\/td><td>Bas du buste<\/td><td>Ligne de taille<\/td><\/tr><tr><td>S<\/td><td>7.87<\/td><td>27.56-31.50<\/td><td>25.20-37.80<\/td><td>26.77<\/td><\/tr><tr><td>M<\/td><td>8.27<\/td><td>29.13-36.22<\/td><td>26.77-39.37<\/td><td>28.35<\/td><\/tr><tr><td>L<\/td><td>8.66<\/td><td>30.71-37.80<\/td><td>28.35-40.94<\/td><td>29.92<\/td><\/tr><\/tbody><\/table><\/figure>","protected":false},"excerpt":{"rendered":"<p>Adoptez l&#039;allure chic de notre ensemble de soutien-gorge en dentelle florale. Avec un design en dentelle transparente et un contraste de couleur de peau et de citron vert accrocheur, cet ensemble est livr\u00e9 avec une large ceinture orn\u00e9e de volants en dentelle pour plus de sophistication.<\/p>","protected":false},"featured_media":43094,"template":"","meta":[],"product_brand":[],"product_cat":[368,369,367],"product_tag":[448,522,516,510,446,864,863],"class_list":{"0":"post-43076","1":"product","2":"type-product","3":"status-publish","4":"has-post-thumbnail","6":"product_cat-bra-panty-set","7":"product_cat-wholesale-lace-bra-and-panty-sets","8":"product_cat-sexy-lingerie","9":"product_tag-wholesale-elegant-sexy-lingerie","10":"product_tag-eyelash-lingerie","11":"product_tag-lace-lingerie","12":"product_tag-ruffles-lingerie","13":"product_tag-wholesale-sexy-see-through-lingerie","14":"product_tag-sexy-petite-lingerie","15":"product_tag-sexy-thong-lingerie","16":"pa_color-hot-pink-women-sexy-lingerie","17":"pa_color-lime-women-sexy-lingerie","18":"pa_size-wholesale-large-size-women-sexy-lingerie","19":"pa_size-wholesale-medium-size-women-sexy-lingerie","20":"pa_size-wholesale-small-size-sexy-lingerie","22":"first","23":"instock","24":"taxable","25":"shipping-taxable","26":"purchasable","27":"product-type-variable"},"tiered_pricing_type":"fixed","tiered_pricing_fixed_rules":[],"tiered_pricing_product_settings":{"layout":"default","base_unit_name":{"singular":null,"plural":null},"default_variation":null},"tiered_pricing_minimum_quantity":null,"tiered_pricing_roles_data":{"default_wholesaler":{"product_id":43076,"role":"default_wholesaler","pricing_type":"flat","regular_price":null,"sale_price":null,"discount":null,"discount_type":"sale_price","tiered_pricing_type":"fixed","percentage_rules":[],"fixed_rules":{"2":"9.89","30":"8.59","500":"7.69"},"minimum":null},"dropshippinger":{"product_id":43076,"role":"dropshippinger","pricing_type":"flat","regular_price":null,"sale_price":null,"discount":null,"discount_type":"sale_price","tiered_pricing_type":"fixed","percentage_rules":[],"fixed_rules":{"1":"11.69","5":"9.89","30":"7.69"},"minimum":null}},"tiered_pricing_percentage_rules":[],"tiered_pricing_maximum_quantity":null,"tiered_pricing_quantity_step":null,"_links":{"self":[{"href":"https:\/\/gretasexylingerie.com\/fr\/wp-json\/wp\/v2\/product\/43076","targetHints":{"allow":["GET"]}}],"collection":[{"href":"https:\/\/gretasexylingerie.com\/fr\/wp-json\/wp\/v2\/product"}],"about":[{"href":"https:\/\/gretasexylingerie.com\/fr\/wp-json\/wp\/v2\/types\/product"}],"wp:featuredmedia":[{"embeddable":true,"href":"https:\/\/gretasexylingerie.com\/fr\/wp-json\/wp\/v2\/media\/43094"}],"wp:attachment":[{"href":"https:\/\/gretasexylingerie.com\/fr\/wp-json\/wp\/v2\/media?parent=43076"}],"wp:term":[{"taxonomy":"product_brand","embeddable":true,"href":"https:\/\/gretasexylingerie.com\/fr\/wp-json\/wp\/v2\/product_brand?post=43076"},{"taxonomy":"product_cat","embeddable":true,"href":"https:\/\/gretasexylingerie.com\/fr\/wp-json\/wp\/v2\/product_cat?post=43076"},{"taxonomy":"product_tag","embeddable":true,"href":"https:\/\/gretasexylingerie.com\/fr\/wp-json\/wp\/v2\/product_tag?post=43076"}],"curies":[{"name":"wp","href":"https:\/\/api.w.org\/{rel}","templated":true}]}}