{"id":43060,"date":"2023-06-28T22:42:42","date_gmt":"2023-06-28T14:42:42","guid":{"rendered":"https:\/\/gretasexylingerie.com\/?post_type=product&#038;p=43060"},"modified":"2023-12-09T21:19:02","modified_gmt":"2023-12-09T13:19:02","slug":"ensemble-bustier-sexy-en-dentelle-florale-avec-chaines-en-strass","status":"publish","type":"product","link":"https:\/\/gretasexylingerie.com\/fr\/products\/sexy-floral-lace-bustier-set-with-rhinestone-chains\/","title":{"rendered":"Ensemble bustier sexy en dentelle florale avec cha\u00eenes en strass, vente en gros"},"content":{"rendered":"<ol class=\"wp-block-list\">\n<li>Dentelle florale exquise : notre ensemble bustier en dentelle florale pr\u00e9sente des d\u00e9tails complexes, ajoutant une couche distincte de f\u00e9minit\u00e9 et d&#039;\u00e9l\u00e9gance. Cet \u00e9quilibre entre allure et sophistication vous permettra de vous d\u00e9marquer, que vous planifiez une soir\u00e9e sp\u00e9ciale ou que vous vouliez simplement vous sentir extraordinaire.<\/li>\n\n\n\n<li>Cha\u00eenes en strass scintillants\u00a0: ce qui distingue notre bustier, ce sont les deux ensembles de cha\u00eenes en strass \u00e9tincelants. Ils \u00e9l\u00e8vent sans effort l&#039;ensemble de lingerie de simplement beau \u00e0 glamour \u00e0 couper le souffle. Ces cha\u00eenes d\u00e9licates captent la lumi\u00e8re, ajoutant une couche de luxe \u00e0 votre look qui fera tourner les t\u00eates.<\/li>\n\n\n\n<li>Design transparent : la nature transparente et transparente de cet ensemble de lingerie n&#039;est pas seulement une question d&#039;attrait, c&#039;est une question de confiance. Le design s\u00e9duisant se r\u00e9v\u00e8le subtilement, cr\u00e9ant un air de myst\u00e8re et de sophistication qui rend cette pi\u00e8ce captivante.<\/li>\n\n\n\n<li>Attache arri\u00e8re ajustable : L&#039;attache arri\u00e8re ajustable n&#039;est pas seulement un \u00e9l\u00e9ment de design, c&#039;est une caract\u00e9ristique qui garantit un confort et un ajustement parfait. La flexibilit\u00e9 qu&#039;il offre vous assure un look fantastique et vous vous sentez \u00e0 l&#039;aise et en s\u00e9curit\u00e9. Vous pouvez ajuster la cravate selon vos pr\u00e9f\u00e9rences, ce qui rend cet ensemble aussi confortable qu&#039;\u00e9l\u00e9gant.<\/li>\n\n\n\n<li>Id\u00e9al pour les occasions sp\u00e9ciales : avec ses magnifiques d\u00e9tails et son design \u00e9l\u00e9gant, cet ensemble bustier n&#039;est pas seulement un ajout suppl\u00e9mentaire \u00e0 votre collection de lingerie, c&#039;est une pi\u00e8ce \u00e9v\u00e9nementielle. La dentelle florale, les cha\u00eenes en strass et le design transparent rendent cet ensemble id\u00e9al pour les moments sp\u00e9ciaux o\u00f9 vous voulez \u00eatre \u00e0 votre meilleur.<\/li>\n\n\n\n<li>Mat\u00e9riaux de haute qualit\u00e9 : fabriqu\u00e9 avec les meilleurs mat\u00e9riaux, cet ensemble bustier a fi\u00e8re allure et se sent bien contre la peau. La qualit\u00e9 du tissu assure durabilit\u00e9 et long\u00e9vit\u00e9, faisant de cet endroit un ajout pr\u00e9cieux \u00e0 votre collection de lingerie.<\/li>\n<\/ol>\n\n\n\n<p>En conclusion, notre ensemble bustier sexy en dentelle florale avec cha\u00eenes en strass et cravate ajustable n&#039;est pas seulement un ensemble de lingerie, c&#039;est une expression de votre confiance, de votre allure et de votre style impeccable. Avec ses \u00e9l\u00e9ments de design uniques et ses mat\u00e9riaux de haute qualit\u00e9, c&#039;est la pi\u00e8ce parfaite pour rendre chaque journ\u00e9e sp\u00e9ciale.<\/p>\n\n\n\n<figure class=\"wp-block-table is-style-stripes\"><table class=\"has-fixed-layout\"><tbody><tr><td colspan=\"5\">Carte du site (CM)<\/td><\/tr><tr><td>Taille<\/td><td>Longueur<\/td><td>Buste sup\u00e9rieur<\/td><td>Bas du buste<\/td><td>Ligne de taille<\/td><\/tr><tr><td>S<\/td><td>40<\/td><td>66-88<\/td><td>64-96<\/td><td>64-96<\/td><\/tr><tr><td>M<\/td><td>41<\/td><td>70-92<\/td><td>68-100<\/td><td>68-100<\/td><\/tr><tr><td>L<\/td><td>42<\/td><td>74-96<\/td><td>72-104<\/td><td>72-104<\/td><\/tr><tr><td colspan=\"5\">Carte du site (POUCES)<\/td><\/tr><tr><td>Taille<\/td><td>Longueur<\/td><td>Buste sup\u00e9rieur<\/td><td>Bas du buste<\/td><td>Ligne de taille<\/td><\/tr><tr><td>S<\/td><td>15.75<\/td><td>25.98-34.65<\/td><td>25.20-37.80<\/td><td>25.20-37.80<\/td><\/tr><tr><td>M<\/td><td>16.14<\/td><td>27.56-36.22<\/td><td>26.77-39.37<\/td><td>26.77-39.37<\/td><\/tr><tr><td>L<\/td><td>16.54<\/td><td>29.13-37.80<\/td><td>28.35-40.94<\/td><td>28.35-40.94<\/td><\/tr><\/tbody><\/table><\/figure>","protected":false},"excerpt":{"rendered":"<p>D\u00e9couvrez la quintessence du luxe s\u00e9duisant avec notre ensemble bustier sexy en dentelle florale. Le design transparent et transparent de l&#039;ensemble, orn\u00e9 de deux cha\u00eenes en strass et d&#039;une attache arri\u00e8re flexible, vous assure un look aussi fabuleux que vous vous sentez.<\/p>","protected":false},"featured_media":43067,"template":"","meta":[],"product_brand":[],"product_cat":[387,389,367],"product_tag":[448,516,973,446,880,864,865,504],"class_list":{"0":"post-43060","1":"product","2":"type-product","3":"status-publish","4":"has-post-thumbnail","6":"product_cat-wholesale-bustier-bra-set","7":"product_cat-wholesale-lace-bustier","8":"product_cat-sexy-lingerie","9":"product_tag-wholesale-elegant-sexy-lingerie","10":"product_tag-lace-lingerie","11":"product_tag-oem","12":"product_tag-wholesale-sexy-see-through-lingerie","13":"product_tag-sexy-2-piece-lingerie","14":"product_tag-sexy-petite-lingerie","15":"product_tag-sexy-skimpy-lingerie","16":"product_tag-ultra-sexy","17":"pa_color-black","18":"pa_size-wholesale-large-size-women-sexy-lingerie","19":"pa_size-wholesale-medium-size-women-sexy-lingerie","20":"pa_size-wholesale-small-size-sexy-lingerie","22":"first","23":"outofstock","24":"taxable","25":"shipping-taxable","26":"purchasable","27":"product-type-variable"},"tiered_pricing_type":"fixed","tiered_pricing_fixed_rules":[],"tiered_pricing_product_settings":{"layout":"default","base_unit_name":{"singular":null,"plural":null},"default_variation":null},"tiered_pricing_minimum_quantity":null,"tiered_pricing_roles_data":{"default_wholesaler":{"product_id":43060,"role":"default_wholesaler","pricing_type":"flat","regular_price":null,"sale_price":null,"discount":null,"discount_type":"sale_price","tiered_pricing_type":"fixed","percentage_rules":[],"fixed_rules":{"2":"9.99","30":"8.49","500":"7.49"},"minimum":null},"dropshippinger":{"product_id":43060,"role":"dropshippinger","pricing_type":"flat","regular_price":null,"sale_price":null,"discount":null,"discount_type":"sale_price","tiered_pricing_type":"fixed","percentage_rules":[],"fixed_rules":{"1":"11.89","5":"9.99","30":"7.49"},"minimum":null}},"tiered_pricing_percentage_rules":[],"tiered_pricing_maximum_quantity":null,"tiered_pricing_quantity_step":null,"_links":{"self":[{"href":"https:\/\/gretasexylingerie.com\/fr\/wp-json\/wp\/v2\/product\/43060","targetHints":{"allow":["GET"]}}],"collection":[{"href":"https:\/\/gretasexylingerie.com\/fr\/wp-json\/wp\/v2\/product"}],"about":[{"href":"https:\/\/gretasexylingerie.com\/fr\/wp-json\/wp\/v2\/types\/product"}],"wp:featuredmedia":[{"embeddable":true,"href":"https:\/\/gretasexylingerie.com\/fr\/wp-json\/wp\/v2\/media\/43067"}],"wp:attachment":[{"href":"https:\/\/gretasexylingerie.com\/fr\/wp-json\/wp\/v2\/media?parent=43060"}],"wp:term":[{"taxonomy":"product_brand","embeddable":true,"href":"https:\/\/gretasexylingerie.com\/fr\/wp-json\/wp\/v2\/product_brand?post=43060"},{"taxonomy":"product_cat","embeddable":true,"href":"https:\/\/gretasexylingerie.com\/fr\/wp-json\/wp\/v2\/product_cat?post=43060"},{"taxonomy":"product_tag","embeddable":true,"href":"https:\/\/gretasexylingerie.com\/fr\/wp-json\/wp\/v2\/product_tag?post=43060"}],"curies":[{"name":"wp","href":"https:\/\/api.w.org\/{rel}","templated":true}]}}