{"id":43021,"date":"2023-06-27T21:31:57","date_gmt":"2023-06-27T13:31:57","guid":{"rendered":"https:\/\/gretasexylingerie.com\/?post_type=product&#038;p=43021"},"modified":"2023-12-09T19:26:50","modified_gmt":"2023-12-09T11:26:50","slug":"ensemble-soutien-gorge-et-culotte-transparents-avec-ceinture-tissee-a-trois-epaisseurs","status":"publish","type":"product","link":"https:\/\/gretasexylingerie.com\/fr\/products\/see-through-bra-panty-set-with-triple-layered-woven-belt\/","title":{"rendered":"Ensemble soutien-gorge et culotte transparents en gros avec ceinture tiss\u00e9e \u00e0 trois couches"},"content":{"rendered":"<ol class=\"wp-block-list\">\n<li>Design audacieux : le tissu en maille \u00e9vid\u00e9 transparent audacieux apporte un \u00e9l\u00e9ment d&#039;intrigue et d&#039;audace \u00e0 votre collection de lingerie.<\/li>\n\n\n\n<li>Ceinture tiss\u00e9e unique : la ceinture, compos\u00e9e de trois couches de larges sangles de poche tiss\u00e9es, ajoute une touche distinctive \u00e0 cet ensemble magnifique.<\/li>\n\n\n\n<li>Anneau central en m\u00e9tal : le grand anneau en m\u00e9tal au centre de la ceinture ajoute une touche moderne au design g\u00e9n\u00e9ral, rehaussant l&#039;esth\u00e9tique audacieuse de l&#039;ensemble.<\/li>\n\n\n\n<li>Confort et style : fabriqu\u00e9 avec votre confort \u00e0 l&#039;esprit, cet ensemble ne compromet pas le style, vous assurant une sensation de confiance et de confort.<\/li>\n\n\n\n<li>Id\u00e9al pour toutes les occasions : cet ensemble est polyvalent et chic, parfait pour les occasions sp\u00e9ciales ou pour rehausser votre collection de lingerie de tous les jours.<\/li>\n<\/ol>\n\n\n\n<p>En conclusion, notre ensemble soutien-gorge et culotte transparents avec ceinture tiss\u00e9e \u00e0 trois couches et anneau central en m\u00e9tal \u00e9quilibre parfaitement design audacieux et confort. Ses \u00e9l\u00e9ments uniques lui permettent de se d\u00e9marquer dans n&#039;importe quelle collection de lingerie.<\/p>\n\n\n\n<figure class=\"wp-block-table is-style-stripes\"><table class=\"has-fixed-layout\"><tbody><tr><td colspan=\"5\">Carte du site (CM)<\/td><\/tr><tr><td>Taille<\/td><td>Longueur<\/td><td>Buste sup\u00e9rieur<\/td><td>Bas du buste<\/td><td>Ligne de taille<\/td><\/tr><tr><td>S<\/td><td>31<\/td><td>68-88<\/td><td>66-88<\/td><td>66-92<\/td><\/tr><tr><td>M<\/td><td>32<\/td><td>72-92<\/td><td>70-92<\/td><td>70-96<\/td><\/tr><tr><td>L<\/td><td>33<\/td><td>76-96<\/td><td>74-96<\/td><td>74-100<\/td><\/tr><tr><td colspan=\"5\">Carte du site (POUCES)<\/td><\/tr><tr><td>Taille<\/td><td>Longueur<\/td><td>Buste sup\u00e9rieur<\/td><td>Bas du buste<\/td><td>Ligne de taille<\/td><\/tr><tr><td>S<\/td><td>12.2<\/td><td>26.77-34.65<\/td><td>25.98-34.65<\/td><td>25.98-36.22<\/td><\/tr><tr><td>M<\/td><td>12.6<\/td><td>28.35-36.22<\/td><td>27.56-36.22<\/td><td>27.56-37.80<\/td><\/tr><tr><td>L<\/td><td>12.99<\/td><td>29.92-37.80<\/td><td>29.13-37.80<\/td><td>29.13-39.37<\/td><\/tr><\/tbody><\/table><\/figure>","protected":false},"excerpt":{"rendered":"<p>Adoptez l&#039;audace et la beaut\u00e9 avec notre ensemble soutien-gorge et culotte transparents. Dot\u00e9 d&#039;un tissu en maille ajour\u00e9 et d&#039;une ceinture tiss\u00e9e unique \u00e0 trois couches avec un anneau central en m\u00e9tal, cet ensemble est une d\u00e9claration d&#039;\u00e9l\u00e9gance audacieuse.<\/p>\n<p>https:\/\/youtu.be\/zAh9j_P9vgg<\/p>","protected":false},"featured_media":43037,"template":"","meta":[],"product_brand":[],"product_cat":[368,367,375],"product_tag":[507,861,518,973,446,447],"class_list":{"0":"post-43021","1":"product","2":"type-product","3":"status-publish","4":"has-post-thumbnail","6":"product_cat-bra-panty-set","7":"product_cat-sexy-lingerie","8":"product_cat-whoelsale-sheer-bra-and-panty-sets","9":"product_tag-three-pcs-set","10":"product_tag-brunette-lingerie","11":"product_tag-mesh-lingerie","12":"product_tag-oem","13":"product_tag-wholesale-sexy-see-through-lingerie","14":"product_tag-wholesale-strappy-sexy-lingerie","15":"pa_color-black","16":"pa_size-wholesale-large-size-women-sexy-lingerie","17":"pa_size-wholesale-medium-size-women-sexy-lingerie","18":"pa_size-wholesale-small-size-sexy-lingerie","20":"first","21":"outofstock","22":"taxable","23":"shipping-taxable","24":"purchasable","25":"product-type-variable"},"tiered_pricing_type":"fixed","tiered_pricing_fixed_rules":[],"tiered_pricing_product_settings":{"layout":"default","base_unit_name":{"singular":null,"plural":null},"default_variation":{}},"tiered_pricing_minimum_quantity":null,"tiered_pricing_roles_data":{"default_wholesaler":{"product_id":43021,"role":"default_wholesaler","pricing_type":"flat","regular_price":null,"sale_price":null,"discount":null,"discount_type":"sale_price","tiered_pricing_type":"fixed","percentage_rules":[],"fixed_rules":{"2":"9.39","30":"8.09","500":"7.09"},"minimum":null},"dropshippinger":{"product_id":43021,"role":"dropshippinger","pricing_type":"flat","regular_price":null,"sale_price":null,"discount":null,"discount_type":"sale_price","tiered_pricing_type":"fixed","percentage_rules":[],"fixed_rules":{"1":"11.29","5":"9.39","30":"8.09"},"minimum":null}},"tiered_pricing_percentage_rules":[],"tiered_pricing_maximum_quantity":null,"tiered_pricing_quantity_step":null,"_links":{"self":[{"href":"https:\/\/gretasexylingerie.com\/fr\/wp-json\/wp\/v2\/product\/43021","targetHints":{"allow":["GET"]}}],"collection":[{"href":"https:\/\/gretasexylingerie.com\/fr\/wp-json\/wp\/v2\/product"}],"about":[{"href":"https:\/\/gretasexylingerie.com\/fr\/wp-json\/wp\/v2\/types\/product"}],"wp:featuredmedia":[{"embeddable":true,"href":"https:\/\/gretasexylingerie.com\/fr\/wp-json\/wp\/v2\/media\/43037"}],"wp:attachment":[{"href":"https:\/\/gretasexylingerie.com\/fr\/wp-json\/wp\/v2\/media?parent=43021"}],"wp:term":[{"taxonomy":"product_brand","embeddable":true,"href":"https:\/\/gretasexylingerie.com\/fr\/wp-json\/wp\/v2\/product_brand?post=43021"},{"taxonomy":"product_cat","embeddable":true,"href":"https:\/\/gretasexylingerie.com\/fr\/wp-json\/wp\/v2\/product_cat?post=43021"},{"taxonomy":"product_tag","embeddable":true,"href":"https:\/\/gretasexylingerie.com\/fr\/wp-json\/wp\/v2\/product_tag?post=43021"}],"curies":[{"name":"wp","href":"https:\/\/api.w.org\/{rel}","templated":true}]}}