{"id":42991,"date":"2023-06-27T21:06:27","date_gmt":"2023-06-27T13:06:27","guid":{"rendered":"https:\/\/gretasexylingerie.com\/?post_type=product&#038;p=42991"},"modified":"2024-04-04T13:57:25","modified_gmt":"2024-04-04T05:57:25","slug":"ensemble-soutien-gorge-dos-nu-brode-avec-boucle-en-forme-de-coeur-en-diamant","status":"publish","type":"product","link":"https:\/\/gretasexylingerie.com\/fr\/products\/embroidered-halterneck-bra-set-with-diamond-heart-buckle\/","title":{"rendered":"Ensemble de soutien-gorge dos nu brod\u00e9 avec boucle en forme de c\u0153ur en diamant"},"content":{"rendered":"<ol class=\"wp-block-list\">\n<li>Superbe broderie : la belle broderie ajoute une touche de charme f\u00e9minin, faisant de cet ensemble de soutien-gorge une pi\u00e8ce remarquable.<\/li>\n\n\n\n<li>Style dos nu : le design dos nu assure un ajustement parfait tout en ajoutant un \u00e9l\u00e9ment d&#039;\u00e9l\u00e9gance classique \u00e0 l&#039;ensemble.<\/li>\n\n\n\n<li>Boucle en forme de c\u0153ur en diamant \u00e9blouissant : la boucle en forme de c\u0153ur en diamant ajoute un \u00e9clat de glamour, vous assurant une sensation de luxe.<\/li>\n\n\n\n<li>Design de d\u00e9coupe s\u00e9duisant : le design de d\u00e9coupe s\u00e9duisant ajoute un \u00e9l\u00e9ment de surprise et de drame \u00e0 ce superbe ensemble.<\/li>\n\n\n\n<li>Parfait pour cr\u00e9er des moments m\u00e9morables : avec ses caract\u00e9ristiques accrocheuses et son design sophistiqu\u00e9, cet ensemble de soutien-gorge est id\u00e9al pour les occasions sp\u00e9ciales.<\/li>\n<\/ol>\n\n\n\n<p>En conclusion, notre ensemble de soutien-gorge dos nu brod\u00e9 avec boucle en forme de c\u0153ur en diamant et design d\u00e9coup\u00e9 combine parfaitement allure, confort et style chic. C&#039;est un incontournable de toute collection de lingerie.<\/p>\n\n\n\n<figure class=\"wp-block-table is-style-stripes\"><table class=\"has-fixed-layout\"><tbody><tr><td colspan=\"5\">Carte du site (CM)<\/td><\/tr><tr><td>Taille<\/td><td>Longueur<\/td><td>Buste sup\u00e9rieur<\/td><td>Bas du buste<\/td><td>Ligne de taille<\/td><\/tr><tr><td>S<\/td><td>20<\/td><td>68-88<\/td><td>66-88<\/td><td>66-92<\/td><\/tr><tr><td>M<\/td><td>21<\/td><td>72-92<\/td><td>70-92<\/td><td>70-96<\/td><\/tr><tr><td>L<\/td><td>22<\/td><td>76-96<\/td><td>74-96<\/td><td>74-100<\/td><\/tr><tr><td colspan=\"5\">Carte du site (POUCES)<\/td><\/tr><tr><td>Taille<\/td><td>Longueur<\/td><td>Buste sup\u00e9rieur<\/td><td>Bas du buste<\/td><td>Ligne de taille<\/td><\/tr><tr><td>S<\/td><td>7.87<\/td><td>26.77-34.65<\/td><td>25.98-34.65<\/td><td>25.98-36.22<\/td><\/tr><tr><td>M<\/td><td>8.27<\/td><td>28.35-36.22<\/td><td>27.56-36.22<\/td><td>27.56-37.80<\/td><\/tr><tr><td>L<\/td><td>8.66<\/td><td>29.92-37.80<\/td><td>29.13-37.80<\/td><td>29.13-39.37<\/td><\/tr><\/tbody><\/table><\/figure>","protected":false},"excerpt":{"rendered":"<p>Entrez dans un monde de style chic avec notre ensemble de soutien-gorge dos nu brod\u00e9. Orn\u00e9 d&#039;une boucle en forme de c\u0153ur en diamant et d&#039;un design d\u00e9coup\u00e9 captivant, cet ensemble est un m\u00e9lange id\u00e9al d&#039;allure et de sophistication.<\/p>","protected":false},"featured_media":43009,"template":"","meta":[],"product_brand":[],"product_cat":[368,367,375],"product_tag":[507,452,528,524,453,864],"class_list":{"0":"post-42991","1":"product","2":"type-product","3":"status-publish","4":"has-post-thumbnail","6":"product_cat-bra-panty-set","7":"product_cat-sexy-lingerie","8":"product_cat-whoelsale-sheer-bra-and-panty-sets","9":"product_tag-three-pcs-set","10":"product_tag-wholesale-boudoir-lingerie","11":"product_tag-halter-lingerie","12":"product_tag-metal-lingerie","13":"product_tag-wholesale-sexy-naughty-lingerie","14":"product_tag-sexy-petite-lingerie","15":"pa_color-black","16":"pa_color-pink-women-sexy-lingerie","17":"pa_color-red-women-sexy-lingerie","18":"pa_size-wholesale-large-size-women-sexy-lingerie","19":"pa_size-wholesale-medium-size-women-sexy-lingerie","20":"pa_size-wholesale-small-size-sexy-lingerie","22":"first","23":"instock","24":"taxable","25":"shipping-taxable","26":"purchasable","27":"product-type-variable"},"tiered_pricing_type":"fixed","tiered_pricing_fixed_rules":[],"tiered_pricing_product_settings":{"layout":"table","base_unit_name":{"singular":null,"plural":null},"default_variation":null},"tiered_pricing_minimum_quantity":null,"tiered_pricing_roles_data":{"default_wholesaler":{"product_id":42991,"role":"default_wholesaler","pricing_type":"flat","regular_price":null,"sale_price":null,"discount":null,"discount_type":"sale_price","tiered_pricing_type":"fixed","percentage_rules":[],"fixed_rules":{"2":"12.29","30":"10.49","500":"9.19"},"minimum":null},"dropshippinger":{"product_id":42991,"role":"dropshippinger","pricing_type":"flat","regular_price":null,"sale_price":null,"discount":null,"discount_type":"sale_price","tiered_pricing_type":"fixed","percentage_rules":[],"fixed_rules":{"1":"14.69","5":"12.29","30":"10.49"},"minimum":null}},"tiered_pricing_percentage_rules":[],"tiered_pricing_maximum_quantity":null,"tiered_pricing_quantity_step":null,"_links":{"self":[{"href":"https:\/\/gretasexylingerie.com\/fr\/wp-json\/wp\/v2\/product\/42991","targetHints":{"allow":["GET"]}}],"collection":[{"href":"https:\/\/gretasexylingerie.com\/fr\/wp-json\/wp\/v2\/product"}],"about":[{"href":"https:\/\/gretasexylingerie.com\/fr\/wp-json\/wp\/v2\/types\/product"}],"wp:featuredmedia":[{"embeddable":true,"href":"https:\/\/gretasexylingerie.com\/fr\/wp-json\/wp\/v2\/media\/43009"}],"wp:attachment":[{"href":"https:\/\/gretasexylingerie.com\/fr\/wp-json\/wp\/v2\/media?parent=42991"}],"wp:term":[{"taxonomy":"product_brand","embeddable":true,"href":"https:\/\/gretasexylingerie.com\/fr\/wp-json\/wp\/v2\/product_brand?post=42991"},{"taxonomy":"product_cat","embeddable":true,"href":"https:\/\/gretasexylingerie.com\/fr\/wp-json\/wp\/v2\/product_cat?post=42991"},{"taxonomy":"product_tag","embeddable":true,"href":"https:\/\/gretasexylingerie.com\/fr\/wp-json\/wp\/v2\/product_tag?post=42991"}],"curies":[{"name":"wp","href":"https:\/\/api.w.org\/{rel}","templated":true}]}}