{"id":42975,"date":"2023-06-26T23:08:22","date_gmt":"2023-06-26T15:08:22","guid":{"rendered":"https:\/\/gretasexylingerie.com\/?post_type=product&#038;p=42975"},"modified":"2023-12-09T19:25:13","modified_gmt":"2023-12-09T11:25:13","slug":"ensemble-soutien-gorge-en-dentelle-bleue-transparente-avec-bretelles-tressees-dorees","status":"publish","type":"product","link":"https:\/\/gretasexylingerie.com\/fr\/products\/sheer-blue-lace-bra-set-with-gold-braided-straps\/","title":{"rendered":"Ensemble de soutien-gorge en dentelle bleue transparente avec bretelles tress\u00e9es dor\u00e9es, vente en gros"},"content":{"rendered":"<ol class=\"wp-block-list\">\n<li>Design luxueux : la dentelle transparente, combin\u00e9e aux bretelles dor\u00e9es tress\u00e9es, d\u00e9gage une sensation de luxe, faisant de cet ensemble un ajout d\u00e9licieux \u00e0 votre collection de lingerie.<\/li>\n\n\n\n<li>Couleur captivante : la teinte bleue s\u00e9duisante de cet ensemble ajoute une couche suppl\u00e9mentaire de sophistication et de charme \u00e0 la conception globale.<\/li>\n\n\n\n<li>Bandes \u00e0 trois niveaux uniques : la conception innovante de la ceinture \u00e0 trois niveaux est non seulement \u00e9l\u00e9gante, mais assure \u00e9galement un ajustement confortable et confortable.<\/li>\n\n\n\n<li>Anneau de jambe sexy : L&#039;anneau de jambe inclus \u00e9l\u00e8ve la sensualit\u00e9 de l&#039;ensemble, promettant une exp\u00e9rience de lingerie unique et audacieuse.<\/li>\n\n\n\n<li>Parfait pour les occasions sp\u00e9ciales : avec ses caract\u00e9ristiques haut de gamme et son souci du d\u00e9tail, cet ensemble est un choix id\u00e9al pour cr\u00e9er des moments m\u00e9morables. Id\u00e9al<\/li>\n<\/ol>\n\n\n\n<p>En conclusion, notre ensemble de soutien-gorge en dentelle bleue transparente avec bretelles tress\u00e9es dor\u00e9es et bandes \u00e0 trois niveaux est une fusion parfaite d&#039;\u00e9l\u00e9gance, de confort et de style. Ses \u00e9l\u00e9ments distinctifs et son design luxueux en font un choix id\u00e9al pour ceux qui cherchent \u00e0 \u00e9lever leur jeu de lingerie.<\/p>\n\n\n\n<figure class=\"wp-block-table is-style-stripes\"><table class=\"has-fixed-layout\"><tbody><tr><td colspan=\"5\">Carte du site (CM)<\/td><\/tr><tr><td>Taille<\/td><td>Longueur<\/td><td>Buste sup\u00e9rieur<\/td><td>Bas du buste<\/td><td>Ligne de taille<\/td><\/tr><tr><td>S<\/td><td>21<\/td><td>68-88<\/td><td>67-88<\/td><td>68-96<\/td><\/tr><tr><td>M<\/td><td>22<\/td><td>72-92<\/td><td>71-92<\/td><td>72-100<\/td><\/tr><tr><td>L<\/td><td>23<\/td><td>76-96<\/td><td>75-96<\/td><td>76-104<\/td><\/tr><tr><td colspan=\"5\">Carte du site (POUCES)<\/td><\/tr><tr><td>Taille<\/td><td>Longueur<\/td><td>Buste sup\u00e9rieur<\/td><td>Bas du buste<\/td><td>Ligne de taille<\/td><\/tr><tr><td>S<\/td><td>8.27<\/td><td>26.77-34.65<\/td><td>26.38-34.65<\/td><td>26.77-37.80<\/td><\/tr><tr><td>M<\/td><td>8.66<\/td><td>28.35-36.22<\/td><td>27.95-36.22<\/td><td>28.35-39.37<\/td><\/tr><tr><td>L<\/td><td>9.06<\/td><td>29.92-37.80<\/td><td>29.53-37.80<\/td><td>29.92-40.94<\/td><\/tr><\/tbody><\/table><\/figure>","protected":false},"excerpt":{"rendered":"<p>D\u00e9couvrez un m\u00e9lange parfait d&#039;\u00e9l\u00e9gance et de style avec notre ensemble de soutien-gorge en dentelle bleue transparente. D\u00e9taill\u00e9 avec des bretelles tress\u00e9es dor\u00e9es, une ceinture \u00e0 trois niveaux et un anneau de jambe, cet ensemble red\u00e9finit le luxe en lingerie.<\/p>","protected":false},"featured_media":42985,"template":"","meta":[],"product_brand":[],"product_cat":[368,369,367],"product_tag":[507,516,973,446,453,864,865],"class_list":{"0":"post-42975","1":"product","2":"type-product","3":"status-publish","4":"has-post-thumbnail","6":"product_cat-bra-panty-set","7":"product_cat-wholesale-lace-bra-and-panty-sets","8":"product_cat-sexy-lingerie","9":"product_tag-three-pcs-set","10":"product_tag-lace-lingerie","11":"product_tag-oem","12":"product_tag-wholesale-sexy-see-through-lingerie","13":"product_tag-wholesale-sexy-naughty-lingerie","14":"product_tag-sexy-petite-lingerie","15":"product_tag-sexy-skimpy-lingerie","16":"pa_color-light-blue-women-sexy-lingerie","17":"pa_size-wholesale-large-size-women-sexy-lingerie","18":"pa_size-wholesale-medium-size-women-sexy-lingerie","19":"pa_size-wholesale-small-size-sexy-lingerie","21":"first","22":"outofstock","23":"taxable","24":"shipping-taxable","25":"purchasable","26":"product-type-variable"},"tiered_pricing_type":"fixed","tiered_pricing_fixed_rules":[],"tiered_pricing_product_settings":{"layout":"default","base_unit_name":{"singular":null,"plural":null},"default_variation":null},"tiered_pricing_minimum_quantity":null,"tiered_pricing_roles_data":{"default_wholesaler":{"product_id":42975,"role":"default_wholesaler","pricing_type":"flat","regular_price":null,"sale_price":null,"discount":null,"discount_type":"sale_price","tiered_pricing_type":"fixed","percentage_rules":[],"fixed_rules":{"2":"9.99","30":"8.49","500":"7.49"},"minimum":null},"dropshippinger":{"product_id":42975,"role":"dropshippinger","pricing_type":"flat","regular_price":null,"sale_price":null,"discount":null,"discount_type":"sale_price","tiered_pricing_type":"fixed","percentage_rules":[],"fixed_rules":{"1":"11.89","5":"9.99","30":"8.49"},"minimum":null}},"tiered_pricing_percentage_rules":[],"tiered_pricing_maximum_quantity":null,"tiered_pricing_quantity_step":null,"_links":{"self":[{"href":"https:\/\/gretasexylingerie.com\/fr\/wp-json\/wp\/v2\/product\/42975","targetHints":{"allow":["GET"]}}],"collection":[{"href":"https:\/\/gretasexylingerie.com\/fr\/wp-json\/wp\/v2\/product"}],"about":[{"href":"https:\/\/gretasexylingerie.com\/fr\/wp-json\/wp\/v2\/types\/product"}],"wp:featuredmedia":[{"embeddable":true,"href":"https:\/\/gretasexylingerie.com\/fr\/wp-json\/wp\/v2\/media\/42985"}],"wp:attachment":[{"href":"https:\/\/gretasexylingerie.com\/fr\/wp-json\/wp\/v2\/media?parent=42975"}],"wp:term":[{"taxonomy":"product_brand","embeddable":true,"href":"https:\/\/gretasexylingerie.com\/fr\/wp-json\/wp\/v2\/product_brand?post=42975"},{"taxonomy":"product_cat","embeddable":true,"href":"https:\/\/gretasexylingerie.com\/fr\/wp-json\/wp\/v2\/product_cat?post=42975"},{"taxonomy":"product_tag","embeddable":true,"href":"https:\/\/gretasexylingerie.com\/fr\/wp-json\/wp\/v2\/product_tag?post=42975"}],"curies":[{"name":"wp","href":"https:\/\/api.w.org\/{rel}","templated":true}]}}