{"id":42940,"date":"2023-06-26T21:55:33","date_gmt":"2023-06-26T13:55:33","guid":{"rendered":"https:\/\/gretasexylingerie.com\/?post_type=product&#038;p=42940"},"modified":"2023-09-05T20:56:27","modified_gmt":"2023-09-05T12:56:27","slug":"body-en-maille-a-une-epaule-et-manches-longues","status":"publish","type":"product","link":"https:\/\/gretasexylingerie.com\/fr\/products\/one-shoulder-mesh-bodysuit-with-long-sleeve\/","title":{"rendered":"Body en maille \u00e0 une \u00e9paule et manches longues"},"content":{"rendered":"<ol class=\"wp-block-list\">\n<li>Style contemporain : le design \u00e0 une \u00e9paule donne une touche moderne au body traditionnel, offrant un attrait esth\u00e9tique unique.<\/li>\n\n\n\n<li>Transparence s\u00e9duisante : le mat\u00e9riau en maille transparente donne un c\u00f4t\u00e9 s\u00e9duisant, offrant la bonne allumette.<\/li>\n\n\n\n<li>Manches longues simples : la manche longue simple ajoute une touche d&#039;\u00e9l\u00e9gance et rend ce body polyvalent pour l&#039;int\u00e9rieur et l&#039;ext\u00e9rieur.<\/li>\n\n\n\n<li>Conception de string sexy: La conception de l&#039;entrejambe du string ajoute un \u00e9l\u00e9ment gr\u00e9sillant au body, vous assurant un look et une sensation irr\u00e9sistibles.<\/li>\n\n\n\n<li>Parfait pour diverses occasions : qu&#039;il s&#039;agisse d&#039;une affaire priv\u00e9e ou d&#039;une soir\u00e9e, ce body sexy vous couvre.<\/li>\n<\/ol>\n\n\n\n<p>En conclusion, notre body en maille \u00e0 une \u00e9paule avec manches longues et design string est le m\u00e9lange parfait de style contemporain et de s\u00e9duction classique. Ses caract\u00e9ristiques uniques et sa polyvalence en font un choix irr\u00e9sistible pour diverses occasions.<\/p>\n\n\n\n<figure class=\"wp-block-table is-style-stripes\"><table class=\"has-fixed-layout\"><tbody><tr><td colspan=\"5\">Carte du site (CM)<\/td><\/tr><tr><td>Taille<\/td><td>Longueur<\/td><td>Buste sup\u00e9rieur<\/td><td>Bas du buste<\/td><td>Ligne de taille<\/td><\/tr><tr><td>S<\/td><td>65<\/td><td>62-88<\/td><td>60-88<\/td><td>60-96<\/td><\/tr><tr><td>M<\/td><td>66<\/td><td>66-92<\/td><td>64-92<\/td><td>64-100<\/td><\/tr><tr><td>L<\/td><td>67<\/td><td>70-96<\/td><td>68-96<\/td><td>68-104<\/td><\/tr><tr><td colspan=\"5\">Carte du site (POUCES)<\/td><\/tr><tr><td>Taille<\/td><td>Longueur<\/td><td>Buste sup\u00e9rieur<\/td><td>Bas du buste<\/td><td>Ligne de taille<\/td><\/tr><tr><td>S<\/td><td>25.59<\/td><td>24.41-34.65<\/td><td>23.62-34.65<\/td><td>23.62-37.80<\/td><\/tr><tr><td>M<\/td><td>25.98<\/td><td>25.98-36.22<\/td><td>25.20-36.22<\/td><td>25.20-39.37<\/td><\/tr><tr><td>L<\/td><td>26.38<\/td><td>27.56-37.80<\/td><td>26.77-37.80<\/td><td>26.77-40.94<\/td><\/tr><\/tbody><\/table><\/figure>","protected":false},"excerpt":{"rendered":"<p>Notre body en maille \u00e0 une \u00e9paule apporte une touche moderne \u00e0 la lingerie classique. Cette pi\u00e8ce transparente, dot\u00e9e d&#039;une manche longue sur un c\u00f4t\u00e9 et d&#039;une coupe string sexy, offre un m\u00e9lange unique de s\u00e9duction et de sophistication.<\/p>","protected":false},"featured_media":42949,"template":"","meta":[],"product_brand":[],"product_cat":[370,367,372,373],"product_tag":[452,518,446,864,863],"class_list":{"0":"post-42940","1":"product","2":"type-product","3":"status-publish","4":"has-post-thumbnail","6":"product_cat-bodysuit","7":"product_cat-sexy-lingerie","8":"product_cat-wholesale-sexy-long-sleeve-bodysuit","9":"product_cat-wholesale-sexy-mesh-bodysuit","10":"product_tag-wholesale-boudoir-lingerie","11":"product_tag-mesh-lingerie","12":"product_tag-wholesale-sexy-see-through-lingerie","13":"product_tag-sexy-petite-lingerie","14":"product_tag-sexy-thong-lingerie","15":"pa_color-black","16":"pa_size-wholesale-large-size-women-sexy-lingerie","17":"pa_size-wholesale-medium-size-women-sexy-lingerie","18":"pa_size-wholesale-small-size-sexy-lingerie","20":"first","21":"instock","22":"taxable","23":"shipping-taxable","24":"purchasable","25":"product-type-variable"},"tiered_pricing_type":"fixed","tiered_pricing_fixed_rules":[],"tiered_pricing_product_settings":{"layout":"default","base_unit_name":{"singular":null,"plural":null},"default_variation":null},"tiered_pricing_minimum_quantity":null,"tiered_pricing_roles_data":{"default_wholesaler":{"product_id":42940,"role":"default_wholesaler","pricing_type":"flat","regular_price":null,"sale_price":null,"discount":null,"discount_type":"sale_price","tiered_pricing_type":"fixed","percentage_rules":[],"fixed_rules":{"2":"8.39","30":"7.19","500":"6.29"},"minimum":null},"dropshippinger":{"product_id":42940,"role":"dropshippinger","pricing_type":"flat","regular_price":null,"sale_price":null,"discount":null,"discount_type":"sale_price","tiered_pricing_type":"fixed","percentage_rules":[],"fixed_rules":{"1":"9.99","5":"8.35","30":"7.19"},"minimum":null}},"tiered_pricing_percentage_rules":[],"tiered_pricing_maximum_quantity":null,"tiered_pricing_quantity_step":null,"_links":{"self":[{"href":"https:\/\/gretasexylingerie.com\/fr\/wp-json\/wp\/v2\/product\/42940","targetHints":{"allow":["GET"]}}],"collection":[{"href":"https:\/\/gretasexylingerie.com\/fr\/wp-json\/wp\/v2\/product"}],"about":[{"href":"https:\/\/gretasexylingerie.com\/fr\/wp-json\/wp\/v2\/types\/product"}],"wp:featuredmedia":[{"embeddable":true,"href":"https:\/\/gretasexylingerie.com\/fr\/wp-json\/wp\/v2\/media\/42949"}],"wp:attachment":[{"href":"https:\/\/gretasexylingerie.com\/fr\/wp-json\/wp\/v2\/media?parent=42940"}],"wp:term":[{"taxonomy":"product_brand","embeddable":true,"href":"https:\/\/gretasexylingerie.com\/fr\/wp-json\/wp\/v2\/product_brand?post=42940"},{"taxonomy":"product_cat","embeddable":true,"href":"https:\/\/gretasexylingerie.com\/fr\/wp-json\/wp\/v2\/product_cat?post=42940"},{"taxonomy":"product_tag","embeddable":true,"href":"https:\/\/gretasexylingerie.com\/fr\/wp-json\/wp\/v2\/product_tag?post=42940"}],"curies":[{"name":"wp","href":"https:\/\/api.w.org\/{rel}","templated":true}]}}