{"id":42873,"date":"2023-06-25T22:47:54","date_gmt":"2023-06-25T14:47:54","guid":{"rendered":"https:\/\/gretasexylingerie.com\/?post_type=product&#038;p=42873"},"modified":"2023-09-05T20:56:05","modified_gmt":"2023-09-05T12:56:05","slug":"trio-de-dentelle-transparente-contrastante-avec-jarretelles-a-volants","status":"publish","type":"product","link":"https:\/\/gretasexylingerie.com\/fr\/products\/contrasting-sheer-lace-trio-with-ruffled-garters\/","title":{"rendered":"Trio de dentelle transparente contrastante avec jarretelles \u00e0 volants"},"content":{"rendered":"<ol class=\"wp-block-list\">\n<li>Ludique et audacieux\u00a0: avec son buste d\u00e9coup\u00e9 et sa palette de couleurs contrast\u00e9es, cet ensemble n&#039;est pas pour les timides. C&#039;est pour les audacieux, les audacieux, ceux qui poss\u00e8dent leur style.<\/li>\n\n\n\n<li>L&#039;art dans les d\u00e9tails\u00a0: rappelez-vous les motifs brod\u00e9s transparents - un t\u00e9moignage du savoir-faire qui entre dans la cr\u00e9ation de ce magnifique ensemble.<\/li>\n\n\n\n<li>Style et confort : Audacieux ne signifie pas inconfortable. Nos jarreti\u00e8res \u00e0 volants ne sont pas seulement une question de style ; ils assurent \u00e9galement un ajustement confortable.<\/li>\n\n\n\n<li>D\u00e9finissez la tendance\u00a0: cet ensemble de soutien-gorge ne se contente pas de suivre les tendances, il les d\u00e9finit. La combinaison unique de designs s&#039;aligne parfaitement avec les tendances actuelles de la lingerie.<\/li>\n\n\n\n<li>Votre ensemble de pr\u00e9dilection : que ce soit pour une occasion sp\u00e9ciale ou simplement parce que cet ensemble de soutien-gorge est votre accessoire id\u00e9al lorsque vous voulez vous sentir enjou\u00e9 et dragueur.<\/li>\n<\/ol>\n\n\n\n<p>En conclusion, notre ensemble &quot;Flirty Trio&quot; consiste \u00e0 faire des choix audacieux, \u00e0 adopter votre style unique et \u00e0 vous amuser. Non seulement c&#039;est un ajout \u00e0 la mode \u00e0 toute collection de lingerie, mais il promet \u00e9galement un confort imbattable pour que vous puissiez vous sentir fabuleuse toute la journ\u00e9e.<\/p>\n\n\n\n<figure class=\"wp-block-table is-style-stripes\"><table class=\"has-fixed-layout\"><tbody><tr><td colspan=\"5\">Carte du site (CM)<\/td><\/tr><tr><td>Taille<\/td><td>Longueur<\/td><td>Buste sup\u00e9rieur<\/td><td>Bas du buste<\/td><td>Ligne de taille<\/td><\/tr><tr><td>S<\/td><td>21<\/td><td>68-88<\/td><td>64-88<\/td><td>64-96<\/td><\/tr><tr><td>M<\/td><td>22<\/td><td>72-92<\/td><td>68-92<\/td><td>68-100<\/td><\/tr><tr><td>L<\/td><td>23<\/td><td>76-96<\/td><td>72-96<\/td><td>72-104<\/td><\/tr><tr><td colspan=\"5\">Carte du site (POUCES)<\/td><\/tr><tr><td>Taille<\/td><td>Longueur<\/td><td>Buste sup\u00e9rieur<\/td><td>Bas du buste<\/td><td>Ligne de taille<\/td><\/tr><tr><td>S<\/td><td>9.45<\/td><td>29.13-34.65<\/td><td>26.77-34.65<\/td><td>25.59-36.22<\/td><\/tr><tr><td>M<\/td><td>9.84<\/td><td>30.71-36.22<\/td><td>28.35-36.22<\/td><td>27.17-37.80<\/td><\/tr><tr><td>L<\/td><td>10.24<\/td><td>32.28-37.80<\/td><td>29.92-37.80<\/td><td>28.74-39.37<\/td><\/tr><\/tbody><\/table><\/figure>","protected":false},"excerpt":{"rendered":"<p>Pr\u00e9parez-vous \u00e0 voler la vedette avec notre set &quot;Flirty Trio&quot;\u00a0! Cet ensemble de trois soutiens-gorge offre un m\u00e9lange ludique de dentelle transparente, un buste d\u00e9coup\u00e9 taquin et des jarreti\u00e8res \u00e0 volants. Le contraste saisissant entre les motifs noir et orange crie au drame et au plaisir.<\/p>","protected":false},"featured_media":42883,"template":"","meta":[],"product_brand":[],"product_cat":[368,367,376],"product_tag":[507,448,516,518,453,864,504],"class_list":{"0":"post-42873","1":"product","2":"type-product","3":"status-publish","4":"has-post-thumbnail","6":"product_cat-bra-panty-set","7":"product_cat-sexy-lingerie","8":"product_cat-wholesale-ultra-sexy-bra-panty-set","9":"product_tag-three-pcs-set","10":"product_tag-wholesale-elegant-sexy-lingerie","11":"product_tag-lace-lingerie","12":"product_tag-mesh-lingerie","13":"product_tag-wholesale-sexy-naughty-lingerie","14":"product_tag-sexy-petite-lingerie","15":"product_tag-ultra-sexy","16":"pa_color-orange","17":"pa_size-wholesale-large-size-women-sexy-lingerie","18":"pa_size-wholesale-medium-size-women-sexy-lingerie","19":"pa_size-wholesale-small-size-sexy-lingerie","21":"first","22":"instock","23":"taxable","24":"shipping-taxable","25":"purchasable","26":"product-type-variable"},"tiered_pricing_type":"fixed","tiered_pricing_fixed_rules":[],"tiered_pricing_product_settings":{"layout":"default","base_unit_name":{"singular":null,"plural":null},"default_variation":null},"tiered_pricing_minimum_quantity":null,"tiered_pricing_roles_data":{"default_wholesaler":{"product_id":42873,"role":"default_wholesaler","pricing_type":"flat","regular_price":null,"sale_price":null,"discount":null,"discount_type":"sale_price","tiered_pricing_type":"fixed","percentage_rules":[],"fixed_rules":{"2":"11.79","30":"10.09","500":"8.79"},"minimum":null},"dropshippinger":{"product_id":42873,"role":"dropshippinger","pricing_type":"flat","regular_price":null,"sale_price":null,"discount":null,"discount_type":"sale_price","tiered_pricing_type":"fixed","percentage_rules":[],"fixed_rules":{"1":"14.09","5":"11.79","30":"10.09"},"minimum":null}},"tiered_pricing_percentage_rules":[],"tiered_pricing_maximum_quantity":null,"tiered_pricing_quantity_step":null,"_links":{"self":[{"href":"https:\/\/gretasexylingerie.com\/fr\/wp-json\/wp\/v2\/product\/42873","targetHints":{"allow":["GET"]}}],"collection":[{"href":"https:\/\/gretasexylingerie.com\/fr\/wp-json\/wp\/v2\/product"}],"about":[{"href":"https:\/\/gretasexylingerie.com\/fr\/wp-json\/wp\/v2\/types\/product"}],"wp:featuredmedia":[{"embeddable":true,"href":"https:\/\/gretasexylingerie.com\/fr\/wp-json\/wp\/v2\/media\/42883"}],"wp:attachment":[{"href":"https:\/\/gretasexylingerie.com\/fr\/wp-json\/wp\/v2\/media?parent=42873"}],"wp:term":[{"taxonomy":"product_brand","embeddable":true,"href":"https:\/\/gretasexylingerie.com\/fr\/wp-json\/wp\/v2\/product_brand?post=42873"},{"taxonomy":"product_cat","embeddable":true,"href":"https:\/\/gretasexylingerie.com\/fr\/wp-json\/wp\/v2\/product_cat?post=42873"},{"taxonomy":"product_tag","embeddable":true,"href":"https:\/\/gretasexylingerie.com\/fr\/wp-json\/wp\/v2\/product_tag?post=42873"}],"curies":[{"name":"wp","href":"https:\/\/api.w.org\/{rel}","templated":true}]}}