{"id":42850,"date":"2023-06-24T22:49:41","date_gmt":"2023-06-24T14:49:41","guid":{"rendered":"https:\/\/gretasexylingerie.com\/?post_type=product&#038;p=42850"},"modified":"2024-01-17T22:25:09","modified_gmt":"2024-01-17T14:25:09","slug":"ensemble-soutien-gorge-et-string-de-couleur-unie-punk-metallique-3-pieces","status":"publish","type":"product","link":"https:\/\/gretasexylingerie.com\/fr\/products\/3-piece-metallic-punk-solid-color-bra-thong-set\/","title":{"rendered":"Ensemble soutien-gorge et string punk m\u00e9tallis\u00e9 3 pi\u00e8ces de couleur unie"},"content":{"rendered":"<ol class=\"wp-block-list\">\n<li>Design saisissant : avec son style punk m\u00e9tallique, cet ensemble offre un look audacieux parfait pour ceux qui embrassent l&#039;individualit\u00e9 et l&#039;expression.<\/li>\n\n\n\n<li>Esth\u00e9tique non conventionnelle : la conception de couleur unie ajoute un \u00e9l\u00e9ment de simplicit\u00e9 audacieuse, am\u00e9liorant l&#039;esth\u00e9tique punk m\u00e9tallique.<\/li>\n\n\n\n<li>Tendance : s&#039;alignant parfaitement sur les tendances de la lingerie contemporaine, cet ensemble s\u00e9duit les avant-gardistes.<\/li>\n\n\n\n<li>Le confort rencontre le style : malgr\u00e9 son esth\u00e9tique saisissante, l&#039;ensemble promet un ajustement confortable gr\u00e2ce \u00e0 sa conception r\u00e9fl\u00e9chie et \u00e0 ses mat\u00e9riaux de qualit\u00e9.<\/li>\n\n\n\n<li>D\u00e9tails audacieux : le savoir-faire de haute qualit\u00e9, \u00e9vident dans chaque d\u00e9tail, met l&#039;accent sur le design punk m\u00e9tallique audacieux.<\/li>\n<\/ol>\n\n\n\n<p>En conclusion, notre ensemble soutien-gorge et string 3 pi\u00e8ces m\u00e9tallis\u00e9 punk de couleur unie se distingue par son m\u00e9lange unique de design audacieux, de confort et de d\u00e9tails m\u00e9ticuleux. Ses caract\u00e9ristiques sp\u00e9ciales et son alignement avec les tendances de style actuelles en font un ajout \u00e0 la fois tendance et \u00e9l\u00e9gant \u00e0 toute collection de lingerie.<\/p>\n\n\n\n<figure class=\"wp-block-table is-style-stripes\"><table class=\"has-fixed-layout\"><tbody><tr><td colspan=\"5\">Carte du site (CM)<\/td><\/tr><tr><td>Taille<\/td><td>Longueur<\/td><td>Buste sup\u00e9rieur<\/td><td>Bas du buste<\/td><td>Ligne de taille<\/td><\/tr><tr><td>S<\/td><td>24<\/td><td>74-88<\/td><td>68-88<\/td><td>65-92<\/td><\/tr><tr><td>M<\/td><td>25<\/td><td>78-92<\/td><td>72-92<\/td><td>69-96<\/td><\/tr><tr><td>L<\/td><td>26<\/td><td>82-96<\/td><td>76-96<\/td><td>73-100<\/td><\/tr><tr><td colspan=\"5\">Carte du site (POUCES)<\/td><\/tr><tr><td>Taille<\/td><td>Longueur<\/td><td>Buste sup\u00e9rieur<\/td><td>Bas du buste<\/td><td>Ligne de taille<\/td><\/tr><tr><td>S<\/td><td>9.45<\/td><td>29.13-34.65<\/td><td>26.77-34.65<\/td><td>25.59-36.22<\/td><\/tr><tr><td>M<\/td><td>9.84<\/td><td>30.71-36.22<\/td><td>28.35-36.22<\/td><td>27.17-37.80<\/td><\/tr><tr><td>L<\/td><td>10.24<\/td><td>32.28-37.80<\/td><td>29.92-37.80<\/td><td>28.74-39.37<\/td><\/tr><\/tbody><\/table><\/figure>","protected":false},"excerpt":{"rendered":"<p>Lib\u00e9rez votre c\u00f4t\u00e9 audacieux avec notre ensemble soutien-gorge et string punk m\u00e9tallis\u00e9 3 pi\u00e8ces de couleur unie. Cet ensemble saisissant allie sans effort une esth\u00e9tique avant-gardiste \u00e0 un confort sup\u00e9rieur, ce qui en fait un ajout inoubliable \u00e0 votre collection de lingerie.<\/p>\n<p>https:\/\/youtu.be\/5hwR5D_BGj8<\/p>","protected":false},"featured_media":42861,"template":"","meta":[],"product_brand":[],"product_cat":[368,367,375],"product_tag":[505,448,524,867],"class_list":{"0":"post-42850","1":"product","2":"type-product","3":"status-publish","4":"has-post-thumbnail","6":"product_cat-bra-panty-set","7":"product_cat-sexy-lingerie","8":"product_cat-whoelsale-sheer-bra-and-panty-sets","9":"product_tag-5-piece-lingerie-set","10":"product_tag-wholesale-elegant-sexy-lingerie","11":"product_tag-metal-lingerie","12":"product_tag-sexy-push-up-lingerie","13":"pa_color-black","14":"pa_color-red-women-sexy-lingerie","15":"pa_size-wholesale-large-size-women-sexy-lingerie","16":"pa_size-wholesale-medium-size-women-sexy-lingerie","17":"pa_size-wholesale-small-size-sexy-lingerie","19":"first","20":"instock","21":"taxable","22":"shipping-taxable","23":"purchasable","24":"product-type-variable"},"tiered_pricing_type":"fixed","tiered_pricing_fixed_rules":[],"tiered_pricing_product_settings":{"layout":"default","base_unit_name":{"singular":null,"plural":null},"default_variation":{}},"tiered_pricing_minimum_quantity":null,"tiered_pricing_roles_data":{"default_wholesaler":{"product_id":42850,"role":"default_wholesaler","pricing_type":"flat","regular_price":null,"sale_price":null,"discount":null,"discount_type":"sale_price","tiered_pricing_type":"fixed","percentage_rules":[],"fixed_rules":{"2":"11.49","30":"9.89","500":"8.59"},"minimum":null},"dropshippinger":{"product_id":42850,"role":"dropshippinger","pricing_type":"flat","regular_price":null,"sale_price":null,"discount":null,"discount_type":"sale_price","tiered_pricing_type":"fixed","percentage_rules":[],"fixed_rules":{"1":"13.79","5":"11.49","30":"9.89"},"minimum":null}},"tiered_pricing_percentage_rules":[],"tiered_pricing_maximum_quantity":null,"tiered_pricing_quantity_step":null,"_links":{"self":[{"href":"https:\/\/gretasexylingerie.com\/fr\/wp-json\/wp\/v2\/product\/42850","targetHints":{"allow":["GET"]}}],"collection":[{"href":"https:\/\/gretasexylingerie.com\/fr\/wp-json\/wp\/v2\/product"}],"about":[{"href":"https:\/\/gretasexylingerie.com\/fr\/wp-json\/wp\/v2\/types\/product"}],"wp:featuredmedia":[{"embeddable":true,"href":"https:\/\/gretasexylingerie.com\/fr\/wp-json\/wp\/v2\/media\/42861"}],"wp:attachment":[{"href":"https:\/\/gretasexylingerie.com\/fr\/wp-json\/wp\/v2\/media?parent=42850"}],"wp:term":[{"taxonomy":"product_brand","embeddable":true,"href":"https:\/\/gretasexylingerie.com\/fr\/wp-json\/wp\/v2\/product_brand?post=42850"},{"taxonomy":"product_cat","embeddable":true,"href":"https:\/\/gretasexylingerie.com\/fr\/wp-json\/wp\/v2\/product_cat?post=42850"},{"taxonomy":"product_tag","embeddable":true,"href":"https:\/\/gretasexylingerie.com\/fr\/wp-json\/wp\/v2\/product_tag?post=42850"}],"curies":[{"name":"wp","href":"https:\/\/api.w.org\/{rel}","templated":true}]}}