{"id":42800,"date":"2023-06-24T21:45:29","date_gmt":"2023-06-24T13:45:29","guid":{"rendered":"https:\/\/gretasexylingerie.com\/?post_type=product&#038;p=42800"},"modified":"2024-01-17T22:22:43","modified_gmt":"2024-01-17T14:22:43","slug":"ensemble-soutien-gorge-string-en-dentelle-avec-decoupe-de-poitrine-et-chaine","status":"publish","type":"product","link":"https:\/\/gretasexylingerie.com\/fr\/products\/lace-bra-thong-set-with-bust-cutout-and-chain\/","title":{"rendered":"Ensemble soutien-gorge et string en dentelle avec d\u00e9coupe buste et cha\u00eene"},"content":{"rendered":"<ol class=\"wp-block-list\">\n<li>Design audacieux : la d\u00e9coupe du buste et la cha\u00eene en m\u00e9tal offrent une esth\u00e9tique audacieuse, parfaite pour ceux qui recherchent une lingerie risqu\u00e9e.<\/li>\n\n\n\n<li>Caract\u00e9ristiques uniques : la cha\u00eene en m\u00e9tal introduit un \u00e9l\u00e9ment audacieux dans l&#039;ensemble, ce qui en fait un design et un attrait exceptionnels.<\/li>\n\n\n\n<li>Tendance : le design s&#039;aligne sur les tendances actuelles de la lingerie, attirant les personnes soucieuses de leur style.<\/li>\n\n\n\n<li>Confort et ajustement : Malgr\u00e9 ses d\u00e9tails audacieux, l&#039;ensemble assure un ajustement confortable, gr\u00e2ce \u00e0 son tissu en dentelle d\u00e9licate.<\/li>\n\n\n\n<li>D\u00e9tails risqu\u00e9s : la d\u00e9coupe du buste, la cha\u00eene en m\u00e9tal et la culotte string soulignent le design audacieux et l&#039;attention port\u00e9e aux d\u00e9tails de l&#039;ensemble.<\/li>\n<\/ol>\n\n\n\n<p>En conclusion, l&#039;ensemble de soutien-gorge en dentelle avec d\u00e9coupe buste, cha\u00eene en m\u00e9tal et culotte string offre un m\u00e9lange parfait de design audacieux, de confort et de d\u00e9tails m\u00e9ticuleux. Ses caract\u00e9ristiques uniques et son style tendance en font un ajout remarquable \u00e0 toute collection de lingerie.<\/p>\n\n\n\n<figure class=\"wp-block-table is-style-stripes\"><table class=\"has-fixed-layout\"><tbody><tr><td colspan=\"5\">Carte du site (CM)<\/td><\/tr><tr><td>Taille<\/td><td>Longueur<\/td><td>Buste sup\u00e9rieur<\/td><td>Bas du buste<\/td><td>Ligne de taille<\/td><\/tr><tr><td>S<\/td><td>21<\/td><td>68-88<\/td><td>62<\/td><td>68<\/td><\/tr><tr><td>M<\/td><td>22<\/td><td>72-92<\/td><td>66<\/td><td>72<\/td><\/tr><tr><td>L<\/td><td>23<\/td><td>76-96<\/td><td>70<\/td><td>76<\/td><\/tr><tr><td colspan=\"5\">Carte du site (POUCES)<\/td><\/tr><tr><td>Taille<\/td><td>Longueur<\/td><td>Buste sup\u00e9rieur<\/td><td>Bas du buste<\/td><td>Ligne de taille<\/td><\/tr><tr><td>S<\/td><td>8.27<\/td><td>26.77-34.65<\/td><td>24.41<\/td><td>26.77<\/td><\/tr><tr><td>M<\/td><td>8.66<\/td><td>28.35-36.22<\/td><td>25.98<\/td><td>28.35<\/td><\/tr><tr><td>L<\/td><td>9.06<\/td><td>29.92-37.80<\/td><td>27.56<\/td><td>29.92<\/td><\/tr><\/tbody><\/table><\/figure>","protected":false},"excerpt":{"rendered":"<p>Allumez l&#039;allure avec notre ensemble de soutien-gorge en dentelle comprenant une d\u00e9coupe de buste, une cha\u00eene en m\u00e9tal et une culotte string. Cet ensemble combine des d\u00e9tails audacieux avec un confort absolu, cr\u00e9ant une pi\u00e8ce de lingerie aussi audacieuse que confortable.<\/p>\n<p>https:\/\/youtu.be\/wNiGtvRWrc0<\/p>","protected":false},"featured_media":42821,"template":"","meta":[],"product_brand":[],"product_cat":[368,369,367],"product_tag":[507,861,870,516,973,446,864,863],"class_list":{"0":"post-42800","1":"product","2":"type-product","3":"status-publish","4":"has-post-thumbnail","6":"product_cat-bra-panty-set","7":"product_cat-wholesale-lace-bra-and-panty-sets","8":"product_cat-sexy-lingerie","9":"product_tag-three-pcs-set","10":"product_tag-brunette-lingerie","11":"product_tag-floral-lingerie","12":"product_tag-lace-lingerie","13":"product_tag-oem","14":"product_tag-wholesale-sexy-see-through-lingerie","15":"product_tag-sexy-petite-lingerie","16":"product_tag-sexy-thong-lingerie","17":"pa_color-black","18":"pa_color-green","19":"pa_size-wholesale-large-size-women-sexy-lingerie","20":"pa_size-wholesale-medium-size-women-sexy-lingerie","21":"pa_size-wholesale-small-size-sexy-lingerie","23":"first","24":"outofstock","25":"taxable","26":"shipping-taxable","27":"purchasable","28":"product-type-variable"},"tiered_pricing_type":"fixed","tiered_pricing_fixed_rules":[],"tiered_pricing_product_settings":{"layout":"default","base_unit_name":{"singular":null,"plural":null},"default_variation":{}},"tiered_pricing_minimum_quantity":null,"tiered_pricing_roles_data":{"default_wholesaler":{"product_id":42800,"role":"default_wholesaler","pricing_type":"flat","regular_price":null,"sale_price":null,"discount":null,"discount_type":"sale_price","tiered_pricing_type":"fixed","percentage_rules":[],"fixed_rules":{"2":"9.39","30":"8.09","500":"7.09"},"minimum":null},"dropshippinger":{"product_id":42800,"role":"dropshippinger","pricing_type":"flat","regular_price":null,"sale_price":null,"discount":null,"discount_type":"sale_price","tiered_pricing_type":"fixed","percentage_rules":[],"fixed_rules":{"1":"11.29","5":"9.39","30":"8.09"},"minimum":null}},"tiered_pricing_percentage_rules":[],"tiered_pricing_maximum_quantity":null,"tiered_pricing_quantity_step":null,"_links":{"self":[{"href":"https:\/\/gretasexylingerie.com\/fr\/wp-json\/wp\/v2\/product\/42800","targetHints":{"allow":["GET"]}}],"collection":[{"href":"https:\/\/gretasexylingerie.com\/fr\/wp-json\/wp\/v2\/product"}],"about":[{"href":"https:\/\/gretasexylingerie.com\/fr\/wp-json\/wp\/v2\/types\/product"}],"wp:featuredmedia":[{"embeddable":true,"href":"https:\/\/gretasexylingerie.com\/fr\/wp-json\/wp\/v2\/media\/42821"}],"wp:attachment":[{"href":"https:\/\/gretasexylingerie.com\/fr\/wp-json\/wp\/v2\/media?parent=42800"}],"wp:term":[{"taxonomy":"product_brand","embeddable":true,"href":"https:\/\/gretasexylingerie.com\/fr\/wp-json\/wp\/v2\/product_brand?post=42800"},{"taxonomy":"product_cat","embeddable":true,"href":"https:\/\/gretasexylingerie.com\/fr\/wp-json\/wp\/v2\/product_cat?post=42800"},{"taxonomy":"product_tag","embeddable":true,"href":"https:\/\/gretasexylingerie.com\/fr\/wp-json\/wp\/v2\/product_tag?post=42800"}],"curies":[{"name":"wp","href":"https:\/\/api.w.org\/{rel}","templated":true}]}}