{"id":42778,"date":"2023-06-23T01:26:14","date_gmt":"2023-06-22T17:26:14","guid":{"rendered":"https:\/\/gretasexylingerie.com\/?post_type=product&#038;p=42778"},"modified":"2023-10-22T22:59:57","modified_gmt":"2023-10-22T14:59:57","slug":"magnifique-ensemble-de-soutien-gorge-en-maille-brodee-de-fleurs","status":"publish","type":"product","link":"https:\/\/gretasexylingerie.com\/fr\/products\/gorgeous-floral-embroidered-mesh-bra-set\/","title":{"rendered":"Magnifique ensemble de soutien-gorge en maille brod\u00e9e florale"},"content":{"rendered":"<ol class=\"wp-block-list\">\n<li>Design \u00e9l\u00e9gant : la broderie florale sur maille d\u00e9licate offre une esth\u00e9tique \u00e9l\u00e9gante, parfaite pour ceux qui recherchent une lingerie \u00e9l\u00e9gante.<\/li>\n\n\n\n<li>Caract\u00e9ristiques uniques : la maille brod\u00e9e introduit un \u00e9l\u00e9ment de luxe dans l&#039;ensemble, ce qui en fait un design et un attrait exceptionnels.<\/li>\n\n\n\n<li>Tendance : le design s&#039;aligne sur les tendances actuelles de la lingerie, ce qui en fait un incontournable pour les amateurs de style.<\/li>\n\n\n\n<li>Confort et ajustement : malgr\u00e9 son design \u00e9l\u00e9gant, l&#039;ensemble assure un ajustement confortable, gr\u00e2ce \u00e0 son tissu en maille douce.<\/li>\n\n\n\n<li>D\u00e9tails \u00e9l\u00e9gants : la broderie complexe met en valeur le savoir-faire de haute qualit\u00e9 et l&#039;attention port\u00e9e aux d\u00e9tails.<\/li>\n<\/ol>\n\n\n\n<p>En conclusion, le magnifique ensemble de soutien-gorge en maille brod\u00e9e de fleurs offre un m\u00e9lange parfait d&#039;\u00e9l\u00e9gance, de confort et de d\u00e9tails m\u00e9ticuleux. Ses caract\u00e9ristiques uniques et son style tendance en font un ajout digne de toute collection de lingerie.<\/p>\n\n\n\n<figure class=\"wp-block-table is-style-stripes\"><table class=\"has-fixed-layout\"><tbody><tr><td colspan=\"5\">Carte du site (CM)<\/td><\/tr><tr><td>Taille<\/td><td>Longueur<\/td><td>Buste sup\u00e9rieur<\/td><td>Bas du buste<\/td><td>Ligne de taille<\/td><\/tr><tr><td>S<\/td><td>20<\/td><td>71-88<\/td><td>66<\/td><td>70<\/td><\/tr><tr><td>M<\/td><td>21<\/td><td>75-92<\/td><td>70<\/td><td>74<\/td><\/tr><tr><td>L<\/td><td>22<\/td><td>79-96<\/td><td>74<\/td><td>78<\/td><\/tr><tr><td colspan=\"5\">Carte du site (POUCES)<\/td><\/tr><tr><td>Taille<\/td><td>Longueur<\/td><td>Buste sup\u00e9rieur<\/td><td>Bas du buste<\/td><td>Ligne de taille<\/td><\/tr><tr><td>S<\/td><td>7.87<\/td><td>27.95-34.65<\/td><td>25.98<\/td><td>27.56<\/td><\/tr><tr><td>M<\/td><td>8.27<\/td><td>29.53-36.22<\/td><td>27.56<\/td><td>29.13<\/td><\/tr><tr><td>L<\/td><td>8.66<\/td><td>31.10-37.80<\/td><td>29.13<\/td><td>30.71<\/td><\/tr><\/tbody><\/table><\/figure>","protected":false},"excerpt":{"rendered":"<p>Embrassez l&#039;\u00e9l\u00e9gance avec notre magnifique ensemble de soutien-gorge en maille brod\u00e9e de fleurs. Cet ensemble exquis combine des d\u00e9tails complexes et un confort supr\u00eame, ce qui en fait une pi\u00e8ce de lingerie aussi \u00e9l\u00e9gante que confortable.<\/p>\n<p>https:\/\/youtu.be\/Xkdkpk-YHpU<\/p>","protected":false},"featured_media":42791,"template":"","meta":[],"product_brand":[],"product_cat":[367,375],"product_tag":[448,454,870,880,864,863],"class_list":{"0":"post-42778","1":"product","2":"type-product","3":"status-publish","4":"has-post-thumbnail","6":"product_cat-sexy-lingerie","7":"product_cat-whoelsale-sheer-bra-and-panty-sets","8":"product_tag-wholesale-elegant-sexy-lingerie","9":"product_tag-wholesale-sexy-embroidered-lingerie","10":"product_tag-floral-lingerie","11":"product_tag-sexy-2-piece-lingerie","12":"product_tag-sexy-petite-lingerie","13":"product_tag-sexy-thong-lingerie","14":"pa_color-purple-women-sexy-lingerie","15":"pa_color-yellow","16":"pa_size-wholesale-large-size-women-sexy-lingerie","17":"pa_size-wholesale-medium-size-women-sexy-lingerie","18":"pa_size-wholesale-small-size-sexy-lingerie","20":"first","21":"instock","22":"taxable","23":"shipping-taxable","24":"purchasable","25":"product-type-variable"},"tiered_pricing_type":"fixed","tiered_pricing_fixed_rules":[],"tiered_pricing_product_settings":{"layout":"default","base_unit_name":{"singular":null,"plural":null},"default_variation":{}},"tiered_pricing_minimum_quantity":null,"tiered_pricing_roles_data":{"default_wholesaler":{"product_id":42778,"role":"default_wholesaler","pricing_type":"flat","regular_price":null,"sale_price":null,"discount":null,"discount_type":"sale_price","tiered_pricing_type":"fixed","percentage_rules":[],"fixed_rules":{"2":"8.09","30":"6.99","500":"8.09"},"minimum":null},"dropshippinger":{"product_id":42778,"role":"dropshippinger","pricing_type":"flat","regular_price":null,"sale_price":null,"discount":null,"discount_type":"sale_price","tiered_pricing_type":"fixed","percentage_rules":[],"fixed_rules":{"1":"9.69","5":"8.09","30":"6.99"},"minimum":null}},"tiered_pricing_percentage_rules":[],"tiered_pricing_maximum_quantity":null,"tiered_pricing_quantity_step":null,"_links":{"self":[{"href":"https:\/\/gretasexylingerie.com\/fr\/wp-json\/wp\/v2\/product\/42778","targetHints":{"allow":["GET"]}}],"collection":[{"href":"https:\/\/gretasexylingerie.com\/fr\/wp-json\/wp\/v2\/product"}],"about":[{"href":"https:\/\/gretasexylingerie.com\/fr\/wp-json\/wp\/v2\/types\/product"}],"wp:featuredmedia":[{"embeddable":true,"href":"https:\/\/gretasexylingerie.com\/fr\/wp-json\/wp\/v2\/media\/42791"}],"wp:attachment":[{"href":"https:\/\/gretasexylingerie.com\/fr\/wp-json\/wp\/v2\/media?parent=42778"}],"wp:term":[{"taxonomy":"product_brand","embeddable":true,"href":"https:\/\/gretasexylingerie.com\/fr\/wp-json\/wp\/v2\/product_brand?post=42778"},{"taxonomy":"product_cat","embeddable":true,"href":"https:\/\/gretasexylingerie.com\/fr\/wp-json\/wp\/v2\/product_cat?post=42778"},{"taxonomy":"product_tag","embeddable":true,"href":"https:\/\/gretasexylingerie.com\/fr\/wp-json\/wp\/v2\/product_tag?post=42778"}],"curies":[{"name":"wp","href":"https:\/\/api.w.org\/{rel}","templated":true}]}}