{"id":42702,"date":"2023-06-22T01:15:16","date_gmt":"2023-06-21T17:15:16","guid":{"rendered":"https:\/\/gretasexylingerie.com\/?post_type=product&#038;p=42702"},"modified":"2024-04-04T13:47:41","modified_gmt":"2024-04-04T05:47:41","slug":"ensemble-soutien-gorge-et-culotte-decoupes-en-maille-avec-entrejambe-ouvert","status":"publish","type":"product","link":"https:\/\/gretasexylingerie.com\/fr\/products\/mesh-cutout-bra-panty-set-with-open-crotch\/","title":{"rendered":"Ensemble soutien-gorge et culotte en maille d\u00e9coup\u00e9e avec entrejambe ouvert"},"content":{"rendered":"<ol class=\"wp-block-list\">\n<li>Design provocateur : la d\u00e9coupe en maille et l&#039;entrejambe ouvert offrent une esth\u00e9tique convaincante, parfaite pour ceux qui recherchent une lingerie audacieuse.<\/li>\n\n\n\n<li>Caract\u00e9ristiques uniques : l&#039;anneau en m\u00e9tal introduit un \u00e9l\u00e9ment audacieux dans l&#039;ensemble, ce qui le distingue par son design et son attrait.<\/li>\n\n\n\n<li>Tendance : le design s&#039;aligne sur les tendances actuelles de la lingerie, attirant les personnes soucieuses de leur style.<\/li>\n\n\n\n<li>Confort et ajustement : malgr\u00e9 ses d\u00e9tails audacieux, l&#039;ensemble assure un ajustement confortable, gr\u00e2ce \u00e0 son tissu en maille d\u00e9licate.<\/li>\n\n\n\n<li>D\u00e9tails audacieux : le design \u00e0 entrejambe ouvert ajoute une touche audacieuse pour ceux qui souhaitent exprimer leur style audacieux.<\/li>\n<\/ol>\n\n\n\n<p>En conclusion, l&#039;ensemble soutien-gorge et culotte en maille d\u00e9coup\u00e9e avec anneau en m\u00e9tal et entrejambe ouvert offre un m\u00e9lange convaincant de design provocateur, de confort et de d\u00e9tails m\u00e9ticuleux. Ses caract\u00e9ristiques uniques et son style tendance en font un ajout remarquable \u00e0 toute collection de lingerie.<\/p>\n\n\n\n<figure class=\"wp-block-table is-style-stripes\"><table class=\"has-fixed-layout\"><tbody><tr><td colspan=\"5\">Carte du site (CM)<\/td><\/tr><tr><td>Taille<\/td><td>Longueur<\/td><td>Buste sup\u00e9rieur<\/td><td>Bas du buste<\/td><td>Ligne de taille<\/td><\/tr><tr><td>S<\/td><td>29<\/td><td>72-88<\/td><td>68-88<\/td><td>68-96<\/td><\/tr><tr><td>M<\/td><td>30<\/td><td>76-92<\/td><td>72-92<\/td><td>72-100<\/td><\/tr><tr><td>L<\/td><td>31<\/td><td>80-96<\/td><td>76-96<\/td><td>76-104<\/td><\/tr><tr><td colspan=\"5\">Carte du site (POUCES)<\/td><\/tr><tr><td>Taille<\/td><td>Longueur<\/td><td>Buste sup\u00e9rieur<\/td><td>Bas du buste<\/td><td>Ligne de taille<\/td><\/tr><tr><td>S<\/td><td>11.42<\/td><td>28.35-34.65<\/td><td>26.77-34.65<\/td><td>26.77-37.80<\/td><\/tr><tr><td>M<\/td><td>11.81<\/td><td>29.92-36.22<\/td><td>28.35-36.22<\/td><td>28.35-39.37<\/td><\/tr><tr><td>L<\/td><td>12.2<\/td><td>31.50-37.80<\/td><td>29.92-37.80<\/td><td>29.92-40.94<\/td><\/tr><\/tbody><\/table><\/figure>","protected":false},"excerpt":{"rendered":"<p>D\u00e9couvrez une allure audacieuse avec notre ensemble soutien-gorge et culotte en maille d\u00e9coup\u00e9e, dot\u00e9 d&#039;un anneau en m\u00e9tal et d&#039;un entrejambe ouvert. Cet ensemble audacieux allie des d\u00e9tails provocateurs \u00e0 un confort supr\u00eame, ce qui en fait une pi\u00e8ce de lingerie aussi captivante que confortable.<\/p>","protected":false},"featured_media":42721,"template":"","meta":[],"product_brand":[],"product_cat":[368,367,375],"product_tag":[452,880,449,864],"class_list":{"0":"post-42702","1":"product","2":"type-product","3":"status-publish","4":"has-post-thumbnail","6":"product_cat-bra-panty-set","7":"product_cat-sexy-lingerie","8":"product_cat-whoelsale-sheer-bra-and-panty-sets","9":"product_tag-wholesale-boudoir-lingerie","10":"product_tag-sexy-2-piece-lingerie","11":"product_tag-wholesale-sexy-crotchless-lingerie","12":"product_tag-sexy-petite-lingerie","13":"pa_color-black","14":"pa_color-red-women-sexy-lingerie","15":"pa_size-wholesale-large-size-women-sexy-lingerie","16":"pa_size-wholesale-medium-size-women-sexy-lingerie","17":"pa_size-wholesale-small-size-sexy-lingerie","19":"first","20":"instock","21":"taxable","22":"shipping-taxable","23":"purchasable","24":"product-type-variable"},"tiered_pricing_type":"fixed","tiered_pricing_fixed_rules":[],"tiered_pricing_product_settings":{"layout":"table","base_unit_name":{"singular":null,"plural":null},"default_variation":{}},"tiered_pricing_minimum_quantity":null,"tiered_pricing_roles_data":{"default_wholesaler":{"product_id":42702,"role":"default_wholesaler","pricing_type":"flat","regular_price":null,"sale_price":null,"discount":null,"discount_type":"sale_price","tiered_pricing_type":"fixed","percentage_rules":[],"fixed_rules":{"2":"7.89","30":"6.79","500":"5.89"},"minimum":null},"dropshippinger":{"product_id":42702,"role":"dropshippinger","pricing_type":"flat","regular_price":null,"sale_price":null,"discount":null,"discount_type":"sale_price","tiered_pricing_type":"fixed","percentage_rules":[],"fixed_rules":{"1":"9.39","5":"7.89","30":"6.79"},"minimum":null}},"tiered_pricing_percentage_rules":[],"tiered_pricing_maximum_quantity":null,"tiered_pricing_quantity_step":null,"_links":{"self":[{"href":"https:\/\/gretasexylingerie.com\/fr\/wp-json\/wp\/v2\/product\/42702","targetHints":{"allow":["GET"]}}],"collection":[{"href":"https:\/\/gretasexylingerie.com\/fr\/wp-json\/wp\/v2\/product"}],"about":[{"href":"https:\/\/gretasexylingerie.com\/fr\/wp-json\/wp\/v2\/types\/product"}],"wp:featuredmedia":[{"embeddable":true,"href":"https:\/\/gretasexylingerie.com\/fr\/wp-json\/wp\/v2\/media\/42721"}],"wp:attachment":[{"href":"https:\/\/gretasexylingerie.com\/fr\/wp-json\/wp\/v2\/media?parent=42702"}],"wp:term":[{"taxonomy":"product_brand","embeddable":true,"href":"https:\/\/gretasexylingerie.com\/fr\/wp-json\/wp\/v2\/product_brand?post=42702"},{"taxonomy":"product_cat","embeddable":true,"href":"https:\/\/gretasexylingerie.com\/fr\/wp-json\/wp\/v2\/product_cat?post=42702"},{"taxonomy":"product_tag","embeddable":true,"href":"https:\/\/gretasexylingerie.com\/fr\/wp-json\/wp\/v2\/product_tag?post=42702"}],"curies":[{"name":"wp","href":"https:\/\/api.w.org\/{rel}","templated":true}]}}