{"id":42585,"date":"2023-06-20T23:41:11","date_gmt":"2023-06-20T15:41:11","guid":{"rendered":"https:\/\/gretasexylingerie.com\/?post_type=product&#038;p=42585"},"modified":"2023-12-09T17:52:37","modified_gmt":"2023-12-09T09:52:37","slug":"ensemble-soutien-gorge-sexy-en-tulle-avec-dentelle-brodee-et-mini-noeuds","status":"publish","type":"product","link":"https:\/\/gretasexylingerie.com\/fr\/products\/sexy-tulle-bra-set-with-embroidered-lace-and-mini-bows\/","title":{"rendered":"Ensemble soutien-gorge sexy en tulle avec dentelle brod\u00e9e et mini n\u0153uds"},"content":{"rendered":"<ol class=\"wp-block-list\">\n<li>Design sensuel : la dentelle brod\u00e9e sur tulle d\u00e9licat offre une esth\u00e9tique s\u00e9duisante, parfaite pour ceux qui recherchent une lingerie s\u00e9duisante.<\/li>\n\n\n\n<li>Caract\u00e9ristiques uniques : les mini n\u0153uds d\u00e9coratifs introduisent un \u00e9l\u00e9ment fantaisiste mais \u00e9l\u00e9gant dans l&#039;ensemble.<\/li>\n\n\n\n<li>Align\u00e9 sur les tendances : le design s&#039;aligne sur les tendances actuelles de la lingerie, ce qui en fait un favori parmi les personnes soucieuses de leur style.<\/li>\n\n\n\n<li>Confort et ajustement : malgr\u00e9 son design sensuel, l&#039;ensemble assure un ajustement confortable, gr\u00e2ce \u00e0 son tissu en tulle doux.<\/li>\n\n\n\n<li>Attention aux d\u00e9tails : la broderie complexe et les charmants mini n\u0153uds mettent en valeur le savoir-faire de haute qualit\u00e9 de l&#039;ensemble.<\/li>\n<\/ol>\n\n\n\n<p>En conclusion, l&#039;ensemble de soutien-gorge sexy en tulle avec dentelle brod\u00e9e et mini n\u0153uds offre un m\u00e9lange s\u00e9duisant de design sensuel, de confort et de d\u00e9tails m\u00e9ticuleux. Ses caract\u00e9ristiques uniques et son style tendance en font un ajout remarquable \u00e0 toute collection de lingerie.<\/p>\n\n\n\n<figure class=\"wp-block-table\"><table><tbody><tr><td colspan=\"5\">Carte du site (CM)<\/td><\/tr><tr><td>Taille<\/td><td>Longueur<\/td><td>Buste sup\u00e9rieur<\/td><td>Bande de taille<\/td><td>Ligne de taille<\/td><\/tr><tr><td>S<\/td><td>21.5<\/td><td>70-88<\/td><td>64-92<\/td><td>68-96<\/td><\/tr><tr><td>M<\/td><td>22.5<\/td><td>74-92<\/td><td>68-96<\/td><td>72-100<\/td><\/tr><tr><td>L<\/td><td>23.5<\/td><td>78-96<\/td><td>72-100<\/td><td>76-104<\/td><\/tr><tr><td colspan=\"5\">Carte du site (POUCES)<\/td><\/tr><tr><td>Taille<\/td><td>Longueur<\/td><td>Buste sup\u00e9rieur<\/td><td>Bas du buste<\/td><td>Ligne de taille<\/td><\/tr><tr><td>S<\/td><td>8.46<\/td><td>27.56-34.65<\/td><td>25.20-36.22<\/td><td>26.77-37.80<\/td><\/tr><tr><td>M<\/td><td>8.86<\/td><td>29.13-36.22<\/td><td>26.77-37.80<\/td><td>28.35-39.37<\/td><\/tr><tr><td>L<\/td><td>9.25<\/td><td>30.71-37.80<\/td><td>28.35-39.37<\/td><td>29.92-40.94<\/td><\/tr><\/tbody><\/table><\/figure>","protected":false},"excerpt":{"rendered":"<p>Offrez-vous une allure luxueuse avec notre ensemble de soutien-gorge sexy en tulle, avec de la dentelle brod\u00e9e et de charmantes d\u00e9corations de mini n\u0153uds. Cet ensemble offre un \u00e9quilibre entre d\u00e9tails complexes et attrait sensuel, ce qui en fait une pi\u00e8ce de lingerie aussi s\u00e9duisante que confortable.<\/p>\n<p>https:\/\/youtu.be\/FzDF4LsgR4Q<\/p>","protected":false},"featured_media":42595,"template":"","meta":[],"product_brand":[],"product_cat":[367,375],"product_tag":[448,454,518,973,446,864,865],"class_list":{"0":"post-42585","1":"product","2":"type-product","3":"status-publish","4":"has-post-thumbnail","6":"product_cat-sexy-lingerie","7":"product_cat-whoelsale-sheer-bra-and-panty-sets","8":"product_tag-wholesale-elegant-sexy-lingerie","9":"product_tag-wholesale-sexy-embroidered-lingerie","10":"product_tag-mesh-lingerie","11":"product_tag-oem","12":"product_tag-wholesale-sexy-see-through-lingerie","13":"product_tag-sexy-petite-lingerie","14":"product_tag-sexy-skimpy-lingerie","15":"pa_color-black","16":"pa_size-wholesale-large-size-women-sexy-lingerie","17":"pa_size-wholesale-medium-size-women-sexy-lingerie","18":"pa_size-wholesale-small-size-sexy-lingerie","20":"first","21":"outofstock","22":"taxable","23":"shipping-taxable","24":"purchasable","25":"product-type-variable"},"tiered_pricing_type":"fixed","tiered_pricing_fixed_rules":[],"tiered_pricing_product_settings":{"layout":"default","base_unit_name":{"singular":null,"plural":null},"default_variation":{}},"tiered_pricing_minimum_quantity":null,"tiered_pricing_roles_data":{"default_wholesaler":{"product_id":42585,"role":"default_wholesaler","pricing_type":"flat","regular_price":null,"sale_price":null,"discount":null,"discount_type":"sale_price","tiered_pricing_type":"fixed","percentage_rules":[],"fixed_rules":{"2":"9.39","30":"8.09","500":"7.09"},"minimum":null},"dropshippinger":{"product_id":42585,"role":"dropshippinger","pricing_type":"flat","regular_price":null,"sale_price":null,"discount":null,"discount_type":"sale_price","tiered_pricing_type":"fixed","percentage_rules":[],"fixed_rules":{"1":"11.29","5":"9.39","30":"8.09"},"minimum":null}},"tiered_pricing_percentage_rules":[],"tiered_pricing_maximum_quantity":null,"tiered_pricing_quantity_step":null,"_links":{"self":[{"href":"https:\/\/gretasexylingerie.com\/fr\/wp-json\/wp\/v2\/product\/42585","targetHints":{"allow":["GET"]}}],"collection":[{"href":"https:\/\/gretasexylingerie.com\/fr\/wp-json\/wp\/v2\/product"}],"about":[{"href":"https:\/\/gretasexylingerie.com\/fr\/wp-json\/wp\/v2\/types\/product"}],"wp:featuredmedia":[{"embeddable":true,"href":"https:\/\/gretasexylingerie.com\/fr\/wp-json\/wp\/v2\/media\/42595"}],"wp:attachment":[{"href":"https:\/\/gretasexylingerie.com\/fr\/wp-json\/wp\/v2\/media?parent=42585"}],"wp:term":[{"taxonomy":"product_brand","embeddable":true,"href":"https:\/\/gretasexylingerie.com\/fr\/wp-json\/wp\/v2\/product_brand?post=42585"},{"taxonomy":"product_cat","embeddable":true,"href":"https:\/\/gretasexylingerie.com\/fr\/wp-json\/wp\/v2\/product_cat?post=42585"},{"taxonomy":"product_tag","embeddable":true,"href":"https:\/\/gretasexylingerie.com\/fr\/wp-json\/wp\/v2\/product_tag?post=42585"}],"curies":[{"name":"wp","href":"https:\/\/api.w.org\/{rel}","templated":true}]}}