{"id":42440,"date":"2023-06-19T22:09:13","date_gmt":"2023-06-19T14:09:13","guid":{"rendered":"https:\/\/gretasexylingerie.com\/?post_type=product&#038;p=42440"},"modified":"2024-04-03T00:04:02","modified_gmt":"2024-04-02T16:04:02","slug":"ensemble-de-soutien-gorge-en-maille-de-couleur-unie-avec-bretelles-multi-reglables","status":"publish","type":"product","link":"https:\/\/gretasexylingerie.com\/fr\/products\/solid-color-mesh-bra-set-with-multi-adjustable-straps\/","title":{"rendered":"Ensemble de soutien-gorge en maille de couleur unie avec bretelles multi-r\u00e9glables"},"content":{"rendered":"<ol class=\"wp-block-list\">\n<li>Design \u00e9l\u00e9gant : la maille de couleur unie offre une esth\u00e9tique raffin\u00e9e, parfaite pour ceux qui recherchent une lingerie sobre mais \u00e9l\u00e9gante.<\/li>\n\n\n\n<li>Caract\u00e9ristiques uniques : les bretelles multi-r\u00e9glables et doubles introduisent des \u00e9l\u00e9ments pratiques dans l&#039;ensemble, garantissant qu&#039;il se d\u00e9marque en termes de confort et d&#039;ajustement.<\/li>\n\n\n\n<li>Align\u00e9 sur les tendances : le design suit les tendances de la lingerie contemporaine, attirant les avant-gardistes.<\/li>\n\n\n\n<li>Style polyvalent : le design de couleur unie permet un port polyvalent, compl\u00e9tant une vari\u00e9t\u00e9 de tenues.<\/li>\n\n\n\n<li>Confort et ajustement : les bretelles multi-r\u00e9glables de l&#039;ensemble garantissent un ajustement sur mesure et confortable.<\/li>\n<\/ol>\n\n\n\n<p>En conclusion, l&#039;ensemble de soutien-gorge en maille de couleur unie avec bretelles multi-r\u00e9glables offre un design attrayant et \u00e9l\u00e9gant et un m\u00e9lange pratique. Ses caract\u00e9ristiques uniques, son style align\u00e9 sur les tendances et son souci du confort en font un ajout remarquable \u00e0 toute collection de lingerie, promettant un look \u00e9l\u00e9gant et polyvalent.<\/p>\n\n\n\n<figure class=\"wp-block-table is-style-stripes\"><table class=\"has-fixed-layout\"><tbody><tr><td colspan=\"5\">Carte du site (CM)<\/td><\/tr><tr><td>Taille<\/td><td>Longueur<\/td><td>Buste sup\u00e9rieur<\/td><td>Bande de taille<\/td><td>Ligne de taille<\/td><\/tr><tr><td>S<\/td><td>20<\/td><td>70-80<\/td><td>65-88<\/td><td>66-96<\/td><\/tr><tr><td>M<\/td><td>21<\/td><td>74-92<\/td><td>69-92<\/td><td>70-100<\/td><\/tr><tr><td>L<\/td><td>22<\/td><td>78-96<\/td><td>73-96<\/td><td>74-104<\/td><\/tr><tr><td colspan=\"5\">Carte du site (POUCES)<\/td><\/tr><tr><td>Taille<\/td><td>Longueur<\/td><td>Buste sup\u00e9rieur<\/td><td>Bas du buste<\/td><td>Ligne de taille<\/td><\/tr><tr><td>S<\/td><td>7.87<\/td><td>27.56-31.50<\/td><td>25.59-34.65<\/td><td>25.98-37.80<\/td><\/tr><tr><td>M<\/td><td>8.27<\/td><td>29.13-36.22<\/td><td>27.17-36.22<\/td><td>27.56-39.37<\/td><\/tr><tr><td>L<\/td><td>8.66<\/td><td>30.71-37.80<\/td><td>28.74-37.80<\/td><td>29.13-40.94<\/td><\/tr><\/tbody><\/table><\/figure>","protected":false},"excerpt":{"rendered":"<p>D\u00e9voilez l&#039;allure de notre ensemble de soutien-gorge en maille de couleur unie, avec des bretelles multi-ajustables et des bretelles doubles. Cet ensemble \u00e9l\u00e9gant, confectionn\u00e9 avec une maille de haute qualit\u00e9, offre un \u00e9quilibre entre sophistication et fonctionnalit\u00e9. Les caract\u00e9ristiques ajustables assurent un ajustement parfait, cr\u00e9ant une pi\u00e8ce de lingerie \u00e9l\u00e9gante aussi pratique que pratique.<\/p>","protected":false},"featured_media":42460,"template":"","meta":[],"product_brand":[],"product_cat":[368,367,375],"product_tag":[505,448,518,864,447],"class_list":{"0":"post-42440","1":"product","2":"type-product","3":"status-publish","4":"has-post-thumbnail","6":"product_cat-bra-panty-set","7":"product_cat-sexy-lingerie","8":"product_cat-whoelsale-sheer-bra-and-panty-sets","9":"product_tag-5-piece-lingerie-set","10":"product_tag-wholesale-elegant-sexy-lingerie","11":"product_tag-mesh-lingerie","12":"product_tag-sexy-petite-lingerie","13":"product_tag-wholesale-strappy-sexy-lingerie","14":"pa_color-black","15":"pa_color-hot-pink-women-sexy-lingerie","16":"pa_color-red-women-sexy-lingerie","17":"pa_color-white","18":"pa_size-wholesale-large-size-women-sexy-lingerie","19":"pa_size-wholesale-medium-size-women-sexy-lingerie","20":"pa_size-wholesale-small-size-sexy-lingerie","22":"first","23":"instock","24":"taxable","25":"shipping-taxable","26":"purchasable","27":"product-type-variable"},"tiered_pricing_type":"fixed","tiered_pricing_fixed_rules":[],"tiered_pricing_product_settings":{"layout":"table","base_unit_name":{"singular":null,"plural":null},"default_variation":null},"tiered_pricing_minimum_quantity":null,"tiered_pricing_roles_data":{"default_wholesaler":{"product_id":42440,"role":"default_wholesaler","pricing_type":"flat","regular_price":null,"sale_price":null,"discount":null,"discount_type":"sale_price","tiered_pricing_type":"fixed","percentage_rules":[],"fixed_rules":{"2":"10.99","30":"9.39","500":"8.29"},"minimum":null},"dropshippinger":{"product_id":42440,"role":"dropshippinger","pricing_type":"flat","regular_price":null,"sale_price":null,"discount":null,"discount_type":"sale_price","tiered_pricing_type":"fixed","percentage_rules":[],"fixed_rules":{"1":"13.19","5":"10.99","30":"939--"},"minimum":null}},"tiered_pricing_percentage_rules":[],"tiered_pricing_maximum_quantity":null,"tiered_pricing_quantity_step":null,"_links":{"self":[{"href":"https:\/\/gretasexylingerie.com\/fr\/wp-json\/wp\/v2\/product\/42440","targetHints":{"allow":["GET"]}}],"collection":[{"href":"https:\/\/gretasexylingerie.com\/fr\/wp-json\/wp\/v2\/product"}],"about":[{"href":"https:\/\/gretasexylingerie.com\/fr\/wp-json\/wp\/v2\/types\/product"}],"wp:featuredmedia":[{"embeddable":true,"href":"https:\/\/gretasexylingerie.com\/fr\/wp-json\/wp\/v2\/media\/42460"}],"wp:attachment":[{"href":"https:\/\/gretasexylingerie.com\/fr\/wp-json\/wp\/v2\/media?parent=42440"}],"wp:term":[{"taxonomy":"product_brand","embeddable":true,"href":"https:\/\/gretasexylingerie.com\/fr\/wp-json\/wp\/v2\/product_brand?post=42440"},{"taxonomy":"product_cat","embeddable":true,"href":"https:\/\/gretasexylingerie.com\/fr\/wp-json\/wp\/v2\/product_cat?post=42440"},{"taxonomy":"product_tag","embeddable":true,"href":"https:\/\/gretasexylingerie.com\/fr\/wp-json\/wp\/v2\/product_tag?post=42440"}],"curies":[{"name":"wp","href":"https:\/\/api.w.org\/{rel}","templated":true}]}}