{"id":42423,"date":"2023-06-19T21:33:30","date_gmt":"2023-06-19T13:33:30","guid":{"rendered":"https:\/\/gretasexylingerie.com\/?post_type=product&#038;p=42423"},"modified":"2024-04-04T15:42:03","modified_gmt":"2024-04-04T07:42:03","slug":"body-en-maille-avec-ceinture-ajustable-et-details-de-chaine-en-metal","status":"publish","type":"product","link":"https:\/\/gretasexylingerie.com\/fr\/products\/mesh-bodysuit-with-adjustable-belt-and-metal-chain-details\/","title":{"rendered":"Body en maille avec ceinture ajustable et d\u00e9tails de cha\u00eene en m\u00e9tal"},"content":{"rendered":"<ol class=\"wp-block-list\">\n<li>Design audacieux : le body en maille avec des d\u00e9tails de cha\u00eene en m\u00e9tal offre une esth\u00e9tique audacieuse pour ceux qui recherchent une lingerie qui fait sensation.<\/li>\n\n\n\n<li>Caract\u00e9ristiques uniques : la ceinture r\u00e9glable \u00e0 trois couches et les bretelles en cha\u00eene m\u00e9tallique introduisent des \u00e9l\u00e9ments uniques \u00e0 l&#039;ensemble, assurant qu&#039;il se d\u00e9marque dans n&#039;importe quelle collection.<\/li>\n\n\n\n<li>Tendance : le design s&#039;harmonise avec les tendances de la lingerie contemporaine, ce qui en fait un favori parmi les amateurs de mode.<\/li>\n\n\n\n<li>Polyvalence : la conception du body permet un port polyvalent, ce qui le rend adapt\u00e9 \u00e0 diverses tenues et occasions.<\/li>\n\n\n\n<li>Confort et ajustement : malgr\u00e9 son design audacieux, le body assure un ajustement confortable, gr\u00e2ce \u00e0 ses mat\u00e9riaux de haute qualit\u00e9 et \u00e0 sa ceinture r\u00e9glable.<\/li>\n<\/ol>\n\n\n\n<p>En conclusion, le body en maille avec ceinture r\u00e9glable et d\u00e9tails de cha\u00eene en m\u00e9tal offre un m\u00e9lange \u00e9tonnant de design audacieux et de confort. Ses caract\u00e9ristiques uniques et son design tendance en font un ajout remarquable \u00e0 toute collection de lingerie, promettant un look audacieux et sophistiqu\u00e9.<\/p>\n\n\n\n<figure class=\"wp-block-table is-style-stripes\"><table class=\"has-fixed-layout\"><tbody><tr><td colspan=\"4\">Carte du site (CM)<\/td><\/tr><tr><td>Taille<\/td><td>Longueur<\/td><td>Buste sup\u00e9rieur<\/td><td>Bas du buste<\/td><\/tr><tr><td>S<\/td><td>55<\/td><td>64-88<\/td><td>60-88<\/td><\/tr><tr><td>M<\/td><td>56.5<\/td><td>68-92<\/td><td>64-92<\/td><\/tr><tr><td>L<\/td><td>58<\/td><td>72-96<\/td><td>68-96<\/td><\/tr><tr><td colspan=\"4\">Carte du site (POUCES)<\/td><\/tr><tr><td>Taille<\/td><td>Longueur<\/td><td>Buste sup\u00e9rieur<\/td><td>Bas du buste<\/td><\/tr><tr><td>S<\/td><td>21.65<\/td><td>25.20-34.65<\/td><td>23.62-34.65<\/td><\/tr><tr><td>M<\/td><td>22.24<\/td><td>26.77-36.22<\/td><td>25.20-36.22<\/td><\/tr><tr><td>L<\/td><td>22.83<\/td><td>28.35-37.80<\/td><td>26.77-37.80<\/td><\/tr><\/tbody><\/table><\/figure>","protected":false},"excerpt":{"rendered":"<p>Rehaussez votre look avec notre body en maille, dot\u00e9 d&#039;une ceinture r\u00e9glable \u00e0 trois couches et de d\u00e9tails de cha\u00eene en m\u00e9tal. Cet ensemble audacieux, rehauss\u00e9 d&#039;une ceinture et d&#039;un tour de cou orn\u00e9s d&#039;une cha\u00eene en m\u00e9tal, d\u00e9gage un style audacieux et une sophistication. Avec ses bretelles en cha\u00eene m\u00e9tallique, ce body est aussi audacieux qu&#039;\u00e9l\u00e9gant.<\/p>","protected":false},"featured_media":42433,"template":"","meta":[],"product_brand":[],"product_cat":[370,367,373],"product_tag":[448,518,524,446,864,863,447],"class_list":{"0":"post-42423","1":"product","2":"type-product","3":"status-publish","4":"has-post-thumbnail","6":"product_cat-bodysuit","7":"product_cat-sexy-lingerie","8":"product_cat-wholesale-sexy-mesh-bodysuit","9":"product_tag-wholesale-elegant-sexy-lingerie","10":"product_tag-mesh-lingerie","11":"product_tag-metal-lingerie","12":"product_tag-wholesale-sexy-see-through-lingerie","13":"product_tag-sexy-petite-lingerie","14":"product_tag-sexy-thong-lingerie","15":"product_tag-wholesale-strappy-sexy-lingerie","16":"pa_color-black","17":"pa_color-red-women-sexy-lingerie","18":"pa_size-wholesale-large-size-women-sexy-lingerie","19":"pa_size-wholesale-medium-size-women-sexy-lingerie","20":"pa_size-wholesale-small-size-sexy-lingerie","22":"first","23":"instock","24":"taxable","25":"shipping-taxable","26":"purchasable","27":"product-type-variable"},"tiered_pricing_type":"fixed","tiered_pricing_fixed_rules":[],"tiered_pricing_product_settings":{"layout":"table","base_unit_name":{"singular":null,"plural":null},"default_variation":null},"tiered_pricing_minimum_quantity":null,"tiered_pricing_roles_data":{"default_wholesaler":{"product_id":42423,"role":"default_wholesaler","pricing_type":"flat","regular_price":null,"sale_price":null,"discount":null,"discount_type":"sale_price","tiered_pricing_type":"fixed","percentage_rules":[],"fixed_rules":{"2":"10.19","30":"8.79","500":"7.69"},"minimum":null},"dropshippinger":{"product_id":42423,"role":"dropshippinger","pricing_type":"flat","regular_price":null,"sale_price":null,"discount":null,"discount_type":"sale_price","tiered_pricing_type":"fixed","percentage_rules":[],"fixed_rules":{"1":"12.19","5":"10.19","30":"8.79"},"minimum":null}},"tiered_pricing_percentage_rules":[],"tiered_pricing_maximum_quantity":null,"tiered_pricing_quantity_step":null,"_links":{"self":[{"href":"https:\/\/gretasexylingerie.com\/fr\/wp-json\/wp\/v2\/product\/42423","targetHints":{"allow":["GET"]}}],"collection":[{"href":"https:\/\/gretasexylingerie.com\/fr\/wp-json\/wp\/v2\/product"}],"about":[{"href":"https:\/\/gretasexylingerie.com\/fr\/wp-json\/wp\/v2\/types\/product"}],"wp:featuredmedia":[{"embeddable":true,"href":"https:\/\/gretasexylingerie.com\/fr\/wp-json\/wp\/v2\/media\/42433"}],"wp:attachment":[{"href":"https:\/\/gretasexylingerie.com\/fr\/wp-json\/wp\/v2\/media?parent=42423"}],"wp:term":[{"taxonomy":"product_brand","embeddable":true,"href":"https:\/\/gretasexylingerie.com\/fr\/wp-json\/wp\/v2\/product_brand?post=42423"},{"taxonomy":"product_cat","embeddable":true,"href":"https:\/\/gretasexylingerie.com\/fr\/wp-json\/wp\/v2\/product_cat?post=42423"},{"taxonomy":"product_tag","embeddable":true,"href":"https:\/\/gretasexylingerie.com\/fr\/wp-json\/wp\/v2\/product_tag?post=42423"}],"curies":[{"name":"wp","href":"https:\/\/api.w.org\/{rel}","templated":true}]}}