{"id":42263,"date":"2023-06-15T23:15:55","date_gmt":"2023-06-15T15:15:55","guid":{"rendered":"https:\/\/gretasexylingerie.com\/?post_type=product&#038;p=42263"},"modified":"2024-03-12T09:55:32","modified_gmt":"2024-03-12T01:55:32","slug":"ensemble-soutien-gorge-en-mesh-transparent-brode-de-fleurs-dorees","status":"publish","type":"product","link":"https:\/\/gretasexylingerie.com\/fr\/products\/gold-tone-floral-embroidered-sheer-mesh-bra-set\/","title":{"rendered":"Ensemble de soutien-gorge en maille transparente brod\u00e9e de fleurs dor\u00e9es"},"content":{"rendered":"<ol class=\"wp-block-list\">\n<li>Design \u00e9l\u00e9gant : la maille dor\u00e9e et la broderie florale offrent une esth\u00e9tique luxueuse, parfaite pour ceux qui recherchent une lingerie chic.<\/li>\n\n\n\n<li>Artisanat d\u00e9taill\u00e9 : la broderie florale complexe met en valeur l&#039;attention m\u00e9ticuleuse port\u00e9e aux d\u00e9tails dans la cr\u00e9ation de cet ensemble.<\/li>\n\n\n\n<li>Align\u00e9 sur les tendances : le design s&#039;harmonise avec les tendances de la mode contemporaine, ce qui en fait un succ\u00e8s aupr\u00e8s des personnes soucieuses de la mode.<\/li>\n\n\n\n<li>Attrait s\u00e9duisant : le design transparent am\u00e9liore la sensualit\u00e9 de l&#039;ensemble, ajoutant un \u00e9l\u00e9ment s\u00e9duisant.<\/li>\n\n\n\n<li>Confort et ajustement : malgr\u00e9 son design luxueux, l&#039;ensemble garantit un ajustement confortable, gr\u00e2ce \u00e0 ses mat\u00e9riaux de haute qualit\u00e9 et \u00e0 son design bien pens\u00e9.<\/li>\n<\/ol>\n\n\n\n<p>En conclusion, l&#039;ensemble de soutien-gorge en maille transparente brod\u00e9e de fleurs dor\u00e9es allie parfaitement \u00e9l\u00e9gance et confort. Son savoir-faire d\u00e9taill\u00e9, son design align\u00e9 sur les tendances et son attrait s\u00e9duisant en font un ajout remarquable \u00e0 toute collection de lingerie, promettant un look vraiment enchanteur.<\/p>\n\n\n\n<figure class=\"wp-block-table is-style-stripes\"><table class=\"has-fixed-layout\"><tbody><tr><td colspan=\"5\">Carte du site (CM)<\/td><\/tr><tr><td>Taille<\/td><td>Longueur<\/td><td>Buste sup\u00e9rieur<\/td><td>Bas du buste<\/td><td>Ligne de taille<\/td><\/tr><tr><td>S<\/td><td>21<\/td><td>68-88<\/td><td>65-88<\/td><td>68-96<\/td><\/tr><tr><td>M<\/td><td>22<\/td><td>72-92<\/td><td>69-92<\/td><td>72-100<\/td><\/tr><tr><td>L<\/td><td>23<\/td><td>79-96<\/td><td>73-96<\/td><td>76-104<\/td><\/tr><tr><td colspan=\"5\">Carte du site (POUCES)<\/td><\/tr><tr><td>Taille<\/td><td>Longueur<\/td><td>Buste sup\u00e9rieur<\/td><td>Bas du buste<\/td><td>Ligne de taille<\/td><\/tr><tr><td>S<\/td><td>8.27<\/td><td>26.77-34.65<\/td><td>25.59-34.65<\/td><td>26.77-37.80<\/td><\/tr><tr><td>M<\/td><td>8.66<\/td><td>28.35-36.22<\/td><td>27.17-36.22<\/td><td>28.35-39.37<\/td><\/tr><tr><td>L<\/td><td>9.06<\/td><td>31.10-37.80<\/td><td>28.74-37.80<\/td><td>29.92-40.94<\/td><\/tr><\/tbody><\/table><\/figure>","protected":false},"excerpt":{"rendered":"<p>Entrez dans le glamour avec notre ensemble de soutien-gorge en maille transparente brod\u00e9e de fleurs dor\u00e9es. Cet ensemble exquis, orn\u00e9 de broderies florales complexes, est la quintessence de l&#039;\u00e9l\u00e9gance. La maille dor\u00e9e et le design transparent cr\u00e9ent une esth\u00e9tique attrayante, ce qui en fait un ensemble de lingerie aussi captivant que sophistiqu\u00e9.<\/p>","protected":false},"featured_media":42273,"template":"","meta":[],"product_brand":[],"product_cat":[368,367,375],"product_tag":[448,454,870,518,973,446,864],"class_list":{"0":"post-42263","1":"product","2":"type-product","3":"status-publish","4":"has-post-thumbnail","6":"product_cat-bra-panty-set","7":"product_cat-sexy-lingerie","8":"product_cat-whoelsale-sheer-bra-and-panty-sets","9":"product_tag-wholesale-elegant-sexy-lingerie","10":"product_tag-wholesale-sexy-embroidered-lingerie","11":"product_tag-floral-lingerie","12":"product_tag-mesh-lingerie","13":"product_tag-oem","14":"product_tag-wholesale-sexy-see-through-lingerie","15":"product_tag-sexy-petite-lingerie","16":"pa_color-yellow","17":"pa_size-wholesale-large-size-women-sexy-lingerie","18":"pa_size-wholesale-medium-size-women-sexy-lingerie","19":"pa_size-wholesale-small-size-sexy-lingerie","21":"first","22":"outofstock","23":"taxable","24":"shipping-taxable","25":"purchasable","26":"product-type-variable"},"tiered_pricing_type":"fixed","tiered_pricing_fixed_rules":[],"tiered_pricing_product_settings":{"layout":"table","base_unit_name":{"singular":null,"plural":null},"default_variation":null},"tiered_pricing_minimum_quantity":null,"tiered_pricing_roles_data":{"default_wholesaler":{"product_id":42263,"role":"default_wholesaler","pricing_type":"flat","regular_price":null,"sale_price":null,"discount":null,"discount_type":"sale_price","tiered_pricing_type":"fixed","percentage_rules":[],"fixed_rules":{"2":"7.29","30":"6.29","500":"5.49"},"minimum":null},"dropshippinger":{"product_id":42263,"role":"dropshippinger","pricing_type":"flat","regular_price":null,"sale_price":null,"discount":null,"discount_type":"sale_price","tiered_pricing_type":"fixed","percentage_rules":[],"fixed_rules":{"1":"8.79","5":"7.29","30":"6.29"},"minimum":null}},"tiered_pricing_percentage_rules":[],"tiered_pricing_maximum_quantity":null,"tiered_pricing_quantity_step":null,"_links":{"self":[{"href":"https:\/\/gretasexylingerie.com\/fr\/wp-json\/wp\/v2\/product\/42263","targetHints":{"allow":["GET"]}}],"collection":[{"href":"https:\/\/gretasexylingerie.com\/fr\/wp-json\/wp\/v2\/product"}],"about":[{"href":"https:\/\/gretasexylingerie.com\/fr\/wp-json\/wp\/v2\/types\/product"}],"wp:featuredmedia":[{"embeddable":true,"href":"https:\/\/gretasexylingerie.com\/fr\/wp-json\/wp\/v2\/media\/42273"}],"wp:attachment":[{"href":"https:\/\/gretasexylingerie.com\/fr\/wp-json\/wp\/v2\/media?parent=42263"}],"wp:term":[{"taxonomy":"product_brand","embeddable":true,"href":"https:\/\/gretasexylingerie.com\/fr\/wp-json\/wp\/v2\/product_brand?post=42263"},{"taxonomy":"product_cat","embeddable":true,"href":"https:\/\/gretasexylingerie.com\/fr\/wp-json\/wp\/v2\/product_cat?post=42263"},{"taxonomy":"product_tag","embeddable":true,"href":"https:\/\/gretasexylingerie.com\/fr\/wp-json\/wp\/v2\/product_tag?post=42263"}],"curies":[{"name":"wp","href":"https:\/\/api.w.org\/{rel}","templated":true}]}}