{"id":42143,"date":"2023-06-14T23:09:05","date_gmt":"2023-06-14T15:09:05","guid":{"rendered":"https:\/\/gretasexylingerie.com\/?post_type=product&#038;p=42143"},"modified":"2024-04-04T12:39:28","modified_gmt":"2024-04-04T04:39:28","slug":"ensemble-soutien-gorge-sexy-en-dentelle-transparente-avec-jarretelles","status":"publish","type":"product","link":"https:\/\/gretasexylingerie.com\/fr\/products\/sexy-lacey-transparent-cutout-bra-set-with-garter\/","title":{"rendered":"Ensemble de soutien-gorge \u00e0 d\u00e9coupe transparente Lacey sexy avec jarreti\u00e8re"},"content":{"rendered":"<ol class=\"wp-block-list\">\n<li>Design sensuel : le design d\u00e9coup\u00e9 transparent en dentelle promet une esth\u00e9tique s\u00e9duisante, attrayante pour ceux qui recherchent une lingerie audacieuse.<\/li>\n\n\n\n<li>Artisanat d\u00e9taill\u00e9 : les d\u00e9tails des cils ajoutent un \u00e9l\u00e9ment de raffinement, mettant en valeur une attention m\u00e9ticuleuse aux d\u00e9tails.<\/li>\n\n\n\n<li>Ensemble unique : L&#039;ajout d&#039;une jarreti\u00e8re assortie apporte un aspect unique, enrichissant encore le design global.<\/li>\n\n\n\n<li>Avant-gardiste : Align\u00e9 sur les tendances de la lingerie moderne, l&#039;ensemble est sur le point d&#039;\u00eatre un favori parmi ceux qui suivent le rythme de la mode.<\/li>\n\n\n\n<li>Qualit\u00e9 et confort : malgr\u00e9 son design sexy, l&#039;ensemble garantit un confort gr\u00e2ce \u00e0 ses mat\u00e9riaux de haute qualit\u00e9 et son excellent ajustement.<\/li>\n<\/ol>\n\n\n\n<p>En conclusion, l&#039;ensemble de soutien-gorge Sexy Lacey Transparent Cutout avec jarreti\u00e8re allie design audacieux et confort. Son souci du d\u00e9tail, son ensemble unique et ses mat\u00e9riaux de qualit\u00e9 en font un ajout remarquable \u00e0 tout r\u00e9pertoire de lingerie.<\/p>\n\n\n\n<figure class=\"wp-block-table\"><table class=\"has-fixed-layout\"><tbody><tr><td colspan=\"5\">Carte du site (CM)<\/td><\/tr><tr><td>Taille<\/td><td>Longueur<\/td><td>Buste sup\u00e9rieur<\/td><td>Bas du buste<\/td><td>Ligne de taille<\/td><\/tr><tr><td>S<\/td><td>19<\/td><td>70-88<\/td><td>64-88<\/td><td>70-96<\/td><\/tr><tr><td>M<\/td><td>20<\/td><td>74-92<\/td><td>68-92<\/td><td>74-100<\/td><\/tr><tr><td>L<\/td><td>21<\/td><td>78-96<\/td><td>72-96<\/td><td>78-104<\/td><\/tr><tr><td colspan=\"5\">Carte du site (POUCES)<\/td><\/tr><tr><td>Taille<\/td><td>Longueur<\/td><td>Buste sup\u00e9rieur<\/td><td>Bas du buste<\/td><td>Ligne de taille<\/td><\/tr><tr><td>S<\/td><td>7.48<\/td><td>27.56-34.65<\/td><td>25.20-34.65<\/td><td>27.56-37.80<\/td><\/tr><tr><td>M<\/td><td>7.87<\/td><td>29.13-36.22<\/td><td>26.77-36.22<\/td><td>29.13-39.37<\/td><\/tr><tr><td>L<\/td><td>8.27<\/td><td>30.71-37.80<\/td><td>28.35-37.80<\/td><td>30.71-40.94<\/td><\/tr><\/tbody><\/table><\/figure>","protected":false},"excerpt":{"rendered":"<p>Rehaussez l&#039;allure avec notre ensemble de soutien-gorge \u00e0 d\u00e9coupe transparente Sexy Lacey avec jarreti\u00e8re. Rehauss\u00e9 de d\u00e9licats d\u00e9tails de cils, cet ensemble allie \u00e9l\u00e9gance et sensualit\u00e9. Les d\u00e9tails de transparence et de d\u00e9coupe ajoutent une touche s\u00e9duisante, aboutissant \u00e0 une pi\u00e8ce de lingerie captivante.<\/p>","protected":false},"featured_media":42154,"template":"","meta":[],"product_brand":[],"product_cat":[368,369,367],"product_tag":[868,448,522,870,875,865],"class_list":{"0":"post-42143","1":"product","2":"type-product","3":"status-publish","4":"has-post-thumbnail","6":"product_cat-bra-panty-set","7":"product_cat-wholesale-lace-bra-and-panty-sets","8":"product_cat-sexy-lingerie","9":"product_tag-4-piece-lingerie-set","10":"product_tag-wholesale-elegant-sexy-lingerie","11":"product_tag-eyelash-lingerie","12":"product_tag-floral-lingerie","13":"product_tag-lace-sexy-lingerie","14":"product_tag-sexy-skimpy-lingerie","15":"pa_color-black","16":"pa_size-wholesale-large-size-women-sexy-lingerie","17":"pa_size-wholesale-medium-size-women-sexy-lingerie","18":"pa_size-wholesale-small-size-sexy-lingerie","20":"first","21":"instock","22":"taxable","23":"shipping-taxable","24":"purchasable","25":"product-type-variable"},"tiered_pricing_type":"fixed","tiered_pricing_fixed_rules":[],"tiered_pricing_product_settings":{"layout":"table","base_unit_name":{"singular":null,"plural":null},"default_variation":null},"tiered_pricing_minimum_quantity":null,"tiered_pricing_roles_data":{"default_wholesaler":{"product_id":42143,"role":"default_wholesaler","pricing_type":"flat","regular_price":null,"sale_price":null,"discount":null,"discount_type":"sale_price","tiered_pricing_type":"fixed","percentage_rules":[],"fixed_rules":{"2":"10.49","30":"8.99","500":"7.89"},"minimum":null},"dropshippinger":{"product_id":42143,"role":"dropshippinger","pricing_type":"flat","regular_price":null,"sale_price":null,"discount":null,"discount_type":"sale_price","tiered_pricing_type":"fixed","percentage_rules":[],"fixed_rules":{"1":"12.49","5":"10.49","30":"8.99"},"minimum":null}},"tiered_pricing_percentage_rules":[],"tiered_pricing_maximum_quantity":null,"tiered_pricing_quantity_step":null,"_links":{"self":[{"href":"https:\/\/gretasexylingerie.com\/fr\/wp-json\/wp\/v2\/product\/42143","targetHints":{"allow":["GET"]}}],"collection":[{"href":"https:\/\/gretasexylingerie.com\/fr\/wp-json\/wp\/v2\/product"}],"about":[{"href":"https:\/\/gretasexylingerie.com\/fr\/wp-json\/wp\/v2\/types\/product"}],"wp:featuredmedia":[{"embeddable":true,"href":"https:\/\/gretasexylingerie.com\/fr\/wp-json\/wp\/v2\/media\/42154"}],"wp:attachment":[{"href":"https:\/\/gretasexylingerie.com\/fr\/wp-json\/wp\/v2\/media?parent=42143"}],"wp:term":[{"taxonomy":"product_brand","embeddable":true,"href":"https:\/\/gretasexylingerie.com\/fr\/wp-json\/wp\/v2\/product_brand?post=42143"},{"taxonomy":"product_cat","embeddable":true,"href":"https:\/\/gretasexylingerie.com\/fr\/wp-json\/wp\/v2\/product_cat?post=42143"},{"taxonomy":"product_tag","embeddable":true,"href":"https:\/\/gretasexylingerie.com\/fr\/wp-json\/wp\/v2\/product_tag?post=42143"}],"curies":[{"name":"wp","href":"https:\/\/api.w.org\/{rel}","templated":true}]}}