{"id":42106,"date":"2023-06-14T22:41:55","date_gmt":"2023-06-14T14:41:55","guid":{"rendered":"https:\/\/gretasexylingerie.com\/?post_type=product&#038;p=42106"},"modified":"2024-04-04T12:35:36","modified_gmt":"2024-04-04T04:35:36","slug":"ensemble-trois-pieces-en-maille-transparente-a-design-de-couleur-contrastante","status":"publish","type":"product","link":"https:\/\/gretasexylingerie.com\/fr\/products\/contrasting-color-design-transparent-mesh-three-piece-set\/","title":{"rendered":"Ensemble de trois pi\u00e8ces en maille transparente au design de couleurs contrast\u00e9es"},"content":{"rendered":"<ol class=\"wp-block-list\">\n<li>Design saisissant : avec des \u00e9l\u00e9ments de couleurs contrast\u00e9es et une maille transparente, cet ensemble promet une esth\u00e9tique saisissante.<\/li>\n\n\n\n<li>Ensemble unique : La configuration en trois pi\u00e8ces ajoute une dimension unique, offrant un look complet et coordonn\u00e9.<\/li>\n\n\n\n<li>Attention aux d\u00e9tails : l&#039;utilisation de couleurs contrast\u00e9es met en valeur une approche de conception r\u00e9fl\u00e9chie, amplifiant le charme de l&#039;ensemble.<\/li>\n\n\n\n<li>Tendance : le design s&#039;harmonise avec les tendances de la lingerie contemporaine, ce qui en fait un choix moderne.<\/li>\n\n\n\n<li>Confort et qualit\u00e9 : fabriqu\u00e9 avec des mat\u00e9riaux de haute qualit\u00e9, l&#039;ensemble assure un ajustement confortable et une qualit\u00e9 durable.<\/li>\n<\/ol>\n\n\n\n<p>En conclusion, l&#039;ensemble de trois pi\u00e8ces en maille transparente au design contrast\u00e9 est un m\u00e9lange unique de design saisissant et de confort. Avec ses couleurs contrast\u00e9es audacieuses et son savoir-faire de qualit\u00e9, il est sur le point d&#039;\u00eatre un ajout remarquable \u00e0 toute collection de lingerie.<\/p>\n\n\n\n<figure class=\"wp-block-table is-style-stripes\"><table class=\"has-fixed-layout\"><tbody><tr><td colspan=\"5\">Carte du site (CM)<\/td><\/tr><tr><td>Taille<\/td><td>Longueur<\/td><td>Buste sup\u00e9rieur<\/td><td>Bas du buste<\/td><td>Ligne de taille<\/td><\/tr><tr><td>S<\/td><td>12.5<\/td><td>64-88<\/td><td>62-88<\/td><td>66-96<\/td><\/tr><tr><td>M<\/td><td>13.5<\/td><td>68-92<\/td><td>66-92<\/td><td>70-100<\/td><\/tr><tr><td>L<\/td><td>14.5<\/td><td>72-96<\/td><td>70-96<\/td><td>74-104<\/td><\/tr><tr><td colspan=\"5\">Carte du site (POUCES)<\/td><\/tr><tr><td>Taille<\/td><td>Longueur<\/td><td>Buste sup\u00e9rieur<\/td><td>Bas du buste<\/td><td>Ligne de taille<\/td><\/tr><tr><td>S<\/td><td>4.92<\/td><td>25.20-34.65<\/td><td>24.41-34.65<\/td><td>25.98-37.80<\/td><\/tr><tr><td>M<\/td><td>5.31<\/td><td>26.77-36.22<\/td><td>25.98-36.22<\/td><td>27.56-39.37<\/td><\/tr><tr><td>L<\/td><td>5.71<\/td><td>28.35-37.80<\/td><td>27.56-37.80<\/td><td>29.13-40.94<\/td><\/tr><\/tbody><\/table><\/figure>","protected":false},"excerpt":{"rendered":"<p>D\u00e9couvrez le charme de notre ensemble de trois pi\u00e8ces en maille transparente aux couleurs contrast\u00e9es. Dot\u00e9 d&#039;un jeu de couleurs r\u00e9fl\u00e9chi, l&#039;ensemble d\u00e9gage une aura de sophistication chic. Sa transparence am\u00e9liore l&#039;attrait g\u00e9n\u00e9ral, cr\u00e9ant un ensemble accrocheur.<\/p>","protected":false},"featured_media":42124,"template":"","meta":[],"product_brand":[],"product_cat":[368,367,375],"product_tag":[868,452,518,451,446],"class_list":{"0":"post-42106","1":"product","2":"type-product","3":"status-publish","4":"has-post-thumbnail","6":"product_cat-bra-panty-set","7":"product_cat-sexy-lingerie","8":"product_cat-whoelsale-sheer-bra-and-panty-sets","9":"product_tag-4-piece-lingerie-set","10":"product_tag-wholesale-boudoir-lingerie","11":"product_tag-mesh-lingerie","12":"product_tag-wholesale-revealing-lingerie","13":"product_tag-wholesale-sexy-see-through-lingerie","14":"pa_color-deep-pink-women-sexy-lingerie","15":"pa_color-deep-pink-and-green","16":"pa_color-green","17":"pa_color-orange","18":"pa_size-wholesale-large-size-women-sexy-lingerie","19":"pa_size-wholesale-medium-size-women-sexy-lingerie","20":"pa_size-wholesale-small-size-sexy-lingerie","22":"first","23":"instock","24":"taxable","25":"shipping-taxable","26":"purchasable","27":"product-type-variable"},"tiered_pricing_type":"fixed","tiered_pricing_fixed_rules":[],"tiered_pricing_product_settings":{"layout":"table","base_unit_name":{"singular":null,"plural":null},"default_variation":null},"tiered_pricing_minimum_quantity":null,"tiered_pricing_roles_data":{"default_wholesaler":{"product_id":42106,"role":"default_wholesaler","pricing_type":"flat","regular_price":null,"sale_price":null,"discount":null,"discount_type":"sale_price","tiered_pricing_type":"fixed","percentage_rules":[],"fixed_rules":{"2":"9.19","30":"7.89","500":"6.89"},"minimum":null},"dropshippinger":{"product_id":42106,"role":"dropshippinger","pricing_type":"flat","regular_price":null,"sale_price":null,"discount":null,"discount_type":"sale_price","tiered_pricing_type":"fixed","percentage_rules":[],"fixed_rules":{"1":"10.99","5":"9.19","30":"7.89"},"minimum":null}},"tiered_pricing_percentage_rules":[],"tiered_pricing_maximum_quantity":null,"tiered_pricing_quantity_step":null,"_links":{"self":[{"href":"https:\/\/gretasexylingerie.com\/fr\/wp-json\/wp\/v2\/product\/42106","targetHints":{"allow":["GET"]}}],"collection":[{"href":"https:\/\/gretasexylingerie.com\/fr\/wp-json\/wp\/v2\/product"}],"about":[{"href":"https:\/\/gretasexylingerie.com\/fr\/wp-json\/wp\/v2\/types\/product"}],"wp:featuredmedia":[{"embeddable":true,"href":"https:\/\/gretasexylingerie.com\/fr\/wp-json\/wp\/v2\/media\/42124"}],"wp:attachment":[{"href":"https:\/\/gretasexylingerie.com\/fr\/wp-json\/wp\/v2\/media?parent=42106"}],"wp:term":[{"taxonomy":"product_brand","embeddable":true,"href":"https:\/\/gretasexylingerie.com\/fr\/wp-json\/wp\/v2\/product_brand?post=42106"},{"taxonomy":"product_cat","embeddable":true,"href":"https:\/\/gretasexylingerie.com\/fr\/wp-json\/wp\/v2\/product_cat?post=42106"},{"taxonomy":"product_tag","embeddable":true,"href":"https:\/\/gretasexylingerie.com\/fr\/wp-json\/wp\/v2\/product_tag?post=42106"}],"curies":[{"name":"wp","href":"https:\/\/api.w.org\/{rel}","templated":true}]}}