{"id":42023,"date":"2023-06-13T23:02:49","date_gmt":"2023-06-13T15:02:49","guid":{"rendered":"https:\/\/gretasexylingerie.com\/?post_type=product&#038;p=42023"},"modified":"2024-04-04T00:23:53","modified_gmt":"2024-04-03T16:23:53","slug":"ensemble-de-lingerie-en-dentelle-a-cils-violet-avec-porte-jarretelles","status":"publish","type":"product","link":"https:\/\/gretasexylingerie.com\/fr\/products\/purple-eyelash-lace-lingerie-set-with-garter\/","title":{"rendered":"Ensemble de lingerie en dentelle violette avec jarreti\u00e8re"},"content":{"rendered":"<ol class=\"wp-block-list\">\n<li>Design saisissant : cet ensemble de lingerie promet d&#039;\u00eatre un ajout remarquable combinant de la dentelle transparente avec une teinte violette vibrante.<\/li>\n\n\n\n<li>Excellence des d\u00e9tails : les d\u00e9tails en dentelle des cils assurent la sophistication, ajoutant plus de raffinement \u00e0 l&#039;ensemble.<\/li>\n\n\n\n<li>Ensemble unique : la jarreti\u00e8re qui l&#039;accompagne renforce le caract\u00e8re unique de l&#039;ensemble, attirant ceux qui recherchent des pi\u00e8ces de lingerie distinctives.<\/li>\n\n\n\n<li>Align\u00e9 sur les tendances : le design s&#039;aligne sur les tendances de la mode contemporaine, ce qui en fait un favori potentiel parmi les personnes \u00e0 la mode.<\/li>\n\n\n\n<li>Qualit\u00e9 et confort : des mat\u00e9riaux et un savoir-faire de haute qualit\u00e9 promettent un ajustement confortable, garantissant la satisfaction du porteur.<\/li>\n<\/ol>\n\n\n\n<p>En conclusion, l&#039;ensemble de lingerie Purple Eyelash Lace, avec son design d\u00e9taill\u00e9 et sa jarreti\u00e8re \u00e9l\u00e9gante, est un chef-d&#039;\u0153uvre qui \u00e9quilibre la tendance avec la qualit\u00e9 et le confort. Cet ensemble extraordinaire est pr\u00eat \u00e0 r\u00e9pondre aux besoins et \u00e0 d\u00e9passer les attentes de tout connaisseur de lingerie, offrant \u00e0 la fois un attrait visuel et la satisfaction du porteur.<\/p>\n\n\n\n<figure class=\"wp-block-table is-style-stripes\"><table class=\"has-fixed-layout\"><tbody><tr><td colspan=\"5\">Carte du site (CM)<\/td><\/tr><tr><td>Taille<\/td><td>Bousiller<\/td><td>Longueur<\/td><td>Bande de taille<\/td><td>Ligne de taille<\/td><\/tr><tr><td>S<\/td><td>70-88<\/td><td>13<\/td><td>62<\/td><td>65<\/td><\/tr><tr><td>M<\/td><td>74-92<\/td><td>13.5<\/td><td>66<\/td><td>69<\/td><\/tr><tr><td>L<\/td><td>78-96<\/td><td>14<\/td><td>70<\/td><td>73<\/td><\/tr><tr><td colspan=\"5\">Carte du site (POUCES)<\/td><\/tr><tr><td>Taille<\/td><td>Longueur<\/td><td>Buste sup\u00e9rieur<\/td><td>Bande de taille<\/td><td>Ligne de taille<\/td><\/tr><tr><td>S<\/td><td>27.56-34.65<\/td><td>5.12<\/td><td>24.41<\/td><td>25.59<\/td><\/tr><tr><td>M<\/td><td>29.13-36.22<\/td><td>5.31<\/td><td>25.98<\/td><td>27.17<\/td><\/tr><tr><td>L<\/td><td>30.71-37.80<\/td><td>5.51<\/td><td>27.56<\/td><td>28.74<\/td><\/tr><\/tbody><\/table><\/figure>","protected":false},"excerpt":{"rendered":"<p>D\u00e9couvrez le charme de notre ensemble de lingerie en dentelle violette, compl\u00e9t\u00e9 par une jarreti\u00e8re \u00e9l\u00e9gante. Fabriqu\u00e9 avec de la dentelle transparente complexe, l&#039;ensemble rayonne d&#039;\u00e9l\u00e9gance et d&#039;allure. La superbe couleur violette ajoute une touche distincte, cr\u00e9ant un ensemble luxueux.<\/p>\n<p><iframe title=\"Ensemble de lingerie en dentelle violette avec jarreti\u00e8re\" src=\"https:\/\/www.youtube.com\/embed\/HB6cl3kIb9E\" width=\"840\" height=\"630\" frameborder=\"0\" allowfullscreen=\"allowfullscreen\"><\/iframe><\/p>","protected":false},"featured_media":42033,"template":"","meta":[],"product_brand":[],"product_cat":[368,369,367],"product_tag":[507,452,448,516,446],"class_list":{"0":"post-42023","1":"product","2":"type-product","3":"status-publish","4":"has-post-thumbnail","6":"product_cat-bra-panty-set","7":"product_cat-wholesale-lace-bra-and-panty-sets","8":"product_cat-sexy-lingerie","9":"product_tag-three-pcs-set","10":"product_tag-wholesale-boudoir-lingerie","11":"product_tag-wholesale-elegant-sexy-lingerie","12":"product_tag-lace-lingerie","13":"product_tag-wholesale-sexy-see-through-lingerie","14":"pa_color-purple-women-sexy-lingerie","15":"pa_size-wholesale-large-size-women-sexy-lingerie","16":"pa_size-wholesale-medium-size-women-sexy-lingerie","17":"pa_size-wholesale-small-size-sexy-lingerie","19":"first","20":"instock","21":"taxable","22":"shipping-taxable","23":"purchasable","24":"product-type-variable"},"tiered_pricing_type":"fixed","tiered_pricing_fixed_rules":[],"tiered_pricing_product_settings":{"layout":"table","base_unit_name":{"singular":null,"plural":null},"default_variation":{}},"tiered_pricing_minimum_quantity":null,"tiered_pricing_roles_data":{"default_wholesaler":{"product_id":42023,"role":"default_wholesaler","pricing_type":"flat","regular_price":null,"sale_price":null,"discount":null,"discount_type":"sale_price","tiered_pricing_type":"fixed","percentage_rules":[],"fixed_rules":{"2":"7.59","30":"6.49","500":"5.69"},"minimum":null},"dropshippinger":{"product_id":42023,"role":"dropshippinger","pricing_type":"flat","regular_price":null,"sale_price":null,"discount":null,"discount_type":"sale_price","tiered_pricing_type":"fixed","percentage_rules":[],"fixed_rules":{"1":"9.09","5":"7.59","30":"6.49"},"minimum":null}},"tiered_pricing_percentage_rules":[],"tiered_pricing_maximum_quantity":null,"tiered_pricing_quantity_step":null,"_links":{"self":[{"href":"https:\/\/gretasexylingerie.com\/fr\/wp-json\/wp\/v2\/product\/42023","targetHints":{"allow":["GET"]}}],"collection":[{"href":"https:\/\/gretasexylingerie.com\/fr\/wp-json\/wp\/v2\/product"}],"about":[{"href":"https:\/\/gretasexylingerie.com\/fr\/wp-json\/wp\/v2\/types\/product"}],"wp:featuredmedia":[{"embeddable":true,"href":"https:\/\/gretasexylingerie.com\/fr\/wp-json\/wp\/v2\/media\/42033"}],"wp:attachment":[{"href":"https:\/\/gretasexylingerie.com\/fr\/wp-json\/wp\/v2\/media?parent=42023"}],"wp:term":[{"taxonomy":"product_brand","embeddable":true,"href":"https:\/\/gretasexylingerie.com\/fr\/wp-json\/wp\/v2\/product_brand?post=42023"},{"taxonomy":"product_cat","embeddable":true,"href":"https:\/\/gretasexylingerie.com\/fr\/wp-json\/wp\/v2\/product_cat?post=42023"},{"taxonomy":"product_tag","embeddable":true,"href":"https:\/\/gretasexylingerie.com\/fr\/wp-json\/wp\/v2\/product_tag?post=42023"}],"curies":[{"name":"wp","href":"https:\/\/api.w.org\/{rel}","templated":true}]}}